{"id":4828,"date":"2025-09-17T11:05:46","date_gmt":"2025-09-17T09:05:46","guid":{"rendered":"https:\/\/boreait.com\/hu\/?post_type=product&#038;p=4828"},"modified":"2025-09-17T11:06:41","modified_gmt":"2025-09-17T09:06:41","slug":"macbookpro133-late-2016-15-core-i7-27ghz-16gb-alaplap-eredeti-cserealkatresz","status":"publish","type":"product","link":"https:\/\/boreait.com\/hu\/termek\/macbookpro133-late-2016-15-core-i7-27ghz-16gb-alaplap-eredeti-cserealkatresz\/","title":{"rendered":"MACBOOKPRO13,3 Late 2016 15&#8243; Core i7 2,7GHz 16GB alaplap &#8211; Eredeti cserealkatr\u00e9sz!"},"content":{"rendered":"<p>Ez a MACBOOKPRO13,3 15 h\u00fcvelykes, 2016 v\u00e9gi 2,7 GHz-es Core i7 (I7-6820HQ) 16 GB-os alaplap eredeti, kiv\u00e1l\u00f3 min\u0151s\u00e9g\u0171 cserealkatr\u00e9sz a MacBook Pro-hoz. Az Apple szabv\u00e1nyai szerint tervezett alaplap robusztus Core i7 2,7 GHz-es teljes\u00edtm\u00e9nyt \u00e9s 16 GB-os RAM n\u00e9lk\u00fcli processzort biztos\u00edt. megb\u00edzhat\u00f3s\u00e1g.<\/p>\n<p>F\u0151bb jellemz\u0151k:<\/p>\n<ul>\n<li>Kompatibilis modell: MACBOOKPRO13,3 15&#8243; 2016 v\u00e9ge<\/li>\n<li>Processzor: Core i7 2,7 GHz (I7-6820HQ)<\/li>\n<li>Mem\u00f3ria: 16 GB RAM<\/li>\n<li>Eredeti Apple alkatr\u00e9sz<\/li>\n<li>El\u0151re telep\u00edtett iOS!<\/li>\n<li>Teljesen tesztelve!<\/li>\n<\/ul>\n<p>Ide\u00e1lis a hib\u00e1s alaplap cser\u00e9j\u00e9hez vagy a megl\u00e9v\u0151 be\u00e1ll\u00edt\u00e1sok friss\u00edt\u00e9s\u00e9hez, ez a r\u00e9sz t\u00f6k\u00e9letesen illeszkedik a MacBook Pro-hoz, ugyanazt a min\u0151s\u00e9get \u00e9s teljes\u00edtm\u00e9nyt k\u00edn\u00e1lja, mint az eredeti.<\/p>\n<p>K\u00e9rj\u00fck, vegye figyelembe, hogy ezen a list\u00e1n az eredeti MACBOOKPRO13,3 15&#8243;-es, 2016 v\u00e9gi 2,7 GHz-es Core i7 16 GB-os alaplap val\u00f3s f\u00e9nyk\u00e9pei jelennek meg. Telep\u00edt\u00e9si utas\u00edt\u00e1sokat nem adunk, \u00e9s ha tov\u00e1bbi seg\u00edts\u00e9gre van sz\u00fcks\u00e9ge, vagy k\u00e9rd\u00e9se van, forduljon bizalommal. \u00c1ll\u00edtsa vissza MacBook Pro eredeti Apple cserealkatr\u00e9szeit.<\/p>\n","protected":false},"excerpt":{"rendered":"<p>Eredeti cserealaplap a MACBOOKPRO13,3 15&#8243;-os 2016 v\u00e9gi modellhez. Er\u0151teljes Core i7 2,7 GHz-es processzorral \u00e9s 16 GB RAM-mal, ez az autentikus Apple alkatr\u00e9sz optim\u00e1lis teljes\u00edtm\u00e9nyt \u00e9s kompatibilit\u00e1st biztos\u00edt. \u00c1ll\u00edtsa vissza vagy friss\u00edtse MacBook Pro-j\u00e1t ezzel a megb\u00edzhat\u00f3 \u00e9s kiv\u00e1l\u00f3 min\u0151s\u00e9g\u0171 alaplappal.<\/p>\n","protected":false},"featured_media":4879,"template":"","meta":[],"product_brand":[],"product_cat":[27],"product_tag":[63],"class_list":{"0":"post-4828","1":"product","2":"type-product","3":"status-publish","4":"has-post-thumbnail","6":"product_cat-motherboards-board-parts","7":"product_tag-apple","9":"first","10":"instock","11":"taxable","12":"shipping-taxable","13":"purchasable","14":"product-type-simple"},"_links":{"self":[{"href":"https:\/\/boreait.com\/hu\/wp-json\/wp\/v2\/product\/4828","targetHints":{"allow":["GET"]}}],"collection":[{"href":"https:\/\/boreait.com\/hu\/wp-json\/wp\/v2\/product"}],"about":[{"href":"https:\/\/boreait.com\/hu\/wp-json\/wp\/v2\/types\/product"}],"wp:featuredmedia":[{"embeddable":true,"href":"https:\/\/boreait.com\/hu\/wp-json\/wp\/v2\/media\/4879"}],"wp:attachment":[{"href":"https:\/\/boreait.com\/hu\/wp-json\/wp\/v2\/media?parent=4828"}],"wp:term":[{"taxonomy":"product_brand","embeddable":true,"href":"https:\/\/boreait.com\/hu\/wp-json\/wp\/v2\/product_brand?post=4828"},{"taxonomy":"product_cat","embeddable":true,"href":"https:\/\/boreait.com\/hu\/wp-json\/wp\/v2\/product_cat?post=4828"},{"taxonomy":"product_tag","embeddable":true,"href":"https:\/\/boreait.com\/hu\/wp-json\/wp\/v2\/product_tag?post=4828"}],"curies":[{"name":"wp","href":"https:\/\/api.w.org\/{rel}","templated":true}]}}