{"id":4825,"date":"2025-09-17T11:05:45","date_gmt":"2025-09-17T09:05:45","guid":{"rendered":"https:\/\/boreait.com\/hu\/?post_type=product&#038;p=4825"},"modified":"2025-09-17T11:06:31","modified_gmt":"2025-09-17T09:06:31","slug":"macbook-pro-a1706-csuklotamasz-billentyuzet-osszeallitas-eredeti-akkumulator-erintopad-hangszorok-mellekelve","status":"publish","type":"product","link":"https:\/\/boreait.com\/hu\/termek\/macbook-pro-a1706-csuklotamasz-billentyuzet-osszeallitas-eredeti-akkumulator-erintopad-hangszorok-mellekelve\/","title":{"rendered":"MacBook Pro A1706 csukl\u00f3t\u00e1masz &amp; Billenty\u0171zet \u00f6ssze\u00e1ll\u00edt\u00e1s &#8211; Eredeti akkumul\u00e1tor, \u00e9rint\u0151pad, hangsz\u00f3r\u00f3k mell\u00e9kelve!"},"content":{"rendered":"<p>Revitaliz\u00e1lja MacBook Pro &#8222;Core i5&#8243; 3.1 13&#8221; Mid-2017 A1706-j\u00e1t az eredeti csukl\u00f3t\u00e1masz \u00e9s billenty\u0171zet szerelv\u00e9nnyel, amely eredeti akkumul\u00e1tort, \u00e9rint\u0151padot \u00e9s hangsz\u00f3r\u00f3kat tartalmaz. Ez az eredeti alkatr\u00e9sz arra szolg\u00e1l, hogy vissza\u00e1ll\u00edtsa MacBook Pro eszt\u00e9tikai \u00e9s funkcionalit\u00e1s\u00e1t a gy\u00e1ri \u00e1llapot\u00e1ba.<\/p>\n<p>Jellemz\u0151k:<\/p>\n<ul>\n<li>Kompatibilis MacBook Pro &#8222;Core i5&#8243; 3.1 13&#8221; Mid-2017 A1706 (Modell: MacBookPro14,2)<\/li>\n<li>Teljes csukl\u00f3t\u00e1masz &amp; billenty\u0171zet \u00f6ssze\u00e1ll\u00edt\u00e1s<\/li>\n<li>Az eredeti \u00e9rint\u0151padot, hangsz\u00f3r\u00f3kat \u00e9s akkumul\u00e1tort tartalmazza (az akkumul\u00e1tor m\u0171k\u00f6dik, de enn\u00e9l t\u00f6bbet nem teszteltek).<\/li>\n<li>Skandin\u00e1v elrendez\u00e9s.<\/li>\n<\/ul>\n<p>Ak\u00e1r a s\u00e9r\u00fclt alkatr\u00e9szeket szeretn\u00e9 kicser\u00e9lni, ak\u00e1r egyszer\u0171en csak arra t\u00f6rekszik, hogy vissza\u00e1ll\u00edtsa a MacBook Pro eredeti \u00e1llapot\u00e1t, ez az \u00f6ssze\u00e1ll\u00edt\u00e1s probl\u00e9mamentes megold\u00e1st biztos\u00edt.<\/p>\n<p>K\u00e9rj\u00fck, vegye figyelembe, hogy a val\u00f3s term\u00e9kk\u00e9pek a pontos \u00f6sszetev\u0151ket jelen\u00edtik meg. Telep\u00edt\u00e9si \u00fatmutat\u00f3 nincs megadva, de ha tov\u00e1bbi seg\u00edts\u00e9gre van sz\u00fcks\u00e9ge, vagy k\u00e9rd\u00e9se van, forduljon hozz\u00e1nk bizalommal. Adjon \u00faj \u00e9letet MacBook Pro-j\u00e1nak ezzel az \u00e1tfog\u00f3, eredeti \u00f6ssze\u00e1ll\u00edt\u00e1ssal.<\/p>\n","protected":false},"excerpt":{"rendered":"<p>Fejlessze MacBook Pro &#8222;Core i5&#8243; 3.1 13&#8221; Mid-2017 A1706-j\u00e1t ezzel a komplett csukl\u00f3t\u00e1masz- \u00e9s billenty\u0171zetegys\u00e9ggel. Ez az eredeti alkatr\u00e9sz \u00e9rint\u0151padot, hangsz\u00f3r\u00f3kat \u00e9s eredeti akkumul\u00e1tort tartalmaz. Ezzel az \u00e1tfog\u00f3 cserealkatr\u00e9szrel \u00e1ll\u00edtsa vissza MacBook Pro-j\u00e1t eredeti f\u00e9ny\u00e9be.<\/p>\n","protected":false},"featured_media":4864,"template":"","meta":[],"product_brand":[],"product_cat":[16],"product_tag":[63],"class_list":{"0":"post-4825","1":"product","2":"type-product","3":"status-publish","4":"has-post-thumbnail","6":"product_cat-laptop-housing","7":"product_tag-apple","9":"first","10":"instock","11":"taxable","12":"shipping-taxable","13":"purchasable","14":"product-type-simple"},"_links":{"self":[{"href":"https:\/\/boreait.com\/hu\/wp-json\/wp\/v2\/product\/4825","targetHints":{"allow":["GET"]}}],"collection":[{"href":"https:\/\/boreait.com\/hu\/wp-json\/wp\/v2\/product"}],"about":[{"href":"https:\/\/boreait.com\/hu\/wp-json\/wp\/v2\/types\/product"}],"wp:featuredmedia":[{"embeddable":true,"href":"https:\/\/boreait.com\/hu\/wp-json\/wp\/v2\/media\/4864"}],"wp:attachment":[{"href":"https:\/\/boreait.com\/hu\/wp-json\/wp\/v2\/media?parent=4825"}],"wp:term":[{"taxonomy":"product_brand","embeddable":true,"href":"https:\/\/boreait.com\/hu\/wp-json\/wp\/v2\/product_brand?post=4825"},{"taxonomy":"product_cat","embeddable":true,"href":"https:\/\/boreait.com\/hu\/wp-json\/wp\/v2\/product_cat?post=4825"},{"taxonomy":"product_tag","embeddable":true,"href":"https:\/\/boreait.com\/hu\/wp-json\/wp\/v2\/product_tag?post=4825"}],"curies":[{"name":"wp","href":"https:\/\/api.w.org\/{rel}","templated":true}]}}