{"id":4812,"date":"2025-09-17T11:05:22","date_gmt":"2025-09-17T09:05:22","guid":{"rendered":"https:\/\/boreait.com\/hu\/?post_type=product&#038;p=4812"},"modified":"2025-09-17T11:06:20","modified_gmt":"2025-09-17T09:06:20","slug":"bulk-samsung-2-x-m378b5773ch0-ck0-2gb-memoria-ram-ddr3-1600mhz-pc3-12800u-11-10-a0","status":"publish","type":"product","link":"https:\/\/boreait.com\/hu\/termek\/bulk-samsung-2-x-m378b5773ch0-ck0-2gb-memoria-ram-ddr3-1600mhz-pc3-12800u-11-10-a0\/","title":{"rendered":"BULK Samsung 2 x M378B5773CH0-CK0 2GB mem\u00f3ria RAM DDR3-1600MHz PC3-12800U-11-10-A0"},"content":{"rendered":"<p>A Samsung M378B5773CH0-CK0 2 GB mem\u00f3ria RAM seg\u00edts\u00e9g\u00e9vel azonnal megn\u00f6velheti sz\u00e1m\u00edt\u00f3g\u00e9pe sebess\u00e9g\u00e9t \u00e9s t\u00f6bbfeladatos k\u00e9pess\u00e9geit. Ez a DDR3-1600MHz PC3-12800U-11-10-A0 modul kiv\u00e1l\u00f3 min\u0151s\u00e9g\u0171 friss\u00edt\u00e9s a rendszer mem\u00f3ri\u00e1j\u00e1hoz.<\/p>\n<p>F\u0151bb jellemz\u0151k:<\/p>\n<ul>\n<li>Mem\u00f3riakapacit\u00e1s: 2 GB<\/li>\n<li>T\u00edpus: DDR3<\/li>\n<li>Sebess\u00e9g: 1600 MHz<\/li>\n<li>Alkatr\u00e9szsz\u00e1m: M378B5773CH0-CK0<\/li>\n<\/ul>\n<p>N\u00f6velje sz\u00e1m\u00edt\u00f3g\u00e9pe \u00e1ltal\u00e1nos teljes\u00edtm\u00e9ny\u00e9t a mem\u00f3riakapacit\u00e1s b\u0151v\u00edt\u00e9s\u00e9vel. Ezt a Samsung RAM modult kifejezetten a megb\u00edzhat\u00f3s\u00e1gra \u00e9s a gyorsas\u00e1gra tervezt\u00e9k, sim\u00e1bb \u00e9s gyorsabb m\u0171k\u00f6d\u00e9st biztos\u00edtva. Ak\u00e1r t\u00f6bb feladaton dolgozik, ak\u00e1r mem\u00f3riaig\u00e9nyes alkalmaz\u00e1sokat futtat, ez a RAM-b\u0151v\u00edt\u00e9s seg\u00edteni fog a sz\u00e1m\u00edt\u00f3g\u00e9p\u00e9nek, hogy ezt k\u00f6nnyed\u00e9n kezelje.<\/p>\n<p>K\u00e9rj\u00fck, vegye figyelembe, hogy a lista val\u00f3s f\u00e9nyk\u00e9peket tartalmaz a Samsung M378B5773CH0-CK0 2 GB mem\u00f3ria RAM DDR3-1600MHz PC3-12800U-11-10-A0 modulr\u00f3l. Nincsenek telep\u00edt\u00e9si utas\u00edt\u00e1sok. Ha k\u00e9rd\u00e9se van, vagy tov\u00e1bbi inform\u00e1ci\u00f3ra van sz\u00fcks\u00e9ge, k\u00e9rj\u00fck, ne habozzon kapcsolatba l\u00e9pni vel\u00fcnk. N\u00f6velje sz\u00e1m\u00edt\u00f3g\u00e9pe teljes\u00edtm\u00e9ny\u00e9t m\u00e9g ma ezzel a megb\u00edzhat\u00f3 Samsung RAM modullal.<\/p>\n","protected":false},"excerpt":{"rendered":"<p>N\u00f6velje sz\u00e1m\u00edt\u00f3g\u00e9pe teljes\u00edtm\u00e9ny\u00e9t a Samsung M378B5773CH0-CK0 2 GB RAM mem\u00f3ria seg\u00edts\u00e9g\u00e9vel. Ezt a DDR3-1600MHz PC3-12800U-11-10-A0 RAM modult a megb\u00edzhat\u00f3s\u00e1gra \u00e9s a sebess\u00e9gre tervezt\u00e9k, z\u00f6kken\u0151mentes t\u00f6bbfeladatos munkav\u00e9gz\u00e9st \u00e9s sim\u00e1bb alkalmaz\u00e1steljes\u00edtm\u00e9nyt k\u00edn\u00e1l. B\u0151v\u00edtse rendszere mem\u00f3ri\u00e1j\u00e1t, hogy hat\u00e9konyabban kezelje a feladatokat ezzel a min\u0151s\u00e9gi Samsung RAM-mal.<\/p>\n","protected":false},"featured_media":4858,"template":"","meta":[],"product_brand":[],"product_cat":[37,36],"product_tag":[],"class_list":{"0":"post-4812","1":"product","2":"type-product","3":"status-publish","4":"has-post-thumbnail","6":"product_cat-ddr3-ddr3l","7":"product_cat-ram-memory","9":"first","10":"instock","11":"taxable","12":"shipping-taxable","13":"purchasable","14":"product-type-simple"},"_links":{"self":[{"href":"https:\/\/boreait.com\/hu\/wp-json\/wp\/v2\/product\/4812","targetHints":{"allow":["GET"]}}],"collection":[{"href":"https:\/\/boreait.com\/hu\/wp-json\/wp\/v2\/product"}],"about":[{"href":"https:\/\/boreait.com\/hu\/wp-json\/wp\/v2\/types\/product"}],"wp:featuredmedia":[{"embeddable":true,"href":"https:\/\/boreait.com\/hu\/wp-json\/wp\/v2\/media\/4858"}],"wp:attachment":[{"href":"https:\/\/boreait.com\/hu\/wp-json\/wp\/v2\/media?parent=4812"}],"wp:term":[{"taxonomy":"product_brand","embeddable":true,"href":"https:\/\/boreait.com\/hu\/wp-json\/wp\/v2\/product_brand?post=4812"},{"taxonomy":"product_cat","embeddable":true,"href":"https:\/\/boreait.com\/hu\/wp-json\/wp\/v2\/product_cat?post=4812"},{"taxonomy":"product_tag","embeddable":true,"href":"https:\/\/boreait.com\/hu\/wp-json\/wp\/v2\/product_tag?post=4812"}],"curies":[{"name":"wp","href":"https:\/\/api.w.org\/{rel}","templated":true}]}}