{"id":4811,"date":"2025-09-17T11:05:22","date_gmt":"2025-09-17T09:05:22","guid":{"rendered":"https:\/\/boreait.com\/hu\/?post_type=product&#038;p=4811"},"modified":"2026-01-18T13:55:32","modified_gmt":"2026-01-18T12:55:32","slug":"skhynix-4gb-1rx8-pc3l-12800s-laptop-ram-memoria-hmt451s6afr8a-pb-nagy-teljesitmenyu-frissites","status":"publish","type":"product","link":"https:\/\/boreait.com\/hu\/termek\/skhynix-4gb-1rx8-pc3l-12800s-laptop-ram-memoria-hmt451s6afr8a-pb-nagy-teljesitmenyu-frissites\/","title":{"rendered":"SKhynix 4GB 1Rx8 PC3L-12800S Laptop RAM mem\u00f3ria HMT451S6AFR8A-PB &#8211; Nagy teljes\u00edtm\u00e9ny\u0171 friss\u00edt\u00e9s!"},"content":{"rendered":"<p>B\u0151v\u00edtse laptopja mem\u00f3ri\u00e1j\u00e1t az SKhynix 4 GB 1Rx8 PC3L-12800S laptop RAM mem\u00f3ri\u00e1j\u00e1val (HMT451S6AFR8A-PB). Ezt a megb\u00edzhat\u00f3 \u00e9s hat\u00e9kony RAM-modult \u00fagy tervezt\u00e9k, hogy n\u00f6velje laptopja teljes\u00edtm\u00e9ny\u00e9t.<\/p>\n<p>F\u0151bb jellemz\u0151k:<\/p>\n<ul>\n<li>Mem\u00f3ria m\u00e9rete: 4 GB<\/li>\n<li>T\u00edpus: PC3L-12800S<\/li>\n<li>Modell: HMT451S6AFR8A-PB<\/li>\n<li>Forma t\u00e9nyez\u0151: 204 t\u0171s SODIMM<\/li>\n<\/ul>\n<p>A z\u00f6kken\u0151mentes kompatibilit\u00e1sra \u00e9s teljes\u00edtm\u00e9nyre tervezett SKhynix RAM modul 4 GB kapacit\u00e1ssal b\u00fcszk\u00e9lkedhet, ami \u00e9szrevehet\u0151 fejl\u0151d\u00e9st biztos\u00edt laptopja t\u00f6bbfeladatos k\u00e9pess\u00e9g\u00e9ben \u00e9s \u00e1ltal\u00e1nos sebess\u00e9g\u00e9ben. Ide\u00e1lis k\u00fcl\u00f6nf\u00e9le alkalmaz\u00e1sokhoz, a mindennapi haszn\u00e1latt\u00f3l az ig\u00e9nyesebb feladatokig, ez a mem\u00f3riab\u0151v\u00edt\u00e9s k\u00f6lts\u00e9ghat\u00e9kony m\u00f3dja a laptop teljes\u00edtm\u00e9ny\u00e9nek n\u00f6vel\u00e9s\u00e9nek.<\/p>\n<p>Ez a lista val\u00f3di f\u00e9nyk\u00e9peket tartalmaz az SKhynix 4 GB 1Rx8 PC3L-12800S laptop RAM mem\u00f3ri\u00e1j\u00e1r\u00f3l (HMT451S6AFR8A-PB). K\u00e9rj\u00fck, vegye figyelembe, hogy nem tartalmaz telep\u00edt\u00e9si utas\u00edt\u00e1st. Forduljon hozz\u00e1nk bizalommal, ha tov\u00e1bbi inform\u00e1ci\u00f3ra vagy seg\u00edts\u00e9gre van sz\u00fcks\u00e9ge. Ezzel az SKhynix RAM-b\u0151v\u00edt\u00e9ssel k\u00f6nnyed\u00e9n n\u00f6velheti laptopja teljes\u00edtm\u00e9ny\u00e9t.<\/p>\n","protected":false},"excerpt":{"rendered":"<p>N\u00f6velje laptopja teljes\u00edtm\u00e9ny\u00e9t az SKhynix 4 GB 1Rx8 PC3L-12800S laptop RAM mem\u00f3ri\u00e1j\u00e1val (HMT451S6AFR8A-PB). Ezt a min\u0151s\u00e9gi RAM modult a nagy sebess\u00e9g\u0171 teljes\u00edtm\u00e9ny n\u00f6vel\u00e9s\u00e9re tervezt\u00e9k. 4 GB kapacit\u00e1s\u00e1val \u00e9s PC3L-12800S specifik\u00e1ci\u00f3ival megb\u00edzhat\u00f3 v\u00e1laszt\u00e1s laptopja mem\u00f3ri\u00e1j\u00e1nak b\u0151v\u00edt\u00e9s\u00e9hez. Jav\u00edtsa a t\u00f6bbfeladatos munkav\u00e9gz\u00e9st, a sebess\u00e9get \u00e9s az \u00e1ltal\u00e1nos v\u00e1laszk\u00e9szs\u00e9get. Er\u0151ltet\u00e9s n\u00e9lk\u00fcl n\u00f6velheti laptopja k\u00e9pess\u00e9geit.<\/p>\n","protected":false},"featured_media":4857,"template":"","meta":[],"product_brand":[],"product_cat":[37,36],"product_tag":[],"class_list":{"0":"post-4811","1":"product","2":"type-product","3":"status-publish","4":"has-post-thumbnail","6":"product_cat-ddr3-ddr3l","7":"product_cat-ram-memory","9":"first","10":"instock","11":"taxable","12":"shipping-taxable","13":"purchasable","14":"product-type-simple"},"_links":{"self":[{"href":"https:\/\/boreait.com\/hu\/wp-json\/wp\/v2\/product\/4811","targetHints":{"allow":["GET"]}}],"collection":[{"href":"https:\/\/boreait.com\/hu\/wp-json\/wp\/v2\/product"}],"about":[{"href":"https:\/\/boreait.com\/hu\/wp-json\/wp\/v2\/types\/product"}],"wp:featuredmedia":[{"embeddable":true,"href":"https:\/\/boreait.com\/hu\/wp-json\/wp\/v2\/media\/4857"}],"wp:attachment":[{"href":"https:\/\/boreait.com\/hu\/wp-json\/wp\/v2\/media?parent=4811"}],"wp:term":[{"taxonomy":"product_brand","embeddable":true,"href":"https:\/\/boreait.com\/hu\/wp-json\/wp\/v2\/product_brand?post=4811"},{"taxonomy":"product_cat","embeddable":true,"href":"https:\/\/boreait.com\/hu\/wp-json\/wp\/v2\/product_cat?post=4811"},{"taxonomy":"product_tag","embeddable":true,"href":"https:\/\/boreait.com\/hu\/wp-json\/wp\/v2\/product_tag?post=4811"}],"curies":[{"name":"wp","href":"https:\/\/api.w.org\/{rel}","templated":true}]}}