{"id":4796,"date":"2025-09-17T11:04:57","date_gmt":"2025-09-17T09:04:57","guid":{"rendered":"https:\/\/boreait.com\/hu\/?post_type=product&#038;p=4796"},"modified":"2026-01-18T13:55:14","modified_gmt":"2026-01-18T12:55:14","slug":"2018-2019-apple-macbook-pro-13-fejhallgato-audiocsatlakozo-kabel-821-01662-a-a1989","status":"publish","type":"product","link":"https:\/\/boreait.com\/hu\/termek\/2018-2019-apple-macbook-pro-13-fejhallgato-audiocsatlakozo-kabel-821-01662-a-a1989\/","title":{"rendered":"2018 2019 Apple MacBook Pro 13&#8243; fejhallgat\u00f3 audiocsatlakoz\u00f3 k\u00e1bel 821-01662-A A1989"},"content":{"rendered":"<p>A 2018-2019-es Apple MacBook Pro 13&#8243; A1989 fejhallgat\u00f3 audiocsatlakoz\u00f3 k\u00e1bele 821-01662-A egy hiteles cserealkatr\u00e9sz, amelyet arra terveztek, hogy vissza\u00e1ll\u00edtsa a hangfunkci\u00f3kat a MacBook Pro-ba.<\/p>\n<p>F\u0151bb jellemz\u0151k:<\/p>\n<ul>\n<li>Kompatibilis: 2018-2019 MacBook Pro 13&#8243; (A1989-es modell)<\/li>\n<li>Alkatr\u00e9szsz\u00e1m: 821-01662-A<\/li>\n<li>Eredeti Apple-alkatr\u00e9sz a megb\u00edzhat\u00f3 teljes\u00edtm\u00e9ny \u00e9rdek\u00e9ben<\/li>\n<li>Vissza\u00e1ll\u00edtsa vagy friss\u00edtse hangk\u00e9pess\u00e9geit<\/li>\n<\/ul>\n<p>Ez a k\u00e1bel lehet\u0151v\u00e9 teszi, hogy megoldja a MacBook Pro audiocsatlakoz\u00f3j\u00e1val kapcsolatos probl\u00e9m\u00e1kat, biztos\u00edtva a fejhallgat\u00f3 vagy a k\u00fcls\u0151 hangsz\u00f3r\u00f3k z\u00f6kken\u0151mentes csatlakoztat\u00e1s\u00e1t. Ezzel az eredeti cserek\u00e1bellel \u00e1ll\u00edtsa vissza MacBook Pro eredeti hangmin\u0151s\u00e9g\u00e9t \u00e9s funkcionalit\u00e1s\u00e1t.<\/p>\n<p>Megjegyz\u00e9s: Ez a lista val\u00f3s k\u00e9peket tartalmaz a 2018-2019-es Apple MacBook Pro 13&#8243;-es (A1989-es modell) 821-01662-A fejhallgat\u00f3-audiocsatlakoz\u00f3 k\u00e1bel\u00e9r\u0151l. Az akci\u00f3 csak a k\u00e1belt tartalmazza, telep\u00edt\u00e9si utas\u00edt\u00e1sokat nem adunk. B\u00e1rmilyen k\u00e9rd\u00e9ssel vagy tov\u00e1bbi inform\u00e1ci\u00f3val kapcsolatban forduljon hozz\u00e1nk a hiteles Mac cserek\u00e1belhez. Hozza vissza az AppleBook Pro hangk\u00e1bel\u00e9t.<\/p>\n","protected":false},"excerpt":{"rendered":"<p>Fejlessze 2018\u20132019-es Apple MacBook Pro 13&#8243;-es (A1989-es modell) sz\u00e1m\u00edt\u00f3g\u00e9p\u00e9t az eredeti, 821-01662-A sz\u00e1m\u00fa fejhallgat\u00f3-audio csatlakoz\u00f3k\u00e1bellel. \u00c1ll\u00edtsa vissza vagy friss\u00edtse MacBook Pro audiok\u00e9pess\u00e9geit ezzel a cserek\u00e1bellel, megb\u00edzhat\u00f3 \u00e9s kiv\u00e1l\u00f3 min\u0151s\u00e9g\u0171 hang\u00e9lm\u00e9nyt biztos\u00edtva mindennapi haszn\u00e1lat\u00e1hoz. Az optim\u00e1lis min\u0151s\u00e9g \u00e9s kompatibilit\u00e1s garant\u00e1lt.<\/p>\n","protected":false},"featured_media":4842,"template":"","meta":[],"product_brand":[],"product_cat":[27],"product_tag":[63],"class_list":{"0":"post-4796","1":"product","2":"type-product","3":"status-publish","4":"has-post-thumbnail","6":"product_cat-motherboards-board-parts","7":"product_tag-apple","9":"first","10":"instock","11":"taxable","12":"shipping-taxable","13":"purchasable","14":"product-type-simple"},"_links":{"self":[{"href":"https:\/\/boreait.com\/hu\/wp-json\/wp\/v2\/product\/4796","targetHints":{"allow":["GET"]}}],"collection":[{"href":"https:\/\/boreait.com\/hu\/wp-json\/wp\/v2\/product"}],"about":[{"href":"https:\/\/boreait.com\/hu\/wp-json\/wp\/v2\/types\/product"}],"wp:featuredmedia":[{"embeddable":true,"href":"https:\/\/boreait.com\/hu\/wp-json\/wp\/v2\/media\/4842"}],"wp:attachment":[{"href":"https:\/\/boreait.com\/hu\/wp-json\/wp\/v2\/media?parent=4796"}],"wp:term":[{"taxonomy":"product_brand","embeddable":true,"href":"https:\/\/boreait.com\/hu\/wp-json\/wp\/v2\/product_brand?post=4796"},{"taxonomy":"product_cat","embeddable":true,"href":"https:\/\/boreait.com\/hu\/wp-json\/wp\/v2\/product_cat?post=4796"},{"taxonomy":"product_tag","embeddable":true,"href":"https:\/\/boreait.com\/hu\/wp-json\/wp\/v2\/product_tag?post=4796"}],"curies":[{"name":"wp","href":"https:\/\/api.w.org\/{rel}","templated":true}]}}