{"id":479,"date":"2025-09-17T09:27:19","date_gmt":"2025-09-17T07:27:19","guid":{"rendered":"https:\/\/boreait.com\/hu\/?post_type=product&#038;p=479"},"modified":"2025-09-17T09:27:36","modified_gmt":"2025-09-17T07:27:36","slug":"intel-core2-duo-processzor-slauu-t8100-3m-gyorsitotar-210-ghz-800-mhz-fsb","status":"publish","type":"product","link":"https:\/\/boreait.com\/hu\/termek\/intel-core2-duo-processzor-slauu-t8100-3m-gyorsitotar-210-ghz-800-mhz-fsb\/","title":{"rendered":"Intel\u00ae Core\u21222 Duo processzor SLAUU T8100 3M gyors\u00edt\u00f3t\u00e1r, 2,10 GHz, 800 MHz FSB"},"content":{"rendered":"<p>Az Intel\u00ae Core\u21222 Duo SLAUU T8100 processzor az er\u0151 \u00e9s a hat\u00e9konys\u00e1g egyens\u00faly\u00e1t k\u00edn\u00e1lja, \u00edgy alkalmas mindennapi sz\u00e1m\u00edt\u00e1stechnikai feladatokra \u00e9s multim\u00e9di\u00e1s alkalmaz\u00e1sokra is. A 2,10 GHz-es \u00f3rajel \u00e9s a 800 MHz-es front-side bus (FSB) sima teljes\u00edtm\u00e9nyt \u00e9s reakci\u00f3k\u00e9szs\u00e9get biztos\u00edt.<\/p>\n<p>A 3 MB L2 gyors\u00edt\u00f3t\u00e1rral felszerelt processzor hat\u00e9konyan t\u00e1rolja a gyakran haszn\u00e1lt adatokat, cs\u00f6kkentve a hozz\u00e1f\u00e9r\u00e9si id\u0151t \u00e9s jav\u00edtva a rendszer \u00e1ltal\u00e1nos teljes\u00edtm\u00e9ny\u00e9t. A gyors\u00edt\u00f3t\u00e1r nagy sebess\u00e9g\u0171 mem\u00f3riapufferk\u00e9nt m\u0171k\u00f6dik, lehet\u0151v\u00e9 t\u00e9ve a processzor sz\u00e1m\u00e1ra az adatok gyors lek\u00e9r\u00e9s\u00e9t \u00e9s feldolgoz\u00e1s\u00e1t.<\/p>\n<p>A T8100 az Intel Core mikroarchitekt\u00far\u00e1j\u00e1t haszn\u00e1lja, amely jav\u00edtja a teljes\u00edtm\u00e9nyt, mik\u00f6zben optimaliz\u00e1lja az energiafogyaszt\u00e1st. Ez egy olyan processzort eredm\u00e9nyez, amely kiv\u00e1l\u00f3 t\u00f6bbfeladatos k\u00e9pess\u00e9geket \u00e9s energiahat\u00e9konys\u00e1got biztos\u00edt.<\/p>\n<p>A processzort \u00fagy tervezt\u00e9k, hogy t\u00e1mogassa a feladatok sz\u00e9les k\u00f6r\u00e9t, bele\u00e9rtve a webb\u00f6ng\u00e9sz\u00e9st, az irodai hat\u00e9konys\u00e1got, a multim\u00e9di\u00e1s lej\u00e1tsz\u00e1st \u00e9s az alkalmi j\u00e1t\u00e9kokat. Ig\u00e9nyes alkalmaz\u00e1sokat k\u00e9pes kezelni, \u00e9s z\u00f6kken\u0151mentes felhaszn\u00e1l\u00f3i \u00e9lm\u00e9nyt ny\u00fajt.<\/p>\n<p>Emellett a T8100 rendelkezik az Intel Hyper-Threading technol\u00f3gi\u00e1j\u00e1val, amely lehet\u0151v\u00e9 teszi, hogy minden mag egyszerre k\u00e9t sz\u00e1lat kezeljen. Ez a technol\u00f3gia jav\u00edtja az \u00e1ltal\u00e1nos teljes\u00edtm\u00e9nyt az\u00e1ltal, hogy lehet\u0151v\u00e9 teszi a jobb t\u00f6bbfeladatos munk\u00e1t \u00e9s a menetes alkalmaz\u00e1sok gyorsabb v\u00e9grehajt\u00e1s\u00e1t.<\/p>\n<p>Az Intel\u00ae Core\u21222 Duo T8100 processzor kompatibilis a Socket P-vel (m\u00e1s n\u00e9ven Socket 478), \u00e9s 65 nanom\u00e9teres gy\u00e1rt\u00e1si folyamatra \u00e9p\u00fcl. T\u00e1mogatja a 64 bites sz\u00e1m\u00edt\u00e1stechnik\u00e1t, lehet\u0151v\u00e9 t\u00e9ve a modern oper\u00e1ci\u00f3s rendszerek \u00e9s alkalmaz\u00e1sok el\u0151nyeinek kihaszn\u00e1l\u00e1s\u00e1t.<\/p>\n<p>\u00d6sszess\u00e9g\u00e9ben a T8100 a teljes\u00edtm\u00e9ny, az energiahat\u00e9konys\u00e1g \u00e9s a t\u00f6bbfeladatos k\u00e9pess\u00e9gek kombin\u00e1ci\u00f3j\u00e1t k\u00edn\u00e1lja, \u00edgy megfelel\u0151 v\u00e1laszt\u00e1ss\u00e1 teszi azoknak a felhaszn\u00e1l\u00f3knak, akiknek az er\u0151 \u00e9s a mobilit\u00e1s egyens\u00faly\u00e1ra van sz\u00fcks\u00e9g\u00fck sz\u00e1m\u00edt\u00e1stechnikai eszk\u00f6zeikben.<\/p>\n","protected":false},"excerpt":{"rendered":"<p>Az Intel\u00ae Core\u21222 Duo Processor T8100 egy k\u00e9tmagos processzor, amelyet mobil eszk\u00f6z\u00f6kh\u00f6z, p\u00e9ld\u00e1ul laptopokhoz \u00e9s notebookokhoz terveztek. Az Intel adta ki, \u00e9s a Core 2 Duo sorozat r\u00e9sze.<\/p>\n","protected":false},"featured_media":514,"template":"","meta":[],"product_brand":[],"product_cat":[39],"product_tag":[],"class_list":{"0":"post-479","1":"product","2":"type-product","3":"status-publish","4":"has-post-thumbnail","6":"product_cat-processors-cpu","8":"first","9":"instock","10":"taxable","11":"shipping-taxable","12":"purchasable","13":"product-type-simple"},"_links":{"self":[{"href":"https:\/\/boreait.com\/hu\/wp-json\/wp\/v2\/product\/479","targetHints":{"allow":["GET"]}}],"collection":[{"href":"https:\/\/boreait.com\/hu\/wp-json\/wp\/v2\/product"}],"about":[{"href":"https:\/\/boreait.com\/hu\/wp-json\/wp\/v2\/types\/product"}],"wp:featuredmedia":[{"embeddable":true,"href":"https:\/\/boreait.com\/hu\/wp-json\/wp\/v2\/media\/514"}],"wp:attachment":[{"href":"https:\/\/boreait.com\/hu\/wp-json\/wp\/v2\/media?parent=479"}],"wp:term":[{"taxonomy":"product_brand","embeddable":true,"href":"https:\/\/boreait.com\/hu\/wp-json\/wp\/v2\/product_brand?post=479"},{"taxonomy":"product_cat","embeddable":true,"href":"https:\/\/boreait.com\/hu\/wp-json\/wp\/v2\/product_cat?post=479"},{"taxonomy":"product_tag","embeddable":true,"href":"https:\/\/boreait.com\/hu\/wp-json\/wp\/v2\/product_tag?post=479"}],"curies":[{"name":"wp","href":"https:\/\/api.w.org\/{rel}","templated":true}]}}