{"id":4785,"date":"2025-09-17T11:04:33","date_gmt":"2025-09-17T09:04:33","guid":{"rendered":"https:\/\/boreait.com\/hu\/?post_type=product&#038;p=4785"},"modified":"2025-09-17T11:05:58","modified_gmt":"2025-09-17T09:05:58","slug":"usb-c-csatlakozo-macbook-pro-kabel-a1989-a1990-a2141-a2159-a2251-a2289-a2338","status":"publish","type":"product","link":"https:\/\/boreait.com\/hu\/termek\/usb-c-csatlakozo-macbook-pro-kabel-a1989-a1990-a2141-a2159-a2251-a2289-a2338\/","title":{"rendered":"USB-C csatlakoz\u00f3 MacBook Pro k\u00e1bel A1989 A1990 A2141 A2159 A2251 A2289 A2338"},"content":{"rendered":"<p>Az USB-C csatlakoz\u00f3s MacBook Pro k\u00e1bel az A1989, A1990, A2141, A2159, A2251, A2289 vagy A2338 modell n\u00e9lk\u00fcl\u00f6zhetetlen tartoz\u00e9ka. Tapasztalja meg a vill\u00e1mgyors adat\u00e1tvitelt \u00e9s a biztons\u00e1gos csatlakoz\u00e1st ezzel a megb\u00edzhat\u00f3, kiv\u00e1l\u00f3 min\u0151s\u00e9g\u0171 k\u00e1bellel.<\/p>\n<p>F\u0151bb jellemz\u0151k:<\/p>\n<ul>\n<li>Kompatibilit\u00e1s: A1989, A1990, A2141, A2159, A2251, A2289, A2338 MacBook Pro modellek<\/li>\n<li>Csatlakoz\u00f3 t\u00edpusa: USB-C<\/li>\n<li>Megb\u00edzhat\u00f3 adat\u00e1tvitel<\/li>\n<li>Tart\u00f3s \u00e9s sokoldal\u00fa<\/li>\n<\/ul>\n<p>A k\u00e9nyelemre \u00e9s a teljes\u00edtm\u00e9nyre tervezett USB-C k\u00e1bel z\u00f6kken\u0151mentes \u00e9s hat\u00e9kony csatlakoz\u00e1st biztos\u00edt, legyen sz\u00f3 adat\u00e1tvitelr\u0151l, MacBook Pro t\u00f6lt\u00e9s\u00e9r\u0151l vagy m\u00e1s eszk\u00f6z\u00f6kh\u00f6z val\u00f3 csatlakoz\u00e1sr\u00f3l.<\/p>\n<p>K\u00e9rj\u00fck, vegye figyelembe, hogy a lista val\u00f3s f\u00e9nyk\u00e9peket tartalmaz az USB-C csatlakoz\u00f3s MacBook Pro k\u00e1belr\u0151l. B\u00e1rmilyen tov\u00e1bbi inform\u00e1ci\u00f3\u00e9rt, k\u00e9rd\u00e9s\u00e9rt forduljon bizalommal. B\u0151v\u00edtse csatlakoztathat\u00f3s\u00e1g\u00e1t ezzel a tart\u00f3s \u00e9s megb\u00edzhat\u00f3 USB-C k\u00e1bellel, amelyet a MacBook Pro-hoz terveztek.<\/p>\n","protected":false},"excerpt":{"rendered":"<p>Fedezze fel az USB-C csatlakoz\u00f3s MacBook Pro k\u00e1belt, amely kompatibilis az A1989, A1990, A2141, A2159, A2251, A2289 \u00e9s A2338 modellekkel. Ez a kiv\u00e1l\u00f3 min\u0151s\u00e9g\u0171 k\u00e1bel z\u00f6kken\u0151mentes csatlakoz\u00e1st \u00e9s gyors adat\u00e1tvitelt biztos\u00edt, kifejezetten a MacBook Pro sz\u00e1m\u00e1ra k\u00e9sz\u00fclt. Tapasztalja meg a megb\u00edzhat\u00f3s\u00e1got \u00e9s a kiv\u00e1l\u00f3 teljes\u00edtm\u00e9nyt egy tart\u00f3s, sokoldal\u00fa USB-C k\u00e1bel seg\u00edts\u00e9g\u00e9vel.<\/p>\n","protected":false},"featured_media":4839,"template":"","meta":[],"product_brand":[],"product_cat":[27],"product_tag":[63],"class_list":{"0":"post-4785","1":"product","2":"type-product","3":"status-publish","4":"has-post-thumbnail","6":"product_cat-motherboards-board-parts","7":"product_tag-apple","9":"first","10":"instock","11":"taxable","12":"shipping-taxable","13":"purchasable","14":"product-type-simple"},"_links":{"self":[{"href":"https:\/\/boreait.com\/hu\/wp-json\/wp\/v2\/product\/4785","targetHints":{"allow":["GET"]}}],"collection":[{"href":"https:\/\/boreait.com\/hu\/wp-json\/wp\/v2\/product"}],"about":[{"href":"https:\/\/boreait.com\/hu\/wp-json\/wp\/v2\/types\/product"}],"wp:featuredmedia":[{"embeddable":true,"href":"https:\/\/boreait.com\/hu\/wp-json\/wp\/v2\/media\/4839"}],"wp:attachment":[{"href":"https:\/\/boreait.com\/hu\/wp-json\/wp\/v2\/media?parent=4785"}],"wp:term":[{"taxonomy":"product_brand","embeddable":true,"href":"https:\/\/boreait.com\/hu\/wp-json\/wp\/v2\/product_brand?post=4785"},{"taxonomy":"product_cat","embeddable":true,"href":"https:\/\/boreait.com\/hu\/wp-json\/wp\/v2\/product_cat?post=4785"},{"taxonomy":"product_tag","embeddable":true,"href":"https:\/\/boreait.com\/hu\/wp-json\/wp\/v2\/product_tag?post=4785"}],"curies":[{"name":"wp","href":"https:\/\/api.w.org\/{rel}","templated":true}]}}