{"id":4784,"date":"2025-09-17T11:04:33","date_gmt":"2025-09-17T09:04:33","guid":{"rendered":"https:\/\/boreait.com\/hu\/?post_type=product&#038;p=4784"},"modified":"2026-01-18T13:54:50","modified_gmt":"2026-01-18T12:54:50","slug":"wifi-antenna-macbook-pro-13-2019-a1989-macbookpro152-hez-cserejelvevo","status":"publish","type":"product","link":"https:\/\/boreait.com\/hu\/termek\/wifi-antenna-macbook-pro-13-2019-a1989-macbookpro152-hez-cserejelvevo\/","title":{"rendered":"WiFi antenna MacBook Pro 13 2019 A1989 MacBookPro15,2-hez &#8211; cserejelvev\u0151"},"content":{"rendered":"<p>Maximaliz\u00e1lja MacBook Pro 13&#8243; 2019 A1989 (MacBookPro15,2) WiFi jelv\u00e9tel\u00e9t ezzel a c\u00e9lra kialak\u00edtott WiFi antenna cser\u00e9vel. Ez az antenna t\u00f6k\u00e9letesen illeszkedik MacBookj\u00e1hoz, megb\u00edzhat\u00f3 kapcsolatot \u00e9s optim\u00e1lis jeler\u0151ss\u00e9get k\u00edn\u00e1l.<\/p>\n<p>Jellemz\u0151k:<\/p>\n<ul>\n<li>Kifejezetten MacBook Pro 13&#8243; 2019 A1989 (MacBookPro15,2) sz\u00e1m\u00e1ra k\u00e9sz\u00fclt.<\/li>\n<li>Stabil WiFi-kapcsolatot biztos\u00edt<\/li>\n<li>Eredeti cserealkatr\u00e9sz<\/li>\n<\/ul>\n<p>Ak\u00e1r a jelenlegi WiFi antenna hib\u00e1san m\u0171k\u00f6dik, ak\u00e1r jav\u00edtani szeretn\u00e9 a MacBook jelv\u00e9tel\u00e9t, ez a csereantenna a megold\u00e1s. Az antenn\u00e1hoz nem mell\u00e9keltek haszn\u00e1lati utas\u00edt\u00e1st, de szakszer\u0171 telep\u00edt\u00e9s javasolt. A kapott term\u00e9kr\u0151l k\u00e9sz\u00fclt val\u00f3di fot\u00f3k szerepelnek ezen a list\u00e1n.<\/p>\n<p>Ha tov\u00e1bbi r\u00e9szletekre vagy seg\u00edts\u00e9gre van sz\u00fcks\u00e9ge, forduljon hozz\u00e1nk bizalommal. B\u0151v\u00edtse MacBookja WiFi-kapcsolat\u00e1t ezzel a kompatibilis WiFi antenn\u00e1val, amelyet a MacBook Pro 13&#8243; 2019 A1989 (MacBookPro15,2) modellhez terveztek.<\/p>\n","protected":false},"excerpt":{"rendered":"<p>Fokozza MacBook Pro 13&#8243; 2019 A1989 (MacBookPro15,2) jelv\u00e9tel\u00e9t ezzel a WiFi antenn\u00e1val. A kifejezetten a MacBookhoz tervezett csereantenna stabil \u00e9s megb\u00edzhat\u00f3 kapcsolatot biztos\u00edt. Fenntartja k\u00e9sz\u00fcl\u00e9ke integrit\u00e1s\u00e1t, ha az antenn\u00e1t erre a kiv\u00e1l\u00f3 min\u0151s\u00e9g\u0171 alkatr\u00e9szre cser\u00e9li.<\/p>\n","protected":false},"featured_media":4838,"template":"","meta":[],"product_brand":[],"product_cat":[27],"product_tag":[63],"class_list":{"0":"post-4784","1":"product","2":"type-product","3":"status-publish","4":"has-post-thumbnail","6":"product_cat-motherboards-board-parts","7":"product_tag-apple","9":"first","10":"instock","11":"taxable","12":"shipping-taxable","13":"purchasable","14":"product-type-simple"},"_links":{"self":[{"href":"https:\/\/boreait.com\/hu\/wp-json\/wp\/v2\/product\/4784","targetHints":{"allow":["GET"]}}],"collection":[{"href":"https:\/\/boreait.com\/hu\/wp-json\/wp\/v2\/product"}],"about":[{"href":"https:\/\/boreait.com\/hu\/wp-json\/wp\/v2\/types\/product"}],"wp:featuredmedia":[{"embeddable":true,"href":"https:\/\/boreait.com\/hu\/wp-json\/wp\/v2\/media\/4838"}],"wp:attachment":[{"href":"https:\/\/boreait.com\/hu\/wp-json\/wp\/v2\/media?parent=4784"}],"wp:term":[{"taxonomy":"product_brand","embeddable":true,"href":"https:\/\/boreait.com\/hu\/wp-json\/wp\/v2\/product_brand?post=4784"},{"taxonomy":"product_cat","embeddable":true,"href":"https:\/\/boreait.com\/hu\/wp-json\/wp\/v2\/product_cat?post=4784"},{"taxonomy":"product_tag","embeddable":true,"href":"https:\/\/boreait.com\/hu\/wp-json\/wp\/v2\/product_tag?post=4784"}],"curies":[{"name":"wp","href":"https:\/\/api.w.org\/{rel}","templated":true}]}}