{"id":478,"date":"2025-09-17T09:27:19","date_gmt":"2025-09-17T07:27:19","guid":{"rendered":"https:\/\/boreait.com\/hu\/?post_type=product&#038;p=478"},"modified":"2026-01-14T08:33:54","modified_gmt":"2026-01-14T07:33:54","slug":"hp-zbook-15-156-eredeti-laptop-usb-port-kartya-ls-9243p-er-kabellel","status":"publish","type":"product","link":"https:\/\/boreait.com\/hu\/termek\/hp-zbook-15-156-eredeti-laptop-usb-port-kartya-ls-9243p-er-kabellel\/","title":{"rendered":"HP ZBook 15 15,6&#8243; eredeti laptop USB-port k\u00e1rtya LS-9243P ER k\u00e1bellel*"},"content":{"rendered":"<p>Ez a k\u00e1bellel ell\u00e1tott USB-portos k\u00e1rtya a laptop csatlakoz\u00e1si lehet\u0151s\u00e9geinek biztos\u00edt\u00e1s\u00e1\u00e9rt felel, lehet\u0151v\u00e9 t\u00e9ve k\u00fcl\u00f6nf\u00e9le USB-eszk\u00f6z\u00f6k, p\u00e9ld\u00e1ul k\u00fcls\u0151 merevlemezek, billenty\u0171zetek, egerek \u00e9s egy\u00e9b perif\u00e9ri\u00e1k csatlakoztat\u00e1s\u00e1t. Ez egy alapvet\u0151 \u00f6sszetev\u0151, amely lehet\u0151v\u00e9 teszi laptopja funkcionalit\u00e1s\u00e1nak b\u0151v\u00edt\u00e9s\u00e9t \u00e9s az adatok egyszer\u0171 \u00e1tvitel\u00e9t az eszk\u00f6z\u00f6k k\u00f6z\u00f6tt.<\/p>\n<p>Az alaplap egy eredeti HP term\u00e9k, amely biztos\u00edtja a kompatibilit\u00e1st \u00e9s a kiv\u00e1l\u00f3 min\u0151s\u00e9g\u0171 teljes\u00edtm\u00e9nyt. \u00dagy tervezt\u00e9k, hogy t\u00f6k\u00e9letesen illeszkedjen a laptop bels\u0151 szerkezet\u00e9be, \u00e9s egy k\u00e1bel is j\u00e1r hozz\u00e1 az egyszer\u0171 telep\u00edt\u00e9s \u00e9rdek\u00e9ben. Az LS-9243P ER* t\u00edpussz\u00e1ma a HP ZBook 15 15,6&#8243;-os laptoppal val\u00f3 konkr\u00e9t kompatibilit\u00e1s\u00e1t jelzi.<\/p>\n<p>Ak\u00e1r megs\u00e9r\u00fclt USB-port k\u00e1rty\u00e1t kell cser\u00e9lnie, ak\u00e1r laptopja csatlakoz\u00e1si lehet\u0151s\u00e9geit b\u0151v\u00edteni kell, a HP ZBook 15 15,6 h\u00fcvelykes eredeti laptop USB-port k\u00e1rtya LS-9243P ER* k\u00e1bellel megb\u00edzhat\u00f3 \u00e9s kompatibilis v\u00e1laszt\u00e1s.<\/p>\n","protected":false},"excerpt":{"rendered":"<p>A HP ZBook 15 15,6 h\u00fcvelykes eredeti laptop USB-port k\u00e1rtya LS-9243P ER* k\u00e1bellel egy cserealkatr\u00e9sz, amelyet kifejezetten a HP ZBook 15 laptopmodellhez terveztek.<\/p>\n","protected":false},"featured_media":513,"template":"","meta":[],"product_brand":[],"product_cat":[27],"product_tag":[25],"class_list":{"0":"post-478","1":"product","2":"type-product","3":"status-publish","4":"has-post-thumbnail","6":"product_cat-motherboards-board-parts","7":"product_tag-hp","9":"first","10":"instock","11":"taxable","12":"shipping-taxable","13":"purchasable","14":"product-type-simple"},"_links":{"self":[{"href":"https:\/\/boreait.com\/hu\/wp-json\/wp\/v2\/product\/478","targetHints":{"allow":["GET"]}}],"collection":[{"href":"https:\/\/boreait.com\/hu\/wp-json\/wp\/v2\/product"}],"about":[{"href":"https:\/\/boreait.com\/hu\/wp-json\/wp\/v2\/types\/product"}],"wp:featuredmedia":[{"embeddable":true,"href":"https:\/\/boreait.com\/hu\/wp-json\/wp\/v2\/media\/513"}],"wp:attachment":[{"href":"https:\/\/boreait.com\/hu\/wp-json\/wp\/v2\/media?parent=478"}],"wp:term":[{"taxonomy":"product_brand","embeddable":true,"href":"https:\/\/boreait.com\/hu\/wp-json\/wp\/v2\/product_brand?post=478"},{"taxonomy":"product_cat","embeddable":true,"href":"https:\/\/boreait.com\/hu\/wp-json\/wp\/v2\/product_cat?post=478"},{"taxonomy":"product_tag","embeddable":true,"href":"https:\/\/boreait.com\/hu\/wp-json\/wp\/v2\/product_tag?post=478"}],"curies":[{"name":"wp","href":"https:\/\/api.w.org\/{rel}","templated":true}]}}