{"id":4770,"date":"2025-09-17T11:04:09","date_gmt":"2025-09-17T09:04:09","guid":{"rendered":"https:\/\/boreait.com\/hu\/?post_type=product&#038;p=4770"},"modified":"2026-01-18T13:54:33","modified_gmt":"2026-01-18T12:54:33","slug":"csatlakozo-dc-tapcsatlakozo-toshiba-dd0blia0ad000-dd0bliad000-dd0blnad000-csereport","status":"publish","type":"product","link":"https:\/\/boreait.com\/hu\/termek\/csatlakozo-dc-tapcsatlakozo-toshiba-dd0blia0ad000-dd0bliad000-dd0blnad000-csereport\/","title":{"rendered":"Csatlakoz\u00f3 DC t\u00e1pcsatlakoz\u00f3 Toshiba DD0BLIA0AD000 DD0BLIAD000 DD0BLNAD000 &#8211; Csereport"},"content":{"rendered":"<p>A csatlakoz\u00f3 egyen\u00e1ram\u00fa t\u00e1pcsatlakoz\u00f3ja elengedhetetlen eleme a DD0BLIA0AD000, DD0BLIA0AD000 \u00e9s DD0BLNAD000 t\u00edpus\u00fa Toshiba laptopok stabil t\u00e1pell\u00e1t\u00e1s\u00e1nak fenntart\u00e1s\u00e1hoz. Ha laptopja \u00e1ramell\u00e1t\u00e1si probl\u00e9m\u00e1kat tapasztal, ez a csereport megoldhatja a s\u00e9r\u00fclt vagy hib\u00e1s aljzatok \u00e1ltal okozott csatlakoz\u00e1si probl\u00e9m\u00e1kat.<\/p>\n<p>F\u0151bb inform\u00e1ci\u00f3:<\/p>\n<ul>\n<li>Kompatibilit\u00e1s: Toshiba DD0BLIA0AD000, DD0BLIA0AD000, DD0BLNAD000 modellek<\/li>\n<li>C\u00e9l: a s\u00e9r\u00fclt vagy hib\u00e1san m\u0171k\u00f6d\u0151 DC t\u00e1pcsatlakoz\u00f3k cser\u00e9je.<\/li>\n<li>Megb\u00edzhat\u00f3 t\u00e1pell\u00e1t\u00e1st biztos\u00edt laptopj\u00e1hoz<\/li>\n<\/ul>\n<p>K\u00e9rj\u00fck, vegye figyelembe, hogy a list\u00e1n szerepl\u0151 term\u00e9kfot\u00f3kon a Toshiba DD0BLIA0AD000, DD0BLIA0AD000 \u00e9s DD0BLNAD000 csatlakoz\u00f3 egyen\u00e1ram\u00fa t\u00e1pcsatlakoz\u00f3ja l\u00e1that\u00f3. Telep\u00edt\u00e9si \u00fatmutat\u00f3t nem tartalmaz. B\u00e1rmilyen k\u00e9rd\u00e9s vagy tov\u00e1bbi inform\u00e1ci\u00f3 eset\u00e9n, k\u00e9rj\u00fck, forduljon hozz\u00e1nk bizalommal. Ezzel a cserealjzattal \u00e1ll\u00edtsa helyre Toshiba laptopja t\u00e1pell\u00e1t\u00e1s\u00e1t.<\/p>\n","protected":false},"excerpt":{"rendered":"<p>Cser\u00e9lje ki Toshiba laptopja egyen\u00e1ram\u00fa t\u00e1pcsatlakoz\u00f3j\u00e1t ezzel a csatlakoz\u00f3val, amely kompatibilis a DD0BLIA0AD000, DD0BLIA0000 \u00e9s DD0BLNAD000 modellekkel. Ez a t\u00e1pcsatlakoz\u00f3 k\u00f6zvetlen\u00fcl helyettes\u00edti a s\u00e9r\u00fclt vagy hib\u00e1san m\u0171k\u00f6d\u0151 aljzatokat, \u00edgy megb\u00edzhat\u00f3 t\u00e1pcsatlakoz\u00e1st biztos\u00edt laptopj\u00e1hoz.<\/p>\n","protected":false},"featured_media":4823,"template":"","meta":[],"product_brand":[],"product_cat":[20],"product_tag":[34],"class_list":{"0":"post-4770","1":"product","2":"type-product","3":"status-publish","4":"has-post-thumbnail","6":"product_cat-cables","7":"product_tag-toshiba","9":"first","10":"instock","11":"taxable","12":"shipping-taxable","13":"purchasable","14":"product-type-simple"},"_links":{"self":[{"href":"https:\/\/boreait.com\/hu\/wp-json\/wp\/v2\/product\/4770","targetHints":{"allow":["GET"]}}],"collection":[{"href":"https:\/\/boreait.com\/hu\/wp-json\/wp\/v2\/product"}],"about":[{"href":"https:\/\/boreait.com\/hu\/wp-json\/wp\/v2\/types\/product"}],"wp:featuredmedia":[{"embeddable":true,"href":"https:\/\/boreait.com\/hu\/wp-json\/wp\/v2\/media\/4823"}],"wp:attachment":[{"href":"https:\/\/boreait.com\/hu\/wp-json\/wp\/v2\/media?parent=4770"}],"wp:term":[{"taxonomy":"product_brand","embeddable":true,"href":"https:\/\/boreait.com\/hu\/wp-json\/wp\/v2\/product_brand?post=4770"},{"taxonomy":"product_cat","embeddable":true,"href":"https:\/\/boreait.com\/hu\/wp-json\/wp\/v2\/product_cat?post=4770"},{"taxonomy":"product_tag","embeddable":true,"href":"https:\/\/boreait.com\/hu\/wp-json\/wp\/v2\/product_tag?post=4770"}],"curies":[{"name":"wp","href":"https:\/\/api.w.org\/{rel}","templated":true}]}}