{"id":4769,"date":"2025-09-17T11:04:09","date_gmt":"2025-09-17T09:04:09","guid":{"rendered":"https:\/\/boreait.com\/hu\/?post_type=product&#038;p=4769"},"modified":"2026-01-18T13:54:17","modified_gmt":"2026-01-18T12:54:17","slug":"dell-d620-hal00-tp-bt-fp-kabel-alaplap-dc02000840l-eredeti-cserealkatresz","status":"publish","type":"product","link":"https:\/\/boreait.com\/hu\/termek\/dell-d620-hal00-tp-bt-fp-kabel-alaplap-dc02000840l-eredeti-cserealkatresz\/","title":{"rendered":"DELL D620 HAL00 TP-BT-FP k\u00e1bel alaplap DC02000840L \u2013 Eredeti cserealkatr\u00e9sz"},"content":{"rendered":"<p>\u00c1ll\u00edtsa vissza DELL D620 laptopja z\u00f6kken\u0151mentes m\u0171k\u00f6d\u00e9s\u00e9t az eredeti DELL D620 HAL00 TP-BT-FP DC02000840L k\u00e1beles alaplappal. Ezt a k\u00e1belt apr\u00f3l\u00e9kosan \u00fagy tervezt\u00e9k, hogy szil\u00e1rd \u00e9s biztons\u00e1gos kapcsolatot tartson fenn a DELL D620 sorozat \u00e9rint\u0151padja, gombjai \u00e9s alaplapja k\u00f6z\u00f6tt.<\/p>\n<p>F\u0151bb jellemz\u0151k:<\/p>\n<ul>\n<li>Eredeti DELL cserealkatr\u00e9sz<\/li>\n<li>Kompatibilis a DELL D620 sorozattal<\/li>\n<li>Biztons\u00e1gos kapcsolatot biztos\u00edt az \u00e9rint\u0151pad, a gombok \u00e9s az alaplap k\u00f6z\u00f6tt<\/li>\n<li>Az optim\u00e1lis szintre \u00e1ll\u00edtja vissza a laptop funkcionalit\u00e1s\u00e1t<\/li>\n<\/ul>\n<p>Az egyszer\u0171 telep\u00edt\u00e9sre \u00e9s megb\u00edzhat\u00f3s\u00e1gra tervezett eredeti DELL cserealkatr\u00e9sz megold\u00e1st k\u00edn\u00e1l a csatlakoz\u00e1si probl\u00e9m\u00e1k megold\u00e1s\u00e1ra \u00e9s a DELL D620 laptop megfelel\u0151 m\u0171k\u00f6d\u00e9s\u00e9nek helyre\u00e1ll\u00edt\u00e1s\u00e1ra.<\/p>\n<p>K\u00e9rj\u00fck, vegye figyelembe, hogy a lista val\u00f3di f\u00e9nyk\u00e9peket tartalmaz a DELL D620 HAL00 TP-BT-FP DC02000840L k\u00e1beles alaplapr\u00f3l. Fontos megjegyezni, hogy nincs mell\u00e9kelve telep\u00edt\u00e9si utas\u00edt\u00e1s. Ha tov\u00e1bbi inform\u00e1ci\u00f3ra vagy seg\u00edts\u00e9gre van sz\u00fcks\u00e9ge, forduljon hozz\u00e1nk bizalommal. \u00dajra\u00e9leszti DELL D620 laptopja teljes\u00edtm\u00e9ny\u00e9t \u00e9s funkcionalit\u00e1s\u00e1t ezzel az eredeti DELL cserek\u00e1bellel.<\/p>\n","protected":false},"excerpt":{"rendered":"<p>A DELL D620 HAL00 TP-BT-FP DC02000840L k\u00e1bel alaplap egy hiteles cserek\u00e1bel laptopja alaplapj\u00e1hoz. Ez a kifejezetten a DELL D620 sorozathoz tervezett k\u00e1bel biztons\u00e1gos \u00e9s megb\u00edzhat\u00f3 kapcsolatot biztos\u00edt az \u00e9rint\u0151pad, a gombok \u00e9s az alaplap k\u00f6z\u00f6tt. \u00c1ll\u00edtsa vissza laptopja funkcionalit\u00e1s\u00e1t ezzel az eredeti DELL alkatr\u00e9szrel.<\/p>\n","protected":false},"featured_media":4822,"template":"","meta":[],"product_brand":[],"product_cat":[20],"product_tag":[17],"class_list":{"0":"post-4769","1":"product","2":"type-product","3":"status-publish","4":"has-post-thumbnail","6":"product_cat-cables","7":"product_tag-dell","9":"first","10":"instock","11":"taxable","12":"shipping-taxable","13":"purchasable","14":"product-type-simple"},"_links":{"self":[{"href":"https:\/\/boreait.com\/hu\/wp-json\/wp\/v2\/product\/4769","targetHints":{"allow":["GET"]}}],"collection":[{"href":"https:\/\/boreait.com\/hu\/wp-json\/wp\/v2\/product"}],"about":[{"href":"https:\/\/boreait.com\/hu\/wp-json\/wp\/v2\/types\/product"}],"wp:featuredmedia":[{"embeddable":true,"href":"https:\/\/boreait.com\/hu\/wp-json\/wp\/v2\/media\/4822"}],"wp:attachment":[{"href":"https:\/\/boreait.com\/hu\/wp-json\/wp\/v2\/media?parent=4769"}],"wp:term":[{"taxonomy":"product_brand","embeddable":true,"href":"https:\/\/boreait.com\/hu\/wp-json\/wp\/v2\/product_brand?post=4769"},{"taxonomy":"product_cat","embeddable":true,"href":"https:\/\/boreait.com\/hu\/wp-json\/wp\/v2\/product_cat?post=4769"},{"taxonomy":"product_tag","embeddable":true,"href":"https:\/\/boreait.com\/hu\/wp-json\/wp\/v2\/product_tag?post=4769"}],"curies":[{"name":"wp","href":"https:\/\/api.w.org\/{rel}","templated":true}]}}