{"id":476,"date":"2025-09-17T09:27:18","date_gmt":"2025-09-17T07:27:18","guid":{"rendered":"https:\/\/boreait.com\/hu\/?post_type=product&#038;p=476"},"modified":"2026-01-14T08:33:20","modified_gmt":"2026-01-14T07:33:20","slug":"eredeti-hp-zbook-15-g2-audio-sd-kartyaolvaso-usb-port-kartya-vbl20-ls-9245p","status":"publish","type":"product","link":"https:\/\/boreait.com\/hu\/termek\/eredeti-hp-zbook-15-g2-audio-sd-kartyaolvaso-usb-port-kartya-vbl20-ls-9245p\/","title":{"rendered":"Eredeti HP ZBook 15 G2 audio SD k\u00e1rtyaolvas\u00f3 USB port k\u00e1rtya VBL20 LS-9245P"},"content":{"rendered":"<p>Ez az alaplap egy eredeti, hiteles HP alkatr\u00e9sz, amely biztos\u00edtja a kompatibilit\u00e1st \u00e9s a megb\u00edzhat\u00f3s\u00e1got a ZBook 15 G2 laptoppal. \u00dagy tervezt\u00e9k, hogy megfeleljen a HP magas min\u0151s\u00e9gi szabv\u00e1nyainak, garant\u00e1lva az optim\u00e1lis teljes\u00edtm\u00e9nyt \u00e9s a z\u00f6kken\u0151mentes integr\u00e1ci\u00f3t a laptop bels\u0151 rendszer\u00e9vel.<\/p>\n<p>Az audiofunkci\u00f3 lehet\u0151v\u00e9 teszi a felhaszn\u00e1l\u00f3k sz\u00e1m\u00e1ra, hogy fejhallgat\u00f3t, hangsz\u00f3r\u00f3t vagy m\u00e1s audioeszk\u00f6zt csatlakoztassanak a kiv\u00e1l\u00f3 min\u0151s\u00e9g\u0171 hangkimenethez. Az SD-k\u00e1rtyaolvas\u00f3 lehet\u0151v\u00e9 teszi az adatok k\u00e9nyelmes \u00e1tvitel\u00e9t a f\u00e9nyk\u00e9pez\u0151g\u00e9pekben, okostelefonokban \u00e9s m\u00e1s eszk\u00f6z\u00f6kben \u00e1ltal\u00e1nosan haszn\u00e1lt SD-k\u00e1rty\u00e1kr\u00f3l k\u00f6zvetlen\u00fcl a laptopra.<\/p>\n<p>Tov\u00e1bb\u00e1 az alaplapon tal\u00e1lhat\u00f3 USB-portok tov\u00e1bbi csatlakoz\u00e1si lehet\u0151s\u00e9geket biztos\u00edtanak, lehet\u0151v\u00e9 t\u00e9ve a felhaszn\u00e1l\u00f3k sz\u00e1m\u00e1ra k\u00fcl\u00f6nf\u00e9le USB-eszk\u00f6z\u00f6k, p\u00e9ld\u00e1ul k\u00fcls\u0151 t\u00e1rol\u00f3meghajt\u00f3k, nyomtat\u00f3k, billenty\u0171zetek, egerek \u00e9s egyebek csatlakoztat\u00e1s\u00e1t. Ez n\u00f6veli a laptop sokoldal\u00fas\u00e1g\u00e1t \u00e9s kib\u0151v\u00edti felhaszn\u00e1l\u00e1si lehet\u0151s\u00e9geit.<\/p>\n<p>\u00d6sszess\u00e9g\u00e9ben az eredeti HP ZBook 15 G2 audio SD k\u00e1rtyaolvas\u00f3 USB-port VBL20 LS-9245P egy megb\u00edzhat\u00f3 \u00e9s n\u00e9lk\u00fcl\u00f6zhetetlen alkatr\u00e9sz, amely funkcionalit\u00e1ssal b\u0151v\u00edti a HP ZBook 15 G2 laptopot. Be\u00e9p\u00edtett audio-, SD-k\u00e1rtya-olvas\u00f3- \u00e9s USB-portjai k\u00e9nyelmes \u00e9s praktikus kieg\u00e9sz\u00edt\u0151t k\u00edn\u00e1lnak azoknak a felhaszn\u00e1l\u00f3knak, akik b\u0151v\u00edtett csatlakoz\u00e1si lehet\u0151s\u00e9geket \u00e9s egyszer\u0171 adat\u00e1tviteli lehet\u0151s\u00e9geket ig\u00e9nyelnek.<\/p>\n","protected":false},"excerpt":{"rendered":"<p>Az eredeti HP ZBook 15 G2 audio SD k\u00e1rtyaolvas\u00f3 USB-port VBL20 LS-9245P egy speci\u00e1lis alkatr\u00e9sz, amelyet kifejezetten a HP ZBook 15 G2 laptopmodellhez terveztek. T\u00f6bb funkci\u00f3t is ell\u00e1t, audiok\u00e9pess\u00e9geket, SD-k\u00e1rtyaolvas\u00f3t \u00e9s USB-portokat biztos\u00edt, mindezt egyetlen k\u00e1rty\u00e1ba integr\u00e1lva.<\/p>\n","protected":false},"featured_media":509,"template":"","meta":[],"product_brand":[],"product_cat":[27],"product_tag":[25],"class_list":{"0":"post-476","1":"product","2":"type-product","3":"status-publish","4":"has-post-thumbnail","6":"product_cat-motherboards-board-parts","7":"product_tag-hp","9":"first","10":"instock","11":"taxable","12":"shipping-taxable","13":"purchasable","14":"product-type-simple"},"_links":{"self":[{"href":"https:\/\/boreait.com\/hu\/wp-json\/wp\/v2\/product\/476","targetHints":{"allow":["GET"]}}],"collection":[{"href":"https:\/\/boreait.com\/hu\/wp-json\/wp\/v2\/product"}],"about":[{"href":"https:\/\/boreait.com\/hu\/wp-json\/wp\/v2\/types\/product"}],"wp:featuredmedia":[{"embeddable":true,"href":"https:\/\/boreait.com\/hu\/wp-json\/wp\/v2\/media\/509"}],"wp:attachment":[{"href":"https:\/\/boreait.com\/hu\/wp-json\/wp\/v2\/media?parent=476"}],"wp:term":[{"taxonomy":"product_brand","embeddable":true,"href":"https:\/\/boreait.com\/hu\/wp-json\/wp\/v2\/product_brand?post=476"},{"taxonomy":"product_cat","embeddable":true,"href":"https:\/\/boreait.com\/hu\/wp-json\/wp\/v2\/product_cat?post=476"},{"taxonomy":"product_tag","embeddable":true,"href":"https:\/\/boreait.com\/hu\/wp-json\/wp\/v2\/product_tag?post=476"}],"curies":[{"name":"wp","href":"https:\/\/api.w.org\/{rel}","templated":true}]}}