{"id":4751,"date":"2025-09-17T11:03:40","date_gmt":"2025-09-17T09:03:40","guid":{"rendered":"https:\/\/boreait.com\/hu\/?post_type=product&#038;p=4751"},"modified":"2025-09-17T11:05:19","modified_gmt":"2025-09-17T09:05:19","slug":"hd269-dell-latitude-d620-d630-elulso-lcd-kepernyo-karpitelolap-cn-0hd269","status":"publish","type":"product","link":"https:\/\/boreait.com\/hu\/termek\/hd269-dell-latitude-d620-d630-elulso-lcd-kepernyo-karpitelolap-cn-0hd269\/","title":{"rendered":"HD269 DELL Latitude D620 D630 el\u00fcls\u0151 LCD-k\u00e9perny\u0151 k\u00e1rpitel\u0151lap CN-0HD269"},"content":{"rendered":"<p>Friss\u00edtse Dell Latitude D620 vagy D630 laptopja megjelen\u00e9s\u00e9t \u00e9s v\u00e9delm\u00e9t a HD269 el\u00fcls\u0151 LCD-k\u00e9perny\u0151 burkolat\u00e1val (CN-0HD269). Ez a kifejezetten ezekhez a modellekhez tervezett el\u0151lap az LCD-k\u00e9perny\u0151 k\u00f6r\u00fcli d\u00edsz\u00edt\u0151elemk\u00e9nt m\u0171k\u00f6dik, st\u00edlusos \u00e9s v\u00e9delmet ny\u00fajtva.<\/p>\n<p>F\u0151bb r\u00e9szletek:<\/p>\n<ul>\n<li>Kompatibilis a Dell Latitude D620 \u00e9s D630 modellekkel<\/li>\n<li>Alkatr\u00e9szsz\u00e1m: CN-0HD269<\/li>\n<li>Biztons\u00e1gos \u00e9s jav\u00edtja laptopja k\u00e9perny\u0151j\u00e9nek megjelen\u00e9s\u00e9t<\/li>\n<\/ul>\n<p>A tart\u00f3ss\u00e1got szem el\u0151tt tartva k\u00e9sz\u00fclt, ez az eredeti Dell el\u0151lap biztons\u00e1gosan illeszkedik a k\u00e9perny\u0151h\u00f6z, v\u00e9delmet ny\u00fajt a v\u00e9letlen s\u00e9r\u00fcl\u00e9sekkel szemben, \u00e9s professzion\u00e1lis megjelen\u00e9st biztos\u00edt az eszk\u00f6z sz\u00e1m\u00e1ra.<\/p>\n<p>K\u00e9rj\u00fck, vegye figyelembe, hogy ez a lista val\u00f3s f\u00e9nyk\u00e9peket tartalmaz a HD269 DELL Latitude D620 D630 el\u00fcls\u0151 LCD-k\u00e9perny\u0151 CN-0HD269 szeg\u00e9lyel\u0151lapj\u00e1r\u00f3l. Telep\u00edt\u00e9si \u00fatmutat\u00f3t nem tartalmaz. B\u00e1rmilyen tov\u00e1bbi k\u00e9rd\u00e9ssel vagy seg\u00edts\u00e9ggel kapcsolatban forduljon hozz\u00e1nk bizalommal. Emelje ki Dell laptopja megjelen\u00e9s\u00e9t \u00e9s v\u00e9delm\u00e9t ezzel az eredeti burkolattal.<\/p>\n","protected":false},"excerpt":{"rendered":"<p>Fokozza Dell Latitude D620 vagy D630 laptopja eszt\u00e9tik\u00e1j\u00e1t, \u00e9s v\u00e9dje meg az LCD-k\u00e9perny\u0151t a HD269 el\u00fcls\u0151 LCD-k\u00e9perny\u0151 szeg\u00e9lyl\u00e9c\u00e9vel. Ez az eredeti, CN-0HD269 cikksz\u00e1m\u00fa Dell-el\u0151lap sima \u00e9s tart\u00f3s keretet k\u00edn\u00e1l laptopja k\u00e9perny\u0151j\u00e9nek, biztons\u00e1gos illeszked\u00e9st biztos\u00edtva, \u00e9s professzion\u00e1lis megjelen\u00e9st k\u00f6lcs\u00f6n\u00f6z k\u00e9sz\u00fcl\u00e9k\u00e9nek.<\/p>\n","protected":false},"featured_media":4808,"template":"","meta":[],"product_brand":[],"product_cat":[16],"product_tag":[17],"class_list":{"0":"post-4751","1":"product","2":"type-product","3":"status-publish","4":"has-post-thumbnail","6":"product_cat-laptop-housing","7":"product_tag-dell","9":"first","10":"instock","11":"taxable","12":"shipping-taxable","13":"purchasable","14":"product-type-simple"},"_links":{"self":[{"href":"https:\/\/boreait.com\/hu\/wp-json\/wp\/v2\/product\/4751","targetHints":{"allow":["GET"]}}],"collection":[{"href":"https:\/\/boreait.com\/hu\/wp-json\/wp\/v2\/product"}],"about":[{"href":"https:\/\/boreait.com\/hu\/wp-json\/wp\/v2\/types\/product"}],"wp:featuredmedia":[{"embeddable":true,"href":"https:\/\/boreait.com\/hu\/wp-json\/wp\/v2\/media\/4808"}],"wp:attachment":[{"href":"https:\/\/boreait.com\/hu\/wp-json\/wp\/v2\/media?parent=4751"}],"wp:term":[{"taxonomy":"product_brand","embeddable":true,"href":"https:\/\/boreait.com\/hu\/wp-json\/wp\/v2\/product_brand?post=4751"},{"taxonomy":"product_cat","embeddable":true,"href":"https:\/\/boreait.com\/hu\/wp-json\/wp\/v2\/product_cat?post=4751"},{"taxonomy":"product_tag","embeddable":true,"href":"https:\/\/boreait.com\/hu\/wp-json\/wp\/v2\/product_tag?post=4751"}],"curies":[{"name":"wp","href":"https:\/\/api.w.org\/{rel}","templated":true}]}}