{"id":4747,"date":"2025-09-17T11:03:40","date_gmt":"2025-09-17T09:03:40","guid":{"rendered":"https:\/\/boreait.com\/hu\/?post_type=product&#038;p=4747"},"modified":"2025-09-17T11:05:07","modified_gmt":"2025-09-17T09:05:07","slug":"panasonic-uj880a-cd-dvd%c2%b1rw-sata-optikai-meghajto-toshiba-satellite-a350-k000067980-keszulekhez","status":"publish","type":"product","link":"https:\/\/boreait.com\/hu\/termek\/panasonic-uj880a-cd-dvd%c2%b1rw-sata-optikai-meghajto-toshiba-satellite-a350-k000067980-keszulekhez\/","title":{"rendered":"Panasonic UJ880A CD DVD\u00b1RW SATA optikai meghajt\u00f3 Toshiba SATELLITE A350 K000067980 k\u00e9sz\u00fcl\u00e9khez"},"content":{"rendered":"<p>A Panasonic UJ880A CD DVD\u00b1RW SATA optikai meghajt\u00f3, amelyet a Toshiba SATELLITE A350 (cikksz\u00e1m: K000067980) kompatibilit\u00e1sra terveztek, k\u00e9nyelmes megold\u00e1st k\u00edn\u00e1l laptopja ig\u00e9nyeire.<\/p>\n<p>F\u0151bb jellemz\u0151k:<\/p>\n<ul>\n<li>Meghajt\u00f3 t\u00edpusa: CD DVD\u00b1RW<\/li>\n<li>Interf\u00e9sz: SATA<\/li>\n<li>Alkatr\u00e9szsz\u00e1m: K000067980<\/li>\n<li>Toshiba SATELLITE A350 kompatibilis<\/li>\n<\/ul>\n<p>Ez az optikai meghajt\u00f3 lehet\u0151v\u00e9 teszi, hogy laptopja olvassa \u00e9s \u00edrjon CD-ket \u00e9s DVD-ket is, \u00edgy k\u00f6nnyed\u00e9n hozz\u00e1f\u00e9rhet, l\u00e9trehozhat \u00e9s t\u00e1rolhat adatokat. Ez egy hiteles alkatr\u00e9sz, amelyet kifejezetten a Toshiba SATELLITE A350-hez terveztek, amely biztos\u00edtja a kompatibilit\u00e1st \u00e9s a megb\u00edzhat\u00f3 teljes\u00edtm\u00e9nyt.<\/p>\n<p>K\u00e9rj\u00fck, vegye figyelembe, hogy ez a lista a Toshiba SATELLITE A350-hez k\u00e9sz\u00fclt Panasonic UJ880A CD DVD\u00b1RW SATA optikai meghajt\u00f3 t\u00e9nyleges fot\u00f3it tartalmazza. Telep\u00edt\u00e9si utas\u00edt\u00e1sokat nem adunk, de ha tov\u00e1bbi seg\u00edts\u00e9gre van sz\u00fcks\u00e9ge, vagy k\u00e9rd\u00e9se van, forduljon hozz\u00e1nk bizalommal. \u00c1ll\u00edtsa vissza vagy friss\u00edtse Toshiba SATELLITE A350 k\u00e9sz\u00fcl\u00e9k\u00e9t ezzel az eredeti Panasonic optikai meghajt\u00f3val, hogy \u00fajra \u00e9lvezhesse CD- \u00e9s DVD-funkci\u00f3it.<\/p>\n","protected":false},"excerpt":{"rendered":"<p>B\u0151v\u00edtse Toshiba SATELLITE A350 k\u00e9sz\u00fcl\u00e9k\u00e9t a Panasonic UJ880A CD DVD\u00b1RW SATA optikai meghajt\u00f3val (cikksz\u00e1m: K000067980). Ez a sokoldal\u00fa optikai meghajt\u00f3 t\u00f6k\u00e9letes csere vagy friss\u00edt\u00e9s laptopj\u00e1hoz. \u00c9lvezze a CD-k \u00e9s DVD-k k\u00f6nny\u0171 olvas\u00e1s\u00e1nak \u00e9s \u00edr\u00e1s\u00e1nak k\u00e9pess\u00e9g\u00e9t. Ide\u00e1lis a Toshiba SATELLITE A350 m\u0171k\u00f6d\u0151k\u00e9pess\u00e9g\u00e9nek helyre\u00e1ll\u00edt\u00e1s\u00e1hoz, ez az optikai meghajt\u00f3 hiteles alkatr\u00e9sz, amely megb\u00edzhat\u00f3 teljes\u00edtm\u00e9nyt biztos\u00edt.<\/p>\n","protected":false},"featured_media":4803,"template":"","meta":[],"product_brand":[],"product_cat":[27],"product_tag":[34],"class_list":{"0":"post-4747","1":"product","2":"type-product","3":"status-publish","4":"has-post-thumbnail","6":"product_cat-motherboards-board-parts","7":"product_tag-toshiba","9":"first","10":"instock","11":"taxable","12":"shipping-taxable","13":"purchasable","14":"product-type-simple"},"_links":{"self":[{"href":"https:\/\/boreait.com\/hu\/wp-json\/wp\/v2\/product\/4747","targetHints":{"allow":["GET"]}}],"collection":[{"href":"https:\/\/boreait.com\/hu\/wp-json\/wp\/v2\/product"}],"about":[{"href":"https:\/\/boreait.com\/hu\/wp-json\/wp\/v2\/types\/product"}],"wp:featuredmedia":[{"embeddable":true,"href":"https:\/\/boreait.com\/hu\/wp-json\/wp\/v2\/media\/4803"}],"wp:attachment":[{"href":"https:\/\/boreait.com\/hu\/wp-json\/wp\/v2\/media?parent=4747"}],"wp:term":[{"taxonomy":"product_brand","embeddable":true,"href":"https:\/\/boreait.com\/hu\/wp-json\/wp\/v2\/product_brand?post=4747"},{"taxonomy":"product_cat","embeddable":true,"href":"https:\/\/boreait.com\/hu\/wp-json\/wp\/v2\/product_cat?post=4747"},{"taxonomy":"product_tag","embeddable":true,"href":"https:\/\/boreait.com\/hu\/wp-json\/wp\/v2\/product_tag?post=4747"}],"curies":[{"name":"wp","href":"https:\/\/api.w.org\/{rel}","templated":true}]}}