{"id":4744,"date":"2025-09-17T11:03:39","date_gmt":"2025-09-17T09:03:39","guid":{"rendered":"https:\/\/boreait.com\/hu\/?post_type=product&#038;p=4744"},"modified":"2025-09-17T11:04:53","modified_gmt":"2025-09-17T09:04:53","slug":"lenovo-lcd-hatlap-60y5346-3bgc3lclv00-thinkpad-sl510-2847-hez-eredeti-alkatresz","status":"publish","type":"product","link":"https:\/\/boreait.com\/hu\/termek\/lenovo-lcd-hatlap-60y5346-3bgc3lclv00-thinkpad-sl510-2847-hez-eredeti-alkatresz\/","title":{"rendered":"Lenovo LCD h\u00e1tlap 60Y5346 3BGC3LCLV00 ThinkPad SL510 2847-hez &#8211; Eredeti alkatr\u00e9sz!"},"content":{"rendered":"<p><strong>KARKOLT, AHOGY A ADATLAP FOT\u00d3J\u00c1N L\u00c1THAT\u00d3!<\/strong><\/p>\n<p>A 60Y5346 3BGC3LCLV00 cikksz\u00e1m\u00fa Lenovo LCD h\u00e1tlap ide\u00e1lis cserealkatr\u00e9sz, amelyet kifejezetten a ThinkPad SL510 2847 modellhez terveztek. Ez az eredeti Lenovo alkatr\u00e9sz t\u00f6k\u00e9letes illeszked\u00e9st biztos\u00edt, lehet\u0151v\u00e9 t\u00e9ve, hogy vissza\u00e1ll\u00edtsa laptopja eredeti, professzion\u00e1lis megjelen\u00e9s\u00e9t.<\/p>\n<p>F\u0151bb jellemz\u0151k:<\/p>\n<ul>\n<li>ThinkPad SL510 2847 kompatibilis<\/li>\n<li>Alkatr\u00e9szsz\u00e1m: 60Y5346 3BGC3LCLV00<\/li>\n<li>Eredeti Lenovo term\u00e9k<\/li>\n<li>T\u00f6k\u00e9letes illeszked\u00e9st \u00e9s tart\u00f3ss\u00e1got biztos\u00edt<\/li>\n<\/ul>\n<p>Ak\u00e1r a laptop h\u00e1tlapja megrepedt, s\u00e9r\u00fclt, ak\u00e1r kop\u00e1s jeleit mutatja, ez az eredeti Lenovo alkatr\u00e9sz a megold\u00e1s a ThinkPad SL510 eleg\u00e1ns megjelen\u00e9s\u00e9nek meg\u0151rz\u00e9s\u00e9re. A r\u00e9gi vagy s\u00e9r\u00fclt h\u00e1tlap cser\u00e9j\u00e9vel vissza\u00e1ll\u00edthatja laptopja eredeti eszt\u00e9tik\u00e1j\u00e1t, \u00edgy biztos\u00edtva, hogy olyan j\u00f3l n\u00e9zzen ki, mint az \u00faj.<\/p>\n<p>K\u00e9rj\u00fck, vegye figyelembe, hogy ez a lista val\u00f3di f\u00e9nyk\u00e9peket tartalmaz a 60Y5346 3BGC3LCLV00 Lenovo LCD h\u00e1tlapr\u00f3l, amelyet a ThinkPad SL510 2847 modellhez terveztek. Nincsenek telep\u00edt\u00e9si utas\u00edt\u00e1sok. Ha tov\u00e1bbi seg\u00edts\u00e9gre van sz\u00fcks\u00e9ge, vagy k\u00e9rd\u00e9se van, forduljon hozz\u00e1nk bizalommal. \u00daj\u00edtsa meg ThinkPad SL510 megjelen\u00e9s\u00e9t ezzel az eredeti Lenovo LCD h\u00e1tlappal.<\/p>\n","protected":false},"excerpt":{"rendered":"<p>Cser\u00e9lje ki laptopja s\u00e9r\u00fclt vagy elhaszn\u00e1l\u00f3dott LCD h\u00e1tlapj\u00e1t az eredeti Lenovo 60Y5346 3BGC3LCLV00 alkatr\u00e9szre, amelyet a ThinkPad SL510 2847-hez terveztek. Ezzel a kiv\u00e1l\u00f3 min\u0151s\u00e9g\u0171 cser\u00e9vel vissza\u00e1ll\u00edthatja laptopja eleg\u00e1ns \u00e9s professzion\u00e1lis megjelen\u00e9s\u00e9t. Ez a h\u00e1tlap t\u00f6k\u00e9letes illeszked\u00e9st biztos\u00edt, tart\u00f3s \u00e9s megb\u00edzhat\u00f3. Alak\u00edtsa \u00e1t laptopja megjelen\u00e9s\u00e9t, \u00e9s tartsa a legjobb \u00e1llapotban ezzel az eredeti Lenovo alkatr\u00e9szrel.<\/p>\n","protected":false},"featured_media":4793,"template":"","meta":[],"product_brand":[],"product_cat":[16],"product_tag":[26],"class_list":{"0":"post-4744","1":"product","2":"type-product","3":"status-publish","4":"has-post-thumbnail","6":"product_cat-laptop-housing","7":"product_tag-lenovo","9":"first","10":"instock","11":"taxable","12":"shipping-taxable","13":"purchasable","14":"product-type-simple"},"_links":{"self":[{"href":"https:\/\/boreait.com\/hu\/wp-json\/wp\/v2\/product\/4744","targetHints":{"allow":["GET"]}}],"collection":[{"href":"https:\/\/boreait.com\/hu\/wp-json\/wp\/v2\/product"}],"about":[{"href":"https:\/\/boreait.com\/hu\/wp-json\/wp\/v2\/types\/product"}],"wp:featuredmedia":[{"embeddable":true,"href":"https:\/\/boreait.com\/hu\/wp-json\/wp\/v2\/media\/4793"}],"wp:attachment":[{"href":"https:\/\/boreait.com\/hu\/wp-json\/wp\/v2\/media?parent=4744"}],"wp:term":[{"taxonomy":"product_brand","embeddable":true,"href":"https:\/\/boreait.com\/hu\/wp-json\/wp\/v2\/product_brand?post=4744"},{"taxonomy":"product_cat","embeddable":true,"href":"https:\/\/boreait.com\/hu\/wp-json\/wp\/v2\/product_cat?post=4744"},{"taxonomy":"product_tag","embeddable":true,"href":"https:\/\/boreait.com\/hu\/wp-json\/wp\/v2\/product_tag?post=4744"}],"curies":[{"name":"wp","href":"https:\/\/api.w.org\/{rel}","templated":true}]}}