{"id":4743,"date":"2025-09-17T11:03:39","date_gmt":"2025-09-17T09:03:39","guid":{"rendered":"https:\/\/boreait.com\/hu\/?post_type=product&#038;p=4743"},"modified":"2025-09-17T11:04:48","modified_gmt":"2025-09-17T09:04:48","slug":"vedolemez-lenovo-thinkpad-sl510-3jgc3tslv00-60y4360-hoz-eredeti-vedolemez","status":"publish","type":"product","link":"https:\/\/boreait.com\/hu\/termek\/vedolemez-lenovo-thinkpad-sl510-3jgc3tslv00-60y4360-hoz-eredeti-vedolemez\/","title":{"rendered":"V\u00e9d\u0151lemez Lenovo THINKPAD SL510 3JGC3TSLV00 60Y4360-hoz &#8211; Eredeti v\u00e9d\u0151lemez!"},"content":{"rendered":"<p>V\u00e9dje meg Lenovo THINKPAD SL510 alaplapj\u00e1t a 3JGC3TSLV00 60Y4360 \u200b\u200bv\u00e9d\u0151lemezzel. Ezt az eredeti Lenovo alkatr\u00e9szt \u00fagy tervezt\u00e9k, hogy tart\u00f3s v\u00e9delmet ny\u00fajtson laptopja kritikus alkatr\u00e9szei sz\u00e1m\u00e1ra, \u00e9s v\u00e9dve maradjanak az esetleges s\u00e9r\u00fcl\u00e9sekt\u0151l.<\/p>\n<p>F\u0151bb jellemz\u0151k:<\/p>\n<ul>\n<li>Kompatibilis a Lenovo THINKPAD SL510-zel<\/li>\n<li>Alkatr\u00e9szsz\u00e1m: 3JGC3TSLV00 60Y4360<\/li>\n<li>N\u00f6veli az alaplap tart\u00f3ss\u00e1g\u00e1t<\/li>\n<li>Eredeti Lenovo v\u00e9d\u0151lemez<\/li>\n<\/ul>\n<p>Ez az \u00e1rny\u00e9kol\u00f3lemez n\u00e9lk\u00fcl\u00f6zhetetlen alkatr\u00e9sze laptopja hossz\u00fa \u00e9lettartam\u00e1nak \u00e9s teljes\u00edtm\u00e9ny\u00e9nek meg\u0151rz\u00e9s\u00e9hez. Kifejezetten a Lenovo THINKPAD SL510-hez tervezt\u00e9k, \u00edgy prec\u00edz \u00e9s biztons\u00e1gos illeszked\u00e9st k\u00edn\u00e1l az alaplap k\u00e9nyes alkatr\u00e9szeinek v\u00e9delm\u00e9re.<\/p>\n<p>K\u00e9rj\u00fck, vegye figyelembe, hogy ez a lista hiteles f\u00e9nyk\u00e9peket tartalmaz a Lenovo THINKPAD SL510 3JGC3TSLV00 60Y4360 \u200b\u200bv\u00e9d\u0151lemez\u00e9r\u0151l. Telep\u00edt\u00e9si \u00fatmutat\u00f3t nem tartalmaz. B\u00e1rmilyen k\u00e9rd\u00e9se vagy tov\u00e1bbi inform\u00e1ci\u00f3 eset\u00e9n forduljon hozz\u00e1nk bizalommal. V\u00e9dje laptopja l\u00e9tfontoss\u00e1g\u00fa alkatr\u00e9szeit ezzel az eredeti Lenovo \u00e1rny\u00e9kol\u00f3 lemezzel a hosszan tart\u00f3 teljes\u00edtm\u00e9ny \u00e9rdek\u00e9ben.<\/p>\n","protected":false},"excerpt":{"rendered":"<p>N\u00f6velje Lenovo THINKPAD SL510 alaplapja tart\u00f3ss\u00e1g\u00e1t \u00e9s v\u00e9delm\u00e9t az eredeti Protector Plate 3JGC3TSLV00 60Y4360 \u200b\u200bv\u00e9d\u0151lemezzel. Ez az \u00e1rny\u00e9kol\u00f3lemez \u00fagy lett kialak\u00edtva, hogy meg\u00f3vja alaplapj\u00e1t a s\u00e9r\u00fcl\u00e9sekt\u0151l, hossz\u00fa t\u00e1v\u00fa megb\u00edzhat\u00f3s\u00e1got \u00e9s optim\u00e1lis teljes\u00edtm\u00e9nyt biztos\u00edtva laptopja sz\u00e1m\u00e1ra. B\u00edzzon ebben az autentikus Lenovo alkatr\u00e9szben, hogy k\u00e9sz\u00fcl\u00e9ke z\u00f6kken\u0151mentesen m\u0171k\u00f6dj\u00f6n.<\/p>\n","protected":false},"featured_media":4791,"template":"","meta":[],"product_brand":[],"product_cat":[16],"product_tag":[26],"class_list":{"0":"post-4743","1":"product","2":"type-product","3":"status-publish","4":"has-post-thumbnail","6":"product_cat-laptop-housing","7":"product_tag-lenovo","9":"first","10":"instock","11":"taxable","12":"shipping-taxable","13":"purchasable","14":"product-type-simple"},"_links":{"self":[{"href":"https:\/\/boreait.com\/hu\/wp-json\/wp\/v2\/product\/4743","targetHints":{"allow":["GET"]}}],"collection":[{"href":"https:\/\/boreait.com\/hu\/wp-json\/wp\/v2\/product"}],"about":[{"href":"https:\/\/boreait.com\/hu\/wp-json\/wp\/v2\/types\/product"}],"wp:featuredmedia":[{"embeddable":true,"href":"https:\/\/boreait.com\/hu\/wp-json\/wp\/v2\/media\/4791"}],"wp:attachment":[{"href":"https:\/\/boreait.com\/hu\/wp-json\/wp\/v2\/media?parent=4743"}],"wp:term":[{"taxonomy":"product_brand","embeddable":true,"href":"https:\/\/boreait.com\/hu\/wp-json\/wp\/v2\/product_brand?post=4743"},{"taxonomy":"product_cat","embeddable":true,"href":"https:\/\/boreait.com\/hu\/wp-json\/wp\/v2\/product_cat?post=4743"},{"taxonomy":"product_tag","embeddable":true,"href":"https:\/\/boreait.com\/hu\/wp-json\/wp\/v2\/product_tag?post=4743"}],"curies":[{"name":"wp","href":"https:\/\/api.w.org\/{rel}","templated":true}]}}