{"id":4741,"date":"2025-09-17T11:03:39","date_gmt":"2025-09-17T09:03:39","guid":{"rendered":"https:\/\/boreait.com\/hu\/?post_type=product&#038;p=4741"},"modified":"2025-09-17T11:04:39","modified_gmt":"2025-09-17T09:04:39","slug":"lenovo-lcd-kijelzo-elolap-60y5348-3cgc3lblv00-thinkpad-sl510-type-2847-3zu","status":"publish","type":"product","link":"https:\/\/boreait.com\/hu\/termek\/lenovo-lcd-kijelzo-elolap-60y5348-3cgc3lblv00-thinkpad-sl510-type-2847-3zu\/","title":{"rendered":"Lenovo LCD kijelz\u0151 el\u0151lap 60Y5348 3CGC3LBLV00 ThinkPad SL510 Type 2847-3ZU"},"content":{"rendered":"<p>A 60Y5348 vagy a 3CGC3LBLV00 cikksz\u00e1m\u00fa Lenovo LCD-kijelz\u0151 el\u0151lappal alak\u00edthatja \u00e1t ThinkPad SL510 Type 2847-3ZU k\u00e9sz\u00fcl\u00e9k\u00e9t. Ezt az eredeti Lenovo csereel\u0151lapot \u00fagy tervezt\u00e9k, hogy visszaadja laptopja kijelz\u0151j\u00e9nek eredeti eleganci\u00e1j\u00e1t.<\/p>\n<p>F\u0151bb jellemz\u0151k:<\/p>\n<ul>\n<li>Alkatr\u00e9szsz\u00e1m: 60Y5348 \/ 3CGC3LBLV00<\/li>\n<li>Kompatibilit\u00e1s: ThinkPad SL510 Type 2847-3ZU<\/li>\n<li>Eredeti Lenovo term\u00e9k<\/li>\n<\/ul>\n<p>Ez az LCD-kijelz\u0151 el\u0151lapja nem csak egy kozmetikai friss\u00edt\u00e9s; ez bizony\u00edtja a Lenovo min\u0151s\u00e9g \u00e9s precizit\u00e1s ir\u00e1nti elk\u00f6telezetts\u00e9g\u00e9t. \u00dagy tervezt\u00e9k, hogy t\u00f6k\u00e9letesen illeszkedjen a ThinkPad SL510-hez, \u00e9s z\u00f6kken\u0151mentes integr\u00e1ci\u00f3t biztos\u00edt, amely megk\u00fcl\u00f6nb\u00f6ztethetetlen az eredetit\u0151l.<\/p>\n<p>K\u00e9rj\u00fck, vegye figyelembe, hogy ez a lista val\u00f3di f\u00e9nyk\u00e9peket tartalmaz a Lenovo LCD-kijelz\u0151 el\u0151lapj\u00e1r\u00f3l 60Y5348 3CGC3LBLV00, \u00e9s nem tartalmaz telep\u00edt\u00e9si utas\u00edt\u00e1st. Ha b\u00e1rmilyen k\u00e9rd\u00e9se van, vagy tov\u00e1bbi seg\u00edts\u00e9gre van sz\u00fcks\u00e9ge, forduljon bizalommal. Friss\u00edtse ThinkPad SL510 megjelen\u00e9s\u00e9t ezzel az autentikus Lenovo el\u0151lappal, \u00e9s \u00e1ll\u00edtsa vissza eredeti megjelen\u00e9s\u00e9t.<\/p>\n","protected":false},"excerpt":{"rendered":"<p>Fejlessze ThinkPad SL510 Type 2847-3ZU k\u00e9sz\u00fcl\u00e9k\u00e9t ezzel az eredeti Lenovo LCD kijelz\u0151 el\u0151lappal (cikksz\u00e1m: 60Y5348 vagy 3CGC3LBLV00). Ezt a csereel\u0151lapot \u00fagy tervezt\u00e9k, hogy vissza\u00e1ll\u00edtsa laptopja kijelz\u0151j\u00e9nek eredeti megjelen\u00e9s\u00e9t. A prec\u00edzi\u00f3s kialak\u00edt\u00e1snak k\u00f6sz\u00f6nhet\u0151en t\u00f6k\u00e9letesen illeszkedik a ThinkPad SL510-hez. Emelje fel laptopja eszt\u00e9tik\u00e1j\u00e1t ezzel az autentikus Lenovo alkatr\u00e9szsel.<\/p>\n","protected":false},"featured_media":4787,"template":"","meta":[],"product_brand":[],"product_cat":[16],"product_tag":[26],"class_list":{"0":"post-4741","1":"product","2":"type-product","3":"status-publish","4":"has-post-thumbnail","6":"product_cat-laptop-housing","7":"product_tag-lenovo","9":"first","10":"instock","11":"taxable","12":"shipping-taxable","13":"purchasable","14":"product-type-simple"},"_links":{"self":[{"href":"https:\/\/boreait.com\/hu\/wp-json\/wp\/v2\/product\/4741","targetHints":{"allow":["GET"]}}],"collection":[{"href":"https:\/\/boreait.com\/hu\/wp-json\/wp\/v2\/product"}],"about":[{"href":"https:\/\/boreait.com\/hu\/wp-json\/wp\/v2\/types\/product"}],"wp:featuredmedia":[{"embeddable":true,"href":"https:\/\/boreait.com\/hu\/wp-json\/wp\/v2\/media\/4787"}],"wp:attachment":[{"href":"https:\/\/boreait.com\/hu\/wp-json\/wp\/v2\/media?parent=4741"}],"wp:term":[{"taxonomy":"product_brand","embeddable":true,"href":"https:\/\/boreait.com\/hu\/wp-json\/wp\/v2\/product_brand?post=4741"},{"taxonomy":"product_cat","embeddable":true,"href":"https:\/\/boreait.com\/hu\/wp-json\/wp\/v2\/product_cat?post=4741"},{"taxonomy":"product_tag","embeddable":true,"href":"https:\/\/boreait.com\/hu\/wp-json\/wp\/v2\/product_tag?post=4741"}],"curies":[{"name":"wp","href":"https:\/\/api.w.org\/{rel}","templated":true}]}}