{"id":4725,"date":"2025-09-17T11:03:15","date_gmt":"2025-09-17T09:03:15","guid":{"rendered":"https:\/\/boreait.com\/hu\/?post_type=product&#038;p=4725"},"modified":"2025-09-17T11:04:26","modified_gmt":"2025-09-17T09:04:26","slug":"wm534-pk37b001200-dell-latitude-d630-pp18l-felso-burkolat-csuklotamasz","status":"publish","type":"product","link":"https:\/\/boreait.com\/hu\/termek\/wm534-pk37b001200-dell-latitude-d630-pp18l-felso-burkolat-csuklotamasz\/","title":{"rendered":"WM534 PK37B001200 Dell Latitude D630 PP18L fels\u0151 burkolat csukl\u00f3t\u00e1masz"},"content":{"rendered":"<p>A WM534 PK37B001200 Dell Top Cover csukl\u00f3t\u00e1masz elengedhetetlen cserealkatr\u00e9sz, amelyet a Dell Latitude D630 PP18L laptopsorozathoz terveztek. Z\u00f6kken\u0151mentes \u00e9s prec\u00edz illeszked\u00e9st k\u00edn\u00e1l, vissza\u00e1ll\u00edtva a laptop megjelen\u00e9s\u00e9t \u00e9s funkcionalit\u00e1s\u00e1t eredeti \u00e1llapot\u00e1ba.<\/p>\n<p>Kompatibilit\u00e1s: Kifejezetten a Dell Latitude D630 PP18L sorozathoz tervezt\u00e9k.<\/p>\n<p>Ez az eredeti Dell alkatr\u00e9sz tart\u00f3s \u00e9s megb\u00edzhat\u00f3 megold\u00e1st k\u00edn\u00e1l laptopj\u00e1hoz. K\u00f6nnyed\u00e9n telep\u00edtse a megl\u00e9v\u0151 s\u00e9r\u00fclt vagy elhaszn\u00e1l\u00f3dott fels\u0151 csukl\u00f3t\u00e1masz cser\u00e9j\u00e9hez. K\u00e9rj\u00fck, vegye figyelembe, hogy ez a lista val\u00f3di f\u00e9nyk\u00e9peket tartalmaz a WM534 PK37B001200 Dell Latitude D630 PP18L fels\u0151 csukl\u00f3t\u00e1maszr\u00f3l. Telep\u00edt\u00e9si utas\u00edt\u00e1sokat nem adunk, de seg\u00edt\u00fcnk, ha b\u00e1rmilyen k\u00e9rd\u00e9se van a term\u00e9kkel vagy a telep\u00edt\u00e9ssel kapcsolatban.<\/p>\n<p>Vissza\u00e1ll\u00edtsa Dell Latitude D630 PP18L eredeti eleganci\u00e1j\u00e1t \u00e9s funkcionalit\u00e1s\u00e1t ezzel az eredeti Dell fels\u0151 csukl\u00f3t\u00e1maszral. Ha tov\u00e1bbi inform\u00e1ci\u00f3ra vagy \u00fatmutat\u00e1sra van sz\u00fcks\u00e9ge, keressen bizalommal.<\/p>\n","protected":false},"excerpt":{"rendered":"<p>Jav\u00edtsa ki Dell Latitude D630 PP18L k\u00e9sz\u00fcl\u00e9k\u00e9t a WM534 PK37B001200 fels\u0151 burkolat csukl\u00f3t\u00e1masz seg\u00edts\u00e9g\u00e9vel. Ezt a fels\u0151 burkolat csukl\u00f3t\u00e1masz cserealkatr\u00e9szt kifejezetten a Dell Latitude D630 PP18L sorozathoz tervezt\u00e9k, \u00edgy biztos\u00edtva a t\u00f6k\u00e9letes illeszked\u00e9st. Emelje \u00fajj\u00e1 laptopja megjelen\u00e9s\u00e9t \u00e9s \u00e9rzet\u00e9t ezzel a kiv\u00e1l\u00f3 min\u0151s\u00e9g\u0171, eredeti Dell-komponenssel.<\/p>\n","protected":false},"featured_media":4777,"template":"","meta":[],"product_brand":[],"product_cat":[16],"product_tag":[17],"class_list":{"0":"post-4725","1":"product","2":"type-product","3":"status-publish","4":"has-post-thumbnail","6":"product_cat-laptop-housing","7":"product_tag-dell","9":"first","10":"instock","11":"taxable","12":"shipping-taxable","13":"purchasable","14":"product-type-simple"},"_links":{"self":[{"href":"https:\/\/boreait.com\/hu\/wp-json\/wp\/v2\/product\/4725","targetHints":{"allow":["GET"]}}],"collection":[{"href":"https:\/\/boreait.com\/hu\/wp-json\/wp\/v2\/product"}],"about":[{"href":"https:\/\/boreait.com\/hu\/wp-json\/wp\/v2\/types\/product"}],"wp:featuredmedia":[{"embeddable":true,"href":"https:\/\/boreait.com\/hu\/wp-json\/wp\/v2\/media\/4777"}],"wp:attachment":[{"href":"https:\/\/boreait.com\/hu\/wp-json\/wp\/v2\/media?parent=4725"}],"wp:term":[{"taxonomy":"product_brand","embeddable":true,"href":"https:\/\/boreait.com\/hu\/wp-json\/wp\/v2\/product_brand?post=4725"},{"taxonomy":"product_cat","embeddable":true,"href":"https:\/\/boreait.com\/hu\/wp-json\/wp\/v2\/product_cat?post=4725"},{"taxonomy":"product_tag","embeddable":true,"href":"https:\/\/boreait.com\/hu\/wp-json\/wp\/v2\/product_tag?post=4725"}],"curies":[{"name":"wp","href":"https:\/\/api.w.org\/{rel}","templated":true}]}}