{"id":4721,"date":"2025-09-17T11:03:14","date_gmt":"2025-09-17T09:03:14","guid":{"rendered":"https:\/\/boreait.com\/hu\/?post_type=product&#038;p=4721"},"modified":"2025-09-17T11:04:05","modified_gmt":"2025-09-17T09:04:05","slug":"dell-latitude-e6400-laptop-lcd-elolap-y852r-webkamera-porttal-fekete-ccfl-hiteles-es-amp-funkcionalis","status":"publish","type":"product","link":"https:\/\/boreait.com\/hu\/termek\/dell-latitude-e6400-laptop-lcd-elolap-y852r-webkamera-porttal-fekete-ccfl-hiteles-es-amp-funkcionalis\/","title":{"rendered":"Dell Latitude E6400 laptop LCD el\u0151lap Y852R webkamera porttal, fekete CCFL &#8211; hiteles \u00e9s amp; Funkcion\u00e1lis!"},"content":{"rendered":"<p>A Dell Latitude E6400 laptop LCD el\u0151lap Y852R fekete CCFL sz\u00ednben egy eredeti \u00e9s funkcion\u00e1lis cserealkatr\u00e9sz. A kifejezetten a Latitude E6400 sorozathoz tervezett el\u0151lap be\u00e9p\u00edtett webkamera-porttal biztos\u00edtja a hiteless\u00e9get \u00e9s a funkcionalit\u00e1st.<\/p>\n<p>F\u0151bb jellemz\u0151k:<\/p>\n<ul>\n<li>Modell: Dell Latitude E6400<\/li>\n<li>Alkatr\u00e9szsz\u00e1m: Y852R<\/li>\n<li>Sz\u00edn: fekete<\/li>\n<li>Webkamera portot tartalmaz<\/li>\n<li>CCFL<\/li>\n<\/ul>\n<p>Helyezze vissza laptopja eszt\u00e9tik\u00e1j\u00e1t \u00e9s funkcionalit\u00e1s\u00e1t, ha a s\u00e9r\u00fclt vagy elhaszn\u00e1l\u00f3dott el\u0151lapot ezzel az eredeti Dell alkatr\u00e9szre cser\u00e9li. Ide\u00e1lis megold\u00e1s a Dell Latitude E6400 eleg\u00e1ns megjelen\u00e9s\u00e9nek \u00e9s praktikum\u00e1nak meg\u0151rz\u00e9s\u00e9re.<\/p>\n<p>K\u00e9rj\u00fck, vegye figyelembe, hogy a lista val\u00f3s f\u00e9nyk\u00e9peket tartalmaz a Dell Latitude E6400 laptop LCD el\u0151lapj\u00e1r\u00f3l Y852R fekete CCFL webkamera-porttal. Ez a term\u00e9klista nem tartalmaz telep\u00edt\u00e9si utas\u00edt\u00e1sokat. Ha tov\u00e1bbi inform\u00e1ci\u00f3ra van sz\u00fcks\u00e9ge, vagy k\u00e9rd\u00e9se van, forduljon hozz\u00e1nk bizalommal. Adjon friss, autentikus megjelen\u00e9st Dell Latitude E6400 k\u00e9sz\u00fcl\u00e9k\u00e9nek ezzel az eredeti csereel\u0151lappal.<\/p>\n","protected":false},"excerpt":{"rendered":"<p>Fejlessze Dell Latitude E6400 laptopj\u00e1t az eredeti Y852R LCD el\u0151lappal. Ez a fekete CCFL el\u0151lap be\u00e9p\u00edtett webkamera-porttal rendelkezik, amely biztos\u00edtja a hiteless\u00e9get \u00e9s a funkcionalit\u00e1st. Eleven\u00edtse fel laptopja megjelen\u00e9s\u00e9t, \u00e9s tegye \u00fajszer\u0171v\u00e9 ezzel az eredeti cserealkatr\u00e9szsel.<\/p>\n","protected":false},"featured_media":4763,"template":"","meta":[],"product_brand":[],"product_cat":[16],"product_tag":[17],"class_list":{"0":"post-4721","1":"product","2":"type-product","3":"status-publish","4":"has-post-thumbnail","6":"product_cat-laptop-housing","7":"product_tag-dell","9":"first","10":"instock","11":"taxable","12":"shipping-taxable","13":"purchasable","14":"product-type-simple"},"_links":{"self":[{"href":"https:\/\/boreait.com\/hu\/wp-json\/wp\/v2\/product\/4721","targetHints":{"allow":["GET"]}}],"collection":[{"href":"https:\/\/boreait.com\/hu\/wp-json\/wp\/v2\/product"}],"about":[{"href":"https:\/\/boreait.com\/hu\/wp-json\/wp\/v2\/types\/product"}],"wp:featuredmedia":[{"embeddable":true,"href":"https:\/\/boreait.com\/hu\/wp-json\/wp\/v2\/media\/4763"}],"wp:attachment":[{"href":"https:\/\/boreait.com\/hu\/wp-json\/wp\/v2\/media?parent=4721"}],"wp:term":[{"taxonomy":"product_brand","embeddable":true,"href":"https:\/\/boreait.com\/hu\/wp-json\/wp\/v2\/product_brand?post=4721"},{"taxonomy":"product_cat","embeddable":true,"href":"https:\/\/boreait.com\/hu\/wp-json\/wp\/v2\/product_cat?post=4721"},{"taxonomy":"product_tag","embeddable":true,"href":"https:\/\/boreait.com\/hu\/wp-json\/wp\/v2\/product_tag?post=4721"}],"curies":[{"name":"wp","href":"https:\/\/api.w.org\/{rel}","templated":true}]}}