{"id":4707,"date":"2025-09-17T11:02:52","date_gmt":"2025-09-17T09:02:52","guid":{"rendered":"https:\/\/boreait.com\/hu\/?post_type=product&#038;p=4707"},"modified":"2025-09-17T11:03:48","modified_gmt":"2025-09-17T09:03:48","slug":"asus-eeepc-1001px-0kna-191it02mp-09a3610-5283-ita-olasz-billentyuzet-eredeti","status":"publish","type":"product","link":"https:\/\/boreait.com\/hu\/termek\/asus-eeepc-1001px-0kna-191it02mp-09a3610-5283-ita-olasz-billentyuzet-eredeti\/","title":{"rendered":"Asus EEEpc 1001PX 0KNA-191IT02MP-09A3610-5283 ITA olasz billenty\u0171zet eredeti"},"content":{"rendered":"<p>\u00c1ll\u00edtsa vissza Asus EEEpc 1001PX k\u00e9sz\u00fcl\u00e9k\u00e9nek eredetis\u00e9g\u00e9t a 0KNA-191IT02MP-09A3610-5283 ITA olasz billenty\u0171zettel. Ez a billenty\u0171zetcsere ugyanazt a min\u0151s\u00e9get \u00e9s funkcionalit\u00e1st k\u00edn\u00e1lja, mint az eredeti, hiteles olasz g\u00e9pel\u00e9si \u00e9lm\u00e9nyt ny\u00fajtva laptopj\u00e1nak.<\/p>\n<p>F\u0151bb jellemz\u0151k:<\/p>\n<ul>\n<li>T\u00edpus: 0KNA-191IT02MP-09A3610-5283<\/li>\n<li>Nyelv: ITA olasz<\/li>\n<li>Kompatibilit\u00e1s: Asus EEEpc 1001PX<\/li>\n<li>Eredeti, eredeti alkatr\u00e9sz<\/li>\n<\/ul>\n<p>Ez a cserebillenty\u0171zet ide\u00e1lis megold\u00e1s, ha ki kell cser\u00e9lnie Asus EEEpc 1001PX k\u00e9sz\u00fcl\u00e9ke s\u00e9r\u00fclt vagy hib\u00e1san m\u0171k\u00f6d\u0151 billenty\u0171zet\u00e9t. Kialak\u00edt\u00e1sa t\u00f6k\u00e9letes illeszked\u00e9st \u00e9s z\u00f6kken\u0151mentes funkcionalit\u00e1st biztos\u00edt, ak\u00e1rcsak a laptophoz mell\u00e9kelt eredeti billenty\u0171zet.<\/p>\n<p>K\u00e9rj\u00fck, vegye figyelembe, hogy ez a lista az Asus EEEpc 1001PX eredeti ITA olasz billenty\u0171zet\u00e9nek (0KNA-191IT02MP-09A3610-5283) val\u00f3s fot\u00f3it tartalmazza. Fontos megjegyezni, hogy nincs mell\u00e9kelve telep\u00edt\u00e9si utas\u00edt\u00e1s. Ha b\u00e1rmilyen k\u00e9rd\u00e9se van, vagy tov\u00e1bbi r\u00e9szletekre van sz\u00fcks\u00e9ge, k\u00e9rj\u00fck, ne habozzon kapcsolatba l\u00e9pni vel\u00fcnk. \u00daj\u00edtsa meg laptopja haszn\u00e1lhat\u00f3s\u00e1g\u00e1t ezzel az eredeti olasz billenty\u0171zetcser\u00e9vel.<\/p>\n","protected":false},"excerpt":{"rendered":"<p>Jav\u00edtsa Asus EEEpc 1001PX k\u00e9sz\u00fcl\u00e9k\u00e9t az eredeti ITA olasz billenty\u0171zettel &#8211; 0KNA-191IT02MP-09A3610-5283 modell. Ezt az eredeti billenty\u0171zetcser\u00e9t \u00fagy tervezt\u00e9k, hogy t\u00f6k\u00e9letesen illeszkedjen \u00e9s \u00fagy m\u0171k\u00f6dj\u00f6n, mint az eredeti billenty\u0171zet, \u00edgy hiteles olasz g\u00e9pel\u00e9si \u00e9lm\u00e9nyt ny\u00fajt. \u00c1ll\u00edtsa vissza laptopja funkcionalit\u00e1s\u00e1t ezzel a kiv\u00e1l\u00f3 min\u0151s\u00e9g\u0171 cserebillenty\u0171zettel.<\/p>\n","protected":false},"featured_media":4755,"template":"","meta":[],"product_brand":[],"product_cat":[35],"product_tag":[30],"class_list":{"0":"post-4707","1":"product","2":"type-product","3":"status-publish","4":"has-post-thumbnail","6":"product_cat-laptop-keyboard","7":"product_tag-asus","9":"first","10":"instock","11":"taxable","12":"shipping-taxable","13":"purchasable","14":"product-type-simple"},"_links":{"self":[{"href":"https:\/\/boreait.com\/hu\/wp-json\/wp\/v2\/product\/4707","targetHints":{"allow":["GET"]}}],"collection":[{"href":"https:\/\/boreait.com\/hu\/wp-json\/wp\/v2\/product"}],"about":[{"href":"https:\/\/boreait.com\/hu\/wp-json\/wp\/v2\/types\/product"}],"wp:featuredmedia":[{"embeddable":true,"href":"https:\/\/boreait.com\/hu\/wp-json\/wp\/v2\/media\/4755"}],"wp:attachment":[{"href":"https:\/\/boreait.com\/hu\/wp-json\/wp\/v2\/media?parent=4707"}],"wp:term":[{"taxonomy":"product_brand","embeddable":true,"href":"https:\/\/boreait.com\/hu\/wp-json\/wp\/v2\/product_brand?post=4707"},{"taxonomy":"product_cat","embeddable":true,"href":"https:\/\/boreait.com\/hu\/wp-json\/wp\/v2\/product_cat?post=4707"},{"taxonomy":"product_tag","embeddable":true,"href":"https:\/\/boreait.com\/hu\/wp-json\/wp\/v2\/product_tag?post=4707"}],"curies":[{"name":"wp","href":"https:\/\/api.w.org\/{rel}","templated":true}]}}