{"id":4688,"date":"2025-09-17T11:02:28","date_gmt":"2025-09-17T09:02:28","guid":{"rendered":"https:\/\/boreait.com\/hu\/?post_type=product&#038;p=4688"},"modified":"2026-01-18T13:52:12","modified_gmt":"2026-01-18T12:52:12","slug":"samsung-m470t2864eh3-cf7-laptop-memoria-1gb-ddr2-pc2-6400-ram-modul-fokozott-teljesitmeny","status":"publish","type":"product","link":"https:\/\/boreait.com\/hu\/termek\/samsung-m470t2864eh3-cf7-laptop-memoria-1gb-ddr2-pc2-6400-ram-modul-fokozott-teljesitmeny\/","title":{"rendered":"Samsung M470T2864EH3-CF7 Laptop mem\u00f3ria 1GB DDR2 PC2 6400 RAM Modul &#8211; Fokozott teljes\u00edtm\u00e9ny!"},"content":{"rendered":"<p>A Samsung M470T2864EH3-CF7 laptop mem\u00f3riamodul a t\u00f6k\u00e9letes megold\u00e1s laptopja teljes\u00edtm\u00e9ny\u00e9nek n\u00f6vel\u00e9s\u00e9re. A PC2-6400 sebess\u00e9ggel m\u0171k\u00f6d\u0151 1 GB DDR2 mem\u00f3ri\u00e1val ez a RAM modul gyorsabb adatel\u00e9r\u00e9st \u00e9s jobb t\u00f6bbfeladatos k\u00e9pess\u00e9get biztos\u00edt laptopja sz\u00e1m\u00e1ra.<\/p>\n<p>F\u0151bb jellemz\u0151k:<\/p>\n<ul>\n<li>Mem\u00f3ria m\u00e9rete: 1 GB<\/li>\n<li>Mem\u00f3ria t\u00edpusa: DDR2 SDRAM<\/li>\n<li>Mem\u00f3ria sebess\u00e9ge: PC2-6400 (800 MHz)<\/li>\n<li>Kompatibilit\u00e1s: K\u00fcl\u00f6nf\u00e9le laptopmodellekhez haszn\u00e1lhat\u00f3<\/li>\n<\/ul>\n<p>Tapasztalja meg laptopja sebess\u00e9g\u00e9nek \u00e9s v\u00e1laszk\u00e9szs\u00e9g\u00e9nek \u00e1ltal\u00e1nos javul\u00e1s\u00e1t, \u00edgy a t\u00f6bbfeladatos munkav\u00e9gz\u00e9s gyerekj\u00e1t\u00e9k. Legyen sz\u00f3 h\u00e9tk\u00f6znapi felhaszn\u00e1l\u00f3r\u00f3l, aki g\u00f6rd\u00fcl\u00e9kenyebb m\u0171veletekre v\u00e1gyik, vagy egy nagy teljes\u00edtm\u00e9ny\u0171 felhaszn\u00e1l\u00f3nak, aki t\u00f6bbet k\u00edv\u00e1n a laptopj\u00e1t\u00f3l, ez a Samsung mem\u00f3riamodul kiv\u00e1l\u00f3 v\u00e1laszt\u00e1s.<\/p>\n<p>K\u00e9rj\u00fck, vegye figyelembe, hogy ez a lista eredeti f\u00e9nyk\u00e9peket tartalmaz a Samsung M470T2864EH3-CF7 laptop mem\u00f3ria 1 GB DDR2 PC2 6400 modulj\u00e1r\u00f3l. Nincsenek telep\u00edt\u00e9si utas\u00edt\u00e1sok. Ha k\u00e9rd\u00e9se van, vagy tov\u00e1bbi inform\u00e1ci\u00f3ra van sz\u00fcks\u00e9ge, k\u00e9rj\u00fck, forduljon hozz\u00e1nk bizalommal. B\u0151v\u00edtse laptopja mem\u00f3ri\u00e1j\u00e1t a Samsung megb\u00edzhat\u00f3s\u00e1g\u00e1val a hat\u00e9konyabb sz\u00e1m\u00edt\u00e1stechnikai \u00e9lm\u00e9ny \u00e9rdek\u00e9ben.<\/p>\n","protected":false},"excerpt":{"rendered":"<p>N\u00f6velje laptopja teljes\u00edtm\u00e9ny\u00e9t a Samsung M470T2864EH3-CF7 laptopmem\u00f3ri\u00e1val, 1 GB DDR2 PC2 6400. Ezt a DDR2 RAM-modult \u00fagy tervezt\u00e9k, hogy jelent\u0151sen megn\u00f6velje laptopja sebess\u00e9g\u00e9t \u00e9s t\u00f6bbfeladatos k\u00e9pess\u00e9geit. B\u0151v\u00edtse laptopja mem\u00f3ri\u00e1j\u00e1t ezzel a megb\u00edzhat\u00f3 \u00e9s hat\u00e9kony Samsung modullal a g\u00f6rd\u00fcl\u00e9kenyebb sz\u00e1m\u00edt\u00e1stechnikai \u00e9lm\u00e9ny \u00e9rdek\u00e9ben.<\/p>\n","protected":false},"featured_media":4736,"template":"","meta":[],"product_brand":[],"product_cat":[41,36],"product_tag":[],"class_list":{"0":"post-4688","1":"product","2":"type-product","3":"status-publish","4":"has-post-thumbnail","6":"product_cat-ddr2","7":"product_cat-ram-memory","9":"first","10":"instock","11":"taxable","12":"shipping-taxable","13":"purchasable","14":"product-type-simple"},"_links":{"self":[{"href":"https:\/\/boreait.com\/hu\/wp-json\/wp\/v2\/product\/4688","targetHints":{"allow":["GET"]}}],"collection":[{"href":"https:\/\/boreait.com\/hu\/wp-json\/wp\/v2\/product"}],"about":[{"href":"https:\/\/boreait.com\/hu\/wp-json\/wp\/v2\/types\/product"}],"wp:featuredmedia":[{"embeddable":true,"href":"https:\/\/boreait.com\/hu\/wp-json\/wp\/v2\/media\/4736"}],"wp:attachment":[{"href":"https:\/\/boreait.com\/hu\/wp-json\/wp\/v2\/media?parent=4688"}],"wp:term":[{"taxonomy":"product_brand","embeddable":true,"href":"https:\/\/boreait.com\/hu\/wp-json\/wp\/v2\/product_brand?post=4688"},{"taxonomy":"product_cat","embeddable":true,"href":"https:\/\/boreait.com\/hu\/wp-json\/wp\/v2\/product_cat?post=4688"},{"taxonomy":"product_tag","embeddable":true,"href":"https:\/\/boreait.com\/hu\/wp-json\/wp\/v2\/product_tag?post=4688"}],"curies":[{"name":"wp","href":"https:\/\/api.w.org\/{rel}","templated":true}]}}