{"id":4684,"date":"2025-09-17T11:02:27","date_gmt":"2025-09-17T09:02:27","guid":{"rendered":"https:\/\/boreait.com\/hu\/?post_type=product&#038;p=4684"},"modified":"2026-01-18T13:47:17","modified_gmt":"2026-01-18T12:47:17","slug":"hynix-hymp112s64cp6-y5-1gb-ddr2-pc2-5300s-laptop-memoria-ram-modul-megnovelt-teljesitmeny","status":"publish","type":"product","link":"https:\/\/boreait.com\/hu\/termek\/hynix-hymp112s64cp6-y5-1gb-ddr2-pc2-5300s-laptop-memoria-ram-modul-megnovelt-teljesitmeny\/","title":{"rendered":"HYNIX HYMP112S64CP6-Y5 1GB DDR2 PC2 5300S laptop mem\u00f3ria RAM modul \u2013 megn\u00f6velt teljes\u00edtm\u00e9ny!"},"content":{"rendered":"<p>A HYNIX HYMP112S64CP6-Y5 1 GB DDR2 PC2 5300S laptop mem\u00f3riamodul kiv\u00e1l\u00f3 v\u00e1laszt\u00e1s laptopja k\u00e9pess\u00e9geinek b\u0151v\u00edt\u00e9s\u00e9re. Az 1 GB DDR2 mem\u00f3ri\u00e1val \u00e9s a PC2 5300S besorol\u00e1s\u00e1val ez a mem\u00f3riamodul jobb teljes\u00edtm\u00e9nyt \u00e9s v\u00e1laszk\u00e9szs\u00e9get \u00edg\u00e9r a rendszer sz\u00e1m\u00e1ra.<\/p>\n<p>F\u0151bb jellemz\u0151k:<\/p>\n<ul>\n<li>Mem\u00f3riakapacit\u00e1s: 1 GB<\/li>\n<li>Mem\u00f3ria t\u00edpusa: DDR2<\/li>\n<li>Sebess\u00e9g: PC2-5300S<\/li>\n<\/ul>\n<p>A laptop mem\u00f3ri\u00e1j\u00e1nak b\u0151v\u00edt\u00e9se hat\u00e9kony m\u00f3dja annak, hogy n\u00f6velje a teljes\u00edtm\u00e9ny\u00e9t, sim\u00e1bb t\u00f6bbfeladatos munkav\u00e9gz\u00e9st, gyorsabb adatfeldolgoz\u00e1st \u00e9s \u00f6sszess\u00e9g\u00e9ben jobb rendszerreakci\u00f3t tesz lehet\u0151v\u00e9. Ez a HYNIX mem\u00f3riamodul megb\u00edzhat\u00f3 \u00e9s k\u00f6lts\u00e9ghat\u00e9kony megold\u00e1s laptopja k\u00e9pess\u00e9geinek b\u0151v\u00edt\u00e9s\u00e9re.<\/p>\n<p>K\u00e9rj\u00fck, vegye figyelembe, hogy ez a lista val\u00f3di f\u00e9nyk\u00e9peket tartalmaz a HYNIX HYMP112S64CP6-Y5 1 GB DDR2 PC2 5300S laptop mem\u00f3riamodulj\u00e1r\u00f3l. Telep\u00edt\u00e9si utas\u00edt\u00e1sokat nem adunk, de tov\u00e1bbi k\u00e9rd\u00e9sekkel vagy seg\u00edts\u00e9ggel forduljon bizalommal.<\/p>\n<p>N\u00f6velje laptopja teljes\u00edtm\u00e9ny\u00e9t ezzel a HYNIX mem\u00f3riamodullal, \u00e9s tapasztalja meg a rendszer sebess\u00e9g\u00e9nek \u00e9s t\u00f6bbfeladatos k\u00e9pess\u00e9geinek javul\u00e1s\u00e1t.<\/p>\n","protected":false},"excerpt":{"rendered":"<p>N\u00f6velje laptopja teljes\u00edtm\u00e9ny\u00e9t a HYNIX HYMP112S64CP6-Y5 1 GB DDR2 PC2 5300S laptop RAM modullal. Ezt a kiv\u00e1l\u00f3 min\u0151s\u00e9g\u0171 mem\u00f3riamodult \u00fagy tervezt\u00e9k, hogy n\u00f6velje laptopja sebess\u00e9g\u00e9t \u00e9s t\u00f6bbfeladatos k\u00e9pess\u00e9g\u00e9t. Az 1 GB DDR2 mem\u00f3ri\u00e1val \u00e9s a PC2 5300S besorol\u00e1s\u00e1val sim\u00e1bb m\u0171k\u00f6d\u00e9st biztos\u00edt rendszere sz\u00e1m\u00e1ra. N\u00f6velje laptopja teljes\u00edtm\u00e9ny\u00e9t, \u00e9s tapasztalja meg a gyorsabb adatfeldolgoz\u00e1st \u00e9s a tov\u00e1bbfejlesztett t\u00f6bbfeladatos munkav\u00e9gz\u00e9st.<\/p>\n","protected":false},"featured_media":4732,"template":"","meta":[],"product_brand":[],"product_cat":[41,36],"product_tag":[],"class_list":{"0":"post-4684","1":"product","2":"type-product","3":"status-publish","4":"has-post-thumbnail","6":"product_cat-ddr2","7":"product_cat-ram-memory","9":"first","10":"instock","11":"taxable","12":"shipping-taxable","13":"purchasable","14":"product-type-simple"},"_links":{"self":[{"href":"https:\/\/boreait.com\/hu\/wp-json\/wp\/v2\/product\/4684","targetHints":{"allow":["GET"]}}],"collection":[{"href":"https:\/\/boreait.com\/hu\/wp-json\/wp\/v2\/product"}],"about":[{"href":"https:\/\/boreait.com\/hu\/wp-json\/wp\/v2\/types\/product"}],"wp:featuredmedia":[{"embeddable":true,"href":"https:\/\/boreait.com\/hu\/wp-json\/wp\/v2\/media\/4732"}],"wp:attachment":[{"href":"https:\/\/boreait.com\/hu\/wp-json\/wp\/v2\/media?parent=4684"}],"wp:term":[{"taxonomy":"product_brand","embeddable":true,"href":"https:\/\/boreait.com\/hu\/wp-json\/wp\/v2\/product_brand?post=4684"},{"taxonomy":"product_cat","embeddable":true,"href":"https:\/\/boreait.com\/hu\/wp-json\/wp\/v2\/product_cat?post=4684"},{"taxonomy":"product_tag","embeddable":true,"href":"https:\/\/boreait.com\/hu\/wp-json\/wp\/v2\/product_tag?post=4684"}],"curies":[{"name":"wp","href":"https:\/\/api.w.org\/{rel}","templated":true}]}}