{"id":4683,"date":"2025-09-17T11:02:27","date_gmt":"2025-09-17T09:02:27","guid":{"rendered":"https:\/\/boreait.com\/hu\/?post_type=product&#038;p=4683"},"modified":"2026-01-18T13:46:57","modified_gmt":"2026-01-18T12:46:57","slug":"eredeti-toshiba-satellite-s50-b-s50t-b-l50-b-led-kartya-dablidyb8c0-3nblilb0010","status":"publish","type":"product","link":"https:\/\/boreait.com\/hu\/termek\/eredeti-toshiba-satellite-s50-b-s50t-b-l50-b-led-kartya-dablidyb8c0-3nblilb0010\/","title":{"rendered":"Eredeti Toshiba Satellite S50-B S50T-B L50-B LED k\u00e1rtya DABLIDYB8C0 3NBLILB0010"},"content":{"rendered":"<p>Keltse \u00fajra \u00e9letre Toshiba Satellite S50-B, S50T-B vagy L50-B laptopj\u00e1t az Eredeti Toshiba LED k\u00e1rty\u00e1val, a DABLIDYB8C0 3NBLILB0010. Ez az eredeti LED t\u00e1bla garant\u00e1lja a z\u00f6kken\u0151mentes illeszked\u00e9st \u00e9s a megfelel\u0151 funkcionalit\u00e1st, biztos\u00edtva, hogy laptopja kijelz\u0151je a rendeltet\u00e9sszer\u0171en m\u0171k\u00f6dj\u00f6n.<\/p>\n<p>F\u0151bb jellemz\u0151k:<\/p>\n<ul>\n<li>Toshiba Satellite S50-B, S50T-B, L50-B laptopokhoz tervezve<\/li>\n<li>Eredeti Toshiba cserealkatr\u00e9sz<\/li>\n<li>Modell: DABLIdyB8C0 3NBLILB0010<\/li>\n<\/ul>\n<p>Vissza\u00e1ll\u00edthatja laptopja kijelz\u0151j\u00e9nek eredeti min\u0151s\u00e9g\u00e9t \u00e9s teljes\u00edtm\u00e9ny\u00e9t ezzel az autentikus Toshiba LED-k\u00e1rty\u00e1val. Felh\u00edvjuk figyelm\u00e9t, hogy ez a lista t\u00e9nyleges term\u00e9kk\u00e9peket tartalmaz, \u00e9s nem tartalmaz telep\u00edt\u00e9si utas\u00edt\u00e1st. Ha tov\u00e1bbi k\u00e9rd\u00e9se van, vagy seg\u00edts\u00e9gre van sz\u00fcks\u00e9ge, ne habozzon kapcsolatba l\u00e9pni vel\u00fcnk.<\/p>\n","protected":false},"excerpt":{"rendered":"<p>Fejlessze Toshiba Satellite S50-B, S50T-B vagy L50-B laptopjait az Eredeti Toshiba LED k\u00e1rty\u00e1val DABLIDYB8C0 3NBLILB0010. Gy\u0151z\u0151dj\u00f6n meg arr\u00f3l, hogy laptopja kijelz\u0151je optim\u00e1lisan m\u0171k\u00f6dik ezzel az autentikus LED-k\u00e1rty\u00e1val. Az eredeti Toshiba min\u0151s\u00e9g biztos\u00edtja a kompatibilit\u00e1st \u00e9s a megb\u00edzhat\u00f3s\u00e1got a z\u00f6kken\u0151mentes csere \u00e9rdek\u00e9ben. \u00c1ll\u00edtsa vissza laptopja k\u00e9perny\u0151j\u00e9t a kiv\u00e1l\u00f3 teljes\u00edtm\u00e9nyre.<\/p>\n","protected":false},"featured_media":4730,"template":"","meta":[],"product_brand":[],"product_cat":[27],"product_tag":[34],"class_list":{"0":"post-4683","1":"product","2":"type-product","3":"status-publish","4":"has-post-thumbnail","6":"product_cat-motherboards-board-parts","7":"product_tag-toshiba","9":"first","10":"instock","11":"taxable","12":"shipping-taxable","13":"purchasable","14":"product-type-simple"},"_links":{"self":[{"href":"https:\/\/boreait.com\/hu\/wp-json\/wp\/v2\/product\/4683","targetHints":{"allow":["GET"]}}],"collection":[{"href":"https:\/\/boreait.com\/hu\/wp-json\/wp\/v2\/product"}],"about":[{"href":"https:\/\/boreait.com\/hu\/wp-json\/wp\/v2\/types\/product"}],"wp:featuredmedia":[{"embeddable":true,"href":"https:\/\/boreait.com\/hu\/wp-json\/wp\/v2\/media\/4730"}],"wp:attachment":[{"href":"https:\/\/boreait.com\/hu\/wp-json\/wp\/v2\/media?parent=4683"}],"wp:term":[{"taxonomy":"product_brand","embeddable":true,"href":"https:\/\/boreait.com\/hu\/wp-json\/wp\/v2\/product_brand?post=4683"},{"taxonomy":"product_cat","embeddable":true,"href":"https:\/\/boreait.com\/hu\/wp-json\/wp\/v2\/product_cat?post=4683"},{"taxonomy":"product_tag","embeddable":true,"href":"https:\/\/boreait.com\/hu\/wp-json\/wp\/v2\/product_tag?post=4683"}],"curies":[{"name":"wp","href":"https:\/\/api.w.org\/{rel}","templated":true}]}}