{"id":4682,"date":"2025-09-17T11:02:26","date_gmt":"2025-09-17T09:02:26","guid":{"rendered":"https:\/\/boreait.com\/hu\/?post_type=product&#038;p=4682"},"modified":"2026-01-18T13:46:39","modified_gmt":"2026-01-18T12:46:39","slug":"samsung-2x2gb-pc3-8500s-ddr3-1066mhz-204-tus-m471b5673eh1-cf-memoria","status":"publish","type":"product","link":"https:\/\/boreait.com\/hu\/termek\/samsung-2x2gb-pc3-8500s-ddr3-1066mhz-204-tus-m471b5673eh1-cf-memoria\/","title":{"rendered":"Samsung 2x2GB PC3-8500S DDR3 1066MHz 204 t\u0171s M471B5673EH1-CF mem\u00f3ria"},"content":{"rendered":"<p>A Samsung 2&#215;2 GB-os PC3-8500S DDR3 1066 MHz-es 204 t\u0171s M471B5673EH1-CF mem\u00f3riak\u00e9szletet \u00fagy tervezt\u00e9k, hogy feler\u0151s\u00edtse laptopja teljes\u00edtm\u00e9ny\u00e9t. Az \u00f6sszesen 4 GB-os (2&#215;2 GB-os) DDR3 mem\u00f3riak\u00e9szlet jelent\u0151sen jav\u00edtja laptopja t\u00f6bbfeladatos k\u00e9pess\u00e9g\u00e9t \u00e9s \u00e1ltal\u00e1nos sebess\u00e9g\u00e9t.<\/p>\n<p>F\u0151bb specifik\u00e1ci\u00f3k:<\/p>\n<ul>\n<li>2 GB<\/li>\n<li>1066 MHz-en m\u0171k\u00f6d\u0151 PC3-8500S DDR3<\/li>\n<li>204 t\u0171s alakt\u00e9nyez\u0151<\/li>\n<\/ul>\n<p>Ez a mem\u00f3riab\u0151v\u00edt\u00e9s sim\u00e1bb adatfeldolgoz\u00e1st, gyorsabb hozz\u00e1f\u00e9r\u00e9st biztos\u00edt az alkalmaz\u00e1sokhoz \u00e9s gyorsabb t\u00f6bbfeladatos munkav\u00e9gz\u00e9st. Az 1066 MHz-es sebess\u00e9g biztos\u00edtja a laptop hat\u00e9kony m\u0171k\u00f6d\u00e9s\u00e9t, n\u00f6velve a termel\u00e9kenys\u00e9get \u00e9s a teljes\u00edtm\u00e9nyt.<\/p>\n<p>K\u00e9rj\u00fck, vegye figyelembe, hogy a megjelen\u00edtett term\u00e9kk\u00e9pek a Samsung 2x2GB PC3-8500S DDR3 1066MHz 204 t\u0171s M471B5673EH1-CF mem\u00f3ria val\u00f3di f\u00e9nyk\u00e9pei. Ez a lista nem tartalmazza a telep\u00edt\u00e9si utas\u00edt\u00e1sokat. Ha tov\u00e1bbi inform\u00e1ci\u00f3ra vagy seg\u00edts\u00e9gre van sz\u00fcks\u00e9ge, forduljon hozz\u00e1nk bizalommal. N\u00f6velje laptopja mem\u00f3riakapacit\u00e1s\u00e1t ezzel a Samsung RAM k\u00e9szlettel, \u00e9s tapasztalja meg rendszere jelent\u0151s teljes\u00edtm\u00e9nyn\u00f6veked\u00e9s\u00e9t.<\/p>\n","protected":false},"excerpt":{"rendered":"<p>Fokozza laptopja teljes\u00edtm\u00e9ny\u00e9t a Samsung 2x2GB PC3-8500S DDR3 1066MHz 204 t\u0171s M471B5673EH1-CF mem\u00f3ri\u00e1val. Ez a k\u00e9t 2 GB-os modulb\u00f3l \u00e1ll\u00f3 mem\u00f3riak\u00e9szlet fokozza laptopja t\u00f6bbfeladatos k\u00e9pess\u00e9g\u00e9t \u00e9s felgyors\u00edtja az adatfeldolgoz\u00e1st. 1066 MHz-en m\u0171k\u00f6dik, gyors v\u00e1laszad\u00e1st biztos\u00edt, \u00edgy kiv\u00e1l\u00f3 v\u00e1laszt\u00e1s laptopja mem\u00f3riakapacit\u00e1s\u00e1nak b\u0151v\u00edt\u00e9s\u00e9re.<\/p>\n","protected":false},"featured_media":4729,"template":"","meta":[],"product_brand":[],"product_cat":[37,36],"product_tag":[],"class_list":{"0":"post-4682","1":"product","2":"type-product","3":"status-publish","4":"has-post-thumbnail","6":"product_cat-ddr3-ddr3l","7":"product_cat-ram-memory","9":"first","10":"instock","11":"taxable","12":"shipping-taxable","13":"purchasable","14":"product-type-simple"},"_links":{"self":[{"href":"https:\/\/boreait.com\/hu\/wp-json\/wp\/v2\/product\/4682","targetHints":{"allow":["GET"]}}],"collection":[{"href":"https:\/\/boreait.com\/hu\/wp-json\/wp\/v2\/product"}],"about":[{"href":"https:\/\/boreait.com\/hu\/wp-json\/wp\/v2\/types\/product"}],"wp:featuredmedia":[{"embeddable":true,"href":"https:\/\/boreait.com\/hu\/wp-json\/wp\/v2\/media\/4729"}],"wp:attachment":[{"href":"https:\/\/boreait.com\/hu\/wp-json\/wp\/v2\/media?parent=4682"}],"wp:term":[{"taxonomy":"product_brand","embeddable":true,"href":"https:\/\/boreait.com\/hu\/wp-json\/wp\/v2\/product_brand?post=4682"},{"taxonomy":"product_cat","embeddable":true,"href":"https:\/\/boreait.com\/hu\/wp-json\/wp\/v2\/product_cat?post=4682"},{"taxonomy":"product_tag","embeddable":true,"href":"https:\/\/boreait.com\/hu\/wp-json\/wp\/v2\/product_tag?post=4682"}],"curies":[{"name":"wp","href":"https:\/\/api.w.org\/{rel}","templated":true}]}}