{"id":4670,"date":"2025-09-17T11:02:03","date_gmt":"2025-09-17T09:02:03","guid":{"rendered":"https:\/\/boreait.com\/hu\/?post_type=product&#038;p=4670"},"modified":"2025-09-17T11:03:17","modified_gmt":"2025-09-17T09:03:17","slug":"ls-3631p-nbx00004k00-toshiba-kabel-satellite-a215-s5837-usb-kartyahoz","status":"publish","type":"product","link":"https:\/\/boreait.com\/hu\/termek\/ls-3631p-nbx00004k00-toshiba-kabel-satellite-a215-s5837-usb-kartyahoz\/","title":{"rendered":"LS-3631P NBX00004K00 TOSHIBA K\u00c1BEL SATELLITE A215-S5837 USB k\u00e1rty\u00e1hoz"},"content":{"rendered":"<p>Az LS-3631P NBX00004K00 Toshiba USB-k\u00e1rtyak\u00e1bel egy eredeti cserealkatr\u00e9sz, amelyet a Toshiba Satellite A215-S5837-hez szabtak. Ez az USB-k\u00e1rtyak\u00e1bel ide\u00e1lis megold\u00e1st k\u00edn\u00e1l laptopja USB-funkci\u00f3inak vissza\u00e1ll\u00edt\u00e1s\u00e1ra vagy friss\u00edt\u00e9s\u00e9re.<\/p>\n<p>A Satellite A215-S5837 modellel kompatibilis ez az autentikus Toshiba alkatr\u00e9sz z\u00f6kken\u0151mentes csatlakoztathat\u00f3s\u00e1got biztos\u00edt eszk\u00f6ze sz\u00e1m\u00e1ra. \u00dagy tervezt\u00e9k, hogy t\u00f6k\u00e9letesen illeszkedjen \u00e9s hib\u00e1tlanul m\u0171k\u00f6dj\u00f6n, megb\u00edzhat\u00f3 USB-portokat k\u00edn\u00e1l k\u00fcl\u00f6nf\u00e9le ig\u00e9nyekhez, p\u00e9ld\u00e1ul k\u00fcls\u0151 eszk\u00f6z\u00f6k csatlakoztat\u00e1s\u00e1hoz vagy az adat\u00e1tvitel megk\u00f6nny\u00edt\u00e9s\u00e9hez.<\/p>\n<p>F\u0151bb jellemz\u0151k:<\/p>\n<ul>\n<li>Kompatibilis modell: Toshiba Satellite A215-S5837<\/li>\n<li>Alkatr\u00e9szsz\u00e1m: LS-3631P NBX00004K00<\/li>\n<li>Csak k\u00e1bel!<\/li>\n<li>Eredeti Toshiba cserealkatr\u00e9sz<\/li>\n<\/ul>\n<p>K\u00e9rj\u00fck, vegye figyelembe, hogy az ezen a list\u00e1n szerepl\u0151 term\u00e9kfot\u00f3k a t\u00e9nyleges LS-3631P NBX00004K00 Toshiba USB-k\u00e1rtyak\u00e1belt \u00e1br\u00e1zolj\u00e1k a Satellite A215-S5837-hez. Ez a lista nem tartalmazza a telep\u00edt\u00e9si utas\u00edt\u00e1sokat. Ha k\u00e9rd\u00e9se van, vagy tov\u00e1bbi inform\u00e1ci\u00f3ra van sz\u00fcks\u00e9ge, k\u00e9rj\u00fck, forduljon hozz\u00e1nk bizalommal.<\/p>\n<p>Friss\u00edtse Toshiba Satellite A215-S5837 k\u00e9sz\u00fcl\u00e9k\u00e9t ezzel az eredeti Toshiba USB-k\u00e1rtyak\u00e1bellel, hogy helyre\u00e1ll\u00edtsa az optim\u00e1lis kapcsolatot \u00e9s fenntartsa laptopja teljes\u00edtm\u00e9ny\u00e9t.<\/p>\n","protected":false},"excerpt":{"rendered":"<p>Fejlessze Toshiba Satellite A215-S5837 k\u00e9sz\u00fcl\u00e9k\u00e9t az LS-3631P NBX00004K00 USB-k\u00e1rtyak\u00e1bellel \u00e9s annak k\u00e1bel\u00e9vel. Ezt az eredeti Toshiba USB-k\u00e1rtyak\u00e1belt \u00fagy tervezt\u00e9k, hogy illeszkedjen \u00e9s hib\u00e1tlanul m\u0171k\u00f6dj\u00f6n, optim\u00e1lis csatlakoz\u00e1st biztos\u00edtva laptopj\u00e1hoz. \u00c1ll\u00edtsa vissza laptopja USB-funkci\u00f3it ezzel az autentikus r\u00e9sszel, hogy \u00e9lvezze a z\u00f6kken\u0151mentes kapcsolatokat \u00e9s a hat\u00e9kony adat\u00e1tvitelt.<\/p>\n","protected":false},"featured_media":4728,"template":"","meta":[],"product_brand":[],"product_cat":[20],"product_tag":[34],"class_list":{"0":"post-4670","1":"product","2":"type-product","3":"status-publish","4":"has-post-thumbnail","6":"product_cat-cables","7":"product_tag-toshiba","9":"first","10":"instock","11":"taxable","12":"shipping-taxable","13":"purchasable","14":"product-type-simple"},"_links":{"self":[{"href":"https:\/\/boreait.com\/hu\/wp-json\/wp\/v2\/product\/4670","targetHints":{"allow":["GET"]}}],"collection":[{"href":"https:\/\/boreait.com\/hu\/wp-json\/wp\/v2\/product"}],"about":[{"href":"https:\/\/boreait.com\/hu\/wp-json\/wp\/v2\/types\/product"}],"wp:featuredmedia":[{"embeddable":true,"href":"https:\/\/boreait.com\/hu\/wp-json\/wp\/v2\/media\/4728"}],"wp:attachment":[{"href":"https:\/\/boreait.com\/hu\/wp-json\/wp\/v2\/media?parent=4670"}],"wp:term":[{"taxonomy":"product_brand","embeddable":true,"href":"https:\/\/boreait.com\/hu\/wp-json\/wp\/v2\/product_brand?post=4670"},{"taxonomy":"product_cat","embeddable":true,"href":"https:\/\/boreait.com\/hu\/wp-json\/wp\/v2\/product_cat?post=4670"},{"taxonomy":"product_tag","embeddable":true,"href":"https:\/\/boreait.com\/hu\/wp-json\/wp\/v2\/product_tag?post=4670"}],"curies":[{"name":"wp","href":"https:\/\/api.w.org\/{rel}","templated":true}]}}