{"id":4669,"date":"2025-09-17T11:02:02","date_gmt":"2025-09-17T09:02:02","guid":{"rendered":"https:\/\/boreait.com\/hu\/?post_type=product&#038;p=4669"},"modified":"2025-09-17T11:03:13","modified_gmt":"2025-09-17T09:03:13","slug":"dell-latitude-e6400-dc02000i00l-erintopad-csatlakozokabel","status":"publish","type":"product","link":"https:\/\/boreait.com\/hu\/termek\/dell-latitude-e6400-dc02000i00l-erintopad-csatlakozokabel\/","title":{"rendered":"Dell Latitude E6400 DC02000I00L \u00e9rint\u0151pad csatlakoz\u00f3k\u00e1bel"},"content":{"rendered":"<p>A Dell Latitude E6400 DC02000I00L \u00e9rint\u0151pad csatlakoz\u00f3k\u00e1bel n\u00e9lk\u00fcl\u00f6zhetetlen cserealkatr\u00e9sz, amelyet a Dell Latitude E6400 laptop \u00e9rint\u0151pad funkci\u00f3inak helyre\u00e1ll\u00edt\u00e1s\u00e1ra \u00e9s karbantart\u00e1s\u00e1ra terveztek.<\/p>\n<p>Ha az \u00e9rint\u0151pad hib\u00e1san m\u0171k\u00f6dik vagy kapcsol\u00f3d\u00e1si probl\u00e9m\u00e1kat tapasztal, az \u00e9rint\u0151pad csatlakoz\u00f3k\u00e1bel\u00e9nek cser\u00e9je hat\u00e9konyan megoldhatja ezeket a probl\u00e9m\u00e1kat. Ezzel az eredeti Dell alkatr\u00e9szrel megb\u00edzhat\u00f3 \u00e9s biztons\u00e1gos kapcsolatot biztos\u00edt, amely z\u00f6kken\u0151mentes \u00e9rint\u0151pad teljes\u00edtm\u00e9nyt ny\u00fajt.<\/p>\n<p>F\u0151bb jellemz\u0151k:<\/p>\n<ul>\n<li>Modell: DC02000I00L<\/li>\n<li>Kompatibilit\u00e1s: Dell Latitude E6400<\/li>\n<li>Eredeti Dell cserealkatr\u00e9sz<\/li>\n<\/ul>\n<p>Fenntarthatja Dell Latitude E6400 \u00e9rint\u0151padja optim\u00e1lis m\u0171k\u00f6d\u00e9s\u00e9t ezzel a speci\u00e1lis \u00e9s hiteles \u00e9rint\u0151pad-csatlakoz\u00f3k\u00e1bellel. Felh\u00edvjuk figyelm\u00e9t, hogy ez a lista val\u00f3di f\u00e9nyk\u00e9peket tartalmaz a Dell Latitude E6400 DC02000I00L \u00e9rint\u0151pad csatlakoz\u00f3k\u00e1bel\u00e9r\u0151l. Telep\u00edt\u00e9si \u00fatmutat\u00f3 nincs megadva, de ha k\u00e9rd\u00e9se van, vagy seg\u00edts\u00e9gre van sz\u00fcks\u00e9ge, forduljon hozz\u00e1nk bizalommal.<\/p>\n<p>\u00dajra\u00e9leszti a Dell Latitude E6400 \u00e9rint\u0151pad teljes\u00edtm\u00e9ny\u00e9t ezzel az eredeti cserek\u00e1bellel, biztos\u00edtva<\/p>\n","protected":false},"excerpt":{"rendered":"<p>Cser\u00e9lje ki a Dell Latitude E6400 \u00e9rint\u0151pad csatlakoz\u00f3k\u00e1bel\u00e9t az eredeti DC02000I00L alkatr\u00e9szre. Gondoskodjon az \u00e9rint\u0151pad z\u00f6kken\u0151mentes m\u0171k\u00f6d\u00e9s\u00e9r\u0151l \u00e9s a megb\u00edzhat\u00f3 csatlakoz\u00e1sr\u00f3l, ezzel helyre\u00e1ll\u00edtva laptopja haszn\u00e1lhat\u00f3s\u00e1g\u00e1t. Ez a k\u00e1bel biztons\u00e1gos csatlakoz\u00e1st \u00e9s probl\u00e9mamentes telep\u00edt\u00e9st garant\u00e1l.<\/p>\n","protected":false},"featured_media":4720,"template":"","meta":[],"product_brand":[],"product_cat":[20],"product_tag":[17],"class_list":{"0":"post-4669","1":"product","2":"type-product","3":"status-publish","4":"has-post-thumbnail","6":"product_cat-cables","7":"product_tag-dell","9":"first","10":"instock","11":"taxable","12":"shipping-taxable","13":"purchasable","14":"product-type-simple"},"_links":{"self":[{"href":"https:\/\/boreait.com\/hu\/wp-json\/wp\/v2\/product\/4669","targetHints":{"allow":["GET"]}}],"collection":[{"href":"https:\/\/boreait.com\/hu\/wp-json\/wp\/v2\/product"}],"about":[{"href":"https:\/\/boreait.com\/hu\/wp-json\/wp\/v2\/types\/product"}],"wp:featuredmedia":[{"embeddable":true,"href":"https:\/\/boreait.com\/hu\/wp-json\/wp\/v2\/media\/4720"}],"wp:attachment":[{"href":"https:\/\/boreait.com\/hu\/wp-json\/wp\/v2\/media?parent=4669"}],"wp:term":[{"taxonomy":"product_brand","embeddable":true,"href":"https:\/\/boreait.com\/hu\/wp-json\/wp\/v2\/product_brand?post=4669"},{"taxonomy":"product_cat","embeddable":true,"href":"https:\/\/boreait.com\/hu\/wp-json\/wp\/v2\/product_cat?post=4669"},{"taxonomy":"product_tag","embeddable":true,"href":"https:\/\/boreait.com\/hu\/wp-json\/wp\/v2\/product_tag?post=4669"}],"curies":[{"name":"wp","href":"https:\/\/api.w.org\/{rel}","templated":true}]}}