{"id":4665,"date":"2025-09-17T11:02:01","date_gmt":"2025-09-17T09:02:01","guid":{"rendered":"https:\/\/boreait.com\/hu\/?post_type=product&#038;p=4665"},"modified":"2025-09-17T11:03:01","modified_gmt":"2025-09-17T09:03:01","slug":"toshiba-satellite-l750-erintopad-gombtabla-da0bl6tr6h0-32bl6tb0020","status":"publish","type":"product","link":"https:\/\/boreait.com\/hu\/termek\/toshiba-satellite-l750-erintopad-gombtabla-da0bl6tr6h0-32bl6tb0020\/","title":{"rendered":"Toshiba Satellite L750 \u00e9rint\u0151pad gombt\u00e1bla DA0BL6TR6H0 32BL6TB0020"},"content":{"rendered":"<p>Revitaliz\u00e1lja a Toshiba Satellite L750 \u00e9rint\u0151pad funkci\u00f3it az eredeti Toshiba Touchpad Button Board seg\u00edts\u00e9g\u00e9vel (cikksz\u00e1m: DA0BL6TR6H0 32BL6TB0020).<\/p>\n<p>Ez a cserealkatr\u00e9sz, amelyet kifejezetten a Satellite L750 modellhez terveztek, vissza\u00e1ll\u00edtja az \u00e9rint\u0151pad eredeti \u00e9rz\u00e9kenys\u00e9g\u00e9t \u00e9s pontoss\u00e1g\u00e1t. Ak\u00e1r egy hib\u00e1s \u00e9rint\u0151padot szeretne megjav\u00edtani, ak\u00e1r egyszer\u0171en csak friss\u00edti eszk\u00f6z\u00e9t, ez a Toshiba \u00e9rint\u0151pad gombt\u00e1bla z\u00f6kken\u0151mentes felhaszn\u00e1l\u00f3i \u00e9lm\u00e9nyt biztos\u00edt.<\/p>\n<p>F\u0151bb jellemz\u0151k:<\/p>\n<ul>\n<li>Alkatr\u00e9szsz\u00e1m: DA0BL6TR6H0 32BL6TB0020<\/li>\n<li>Toshiba Satellite L750 kompatibilis<\/li>\n<li>Tartalmazza az \u00e9rint\u0151pad gombt\u00e1bl\u00e1j\u00e1t<\/li>\n<\/ul>\n<p>K\u00e9rj\u00fck, vegye figyelembe, hogy a lista a Satellite L750 k\u00e9sz\u00fcl\u00e9khez k\u00e9sz\u00fclt Toshiba Touchpad Button Board t\u00e9nyleges term\u00e9kk\u00e9peit tartalmazza. Nincsenek telep\u00edt\u00e9si utas\u00edt\u00e1sok. Ha k\u00e9rd\u00e9se van, vagy tov\u00e1bbi seg\u00edts\u00e9gre van sz\u00fcks\u00e9ge, forduljon hozz\u00e1nk bizalommal. Ezzel az eredeti Toshiba cserealkatr\u00e9szrel \u00e1ll\u00edtsa vissza Toshiba Satellite L750 \u00e9rint\u0151padj\u00e1nak optim\u00e1lis m\u0171k\u00f6d\u00e9s\u00e9t.<\/p>\n","protected":false},"excerpt":{"rendered":"<p>B\u0151v\u00edtse Toshiba Satellite L750 k\u00e9sz\u00fcl\u00e9k\u00e9t a Toshiba Touchpad gombk\u00e1rty\u00e1val (cikksz\u00e1m: DA0BL6TR6H0 32BL6TB0020). Ez az eredeti cserealkatr\u00e9sz biztos\u00edtja az \u00e9rint\u0151pad pontos m\u0171k\u00f6d\u00e9s\u00e9t, lehet\u0151v\u00e9 t\u00e9ve a laptop \u00e9rint\u0151padj\u00e1nak vissza\u00e1ll\u00edt\u00e1s\u00e1t vagy friss\u00edt\u00e9s\u00e9t. Fenntartja Satellite L750 \u00e9rint\u0151padj\u00e1nak \u00e9rz\u00e9kenys\u00e9g\u00e9t \u00e9s megb\u00edzhat\u00f3s\u00e1g\u00e1t ezzel a min\u0151s\u00e9gi, eredeti Toshiba alkatr\u00e9szsel.<\/p>\n","protected":false},"featured_media":4714,"template":"","meta":[],"product_brand":[],"product_cat":[27],"product_tag":[34],"class_list":{"0":"post-4665","1":"product","2":"type-product","3":"status-publish","4":"has-post-thumbnail","6":"product_cat-motherboards-board-parts","7":"product_tag-toshiba","9":"first","10":"instock","11":"taxable","12":"shipping-taxable","13":"purchasable","14":"product-type-simple"},"_links":{"self":[{"href":"https:\/\/boreait.com\/hu\/wp-json\/wp\/v2\/product\/4665","targetHints":{"allow":["GET"]}}],"collection":[{"href":"https:\/\/boreait.com\/hu\/wp-json\/wp\/v2\/product"}],"about":[{"href":"https:\/\/boreait.com\/hu\/wp-json\/wp\/v2\/types\/product"}],"wp:featuredmedia":[{"embeddable":true,"href":"https:\/\/boreait.com\/hu\/wp-json\/wp\/v2\/media\/4714"}],"wp:attachment":[{"href":"https:\/\/boreait.com\/hu\/wp-json\/wp\/v2\/media?parent=4665"}],"wp:term":[{"taxonomy":"product_brand","embeddable":true,"href":"https:\/\/boreait.com\/hu\/wp-json\/wp\/v2\/product_brand?post=4665"},{"taxonomy":"product_cat","embeddable":true,"href":"https:\/\/boreait.com\/hu\/wp-json\/wp\/v2\/product_cat?post=4665"},{"taxonomy":"product_tag","embeddable":true,"href":"https:\/\/boreait.com\/hu\/wp-json\/wp\/v2\/product_tag?post=4665"}],"curies":[{"name":"wp","href":"https:\/\/api.w.org\/{rel}","templated":true}]}}