{"id":4662,"date":"2025-09-17T11:02:00","date_gmt":"2025-09-17T09:02:00","guid":{"rendered":"https:\/\/boreait.com\/hu\/?post_type=product&#038;p=4662"},"modified":"2026-01-18T11:19:46","modified_gmt":"2026-01-18T10:19:46","slug":"lenovo-thinkpad-sl510-laptop-memoria-fedel-ajtaja","status":"publish","type":"product","link":"https:\/\/boreait.com\/hu\/termek\/lenovo-thinkpad-sl510-laptop-memoria-fedel-ajtaja\/","title":{"rendered":"Lenovo Thinkpad SL510 laptop mem\u00f3ria fed\u00e9l ajtaja"},"content":{"rendered":"<p>Lenovo Thinkpad SL510 Laptop mem\u00f3riatart\u00f3 fed\u00e9l \u2013\u00a0 Laptop m\u0171anyag alapburkolata megb\u00edzhat\u00f3 megold\u00e1st k\u00edn\u00e1l a kopott vagy s\u00e9r\u00fclt alapburkolatok cser\u00e9j\u00e9re.<\/p>\n<p>A tart\u00f3ss\u00e1got szem el\u0151tt tartva k\u00e9sz\u00fclt, ez a burkolat ide\u00e1lis cserealkatr\u00e9sz a laptopokhoz, amelyek friss, robusztus alapot ig\u00e9nyelnek. Helyezze vissza laptopja eszt\u00e9tik\u00e1j\u00e1t, \u00e9s \u00f3vja meg bels\u0151 alkatr\u00e9szeit.<\/p>\n<p>F\u0151bb jellemz\u0151k:<\/p>\n<ul>\n<li>Kompatibilit\u00e1s: Lenovo Thinkpad SL510<\/li>\n<li>Anyaga: Tart\u00f3s m\u0171anyag<\/li>\n<li>Gondoskodik a laptop bels\u0151 \u00f6sszetev\u0151inek v\u00e9delm\u00e9r\u0151l<\/li>\n<li>Pontosan illeszked\u0151 cserealkatr\u00e9sz<\/li>\n<\/ul>\n<p>&nbsp;<\/p>\n","protected":false},"excerpt":{"rendered":"<p>Lenovo Thinkpad SL510 laptop mem\u00f3ria fed\u00e9l ajtaja.<\/p>\n","protected":false},"featured_media":4701,"template":"","meta":[],"product_brand":[],"product_cat":[16],"product_tag":[26],"class_list":{"0":"post-4662","1":"product","2":"type-product","3":"status-publish","4":"has-post-thumbnail","6":"product_cat-laptop-housing","7":"product_tag-lenovo","9":"first","10":"instock","11":"taxable","12":"shipping-taxable","13":"purchasable","14":"product-type-simple"},"_links":{"self":[{"href":"https:\/\/boreait.com\/hu\/wp-json\/wp\/v2\/product\/4662","targetHints":{"allow":["GET"]}}],"collection":[{"href":"https:\/\/boreait.com\/hu\/wp-json\/wp\/v2\/product"}],"about":[{"href":"https:\/\/boreait.com\/hu\/wp-json\/wp\/v2\/types\/product"}],"wp:featuredmedia":[{"embeddable":true,"href":"https:\/\/boreait.com\/hu\/wp-json\/wp\/v2\/media\/4701"}],"wp:attachment":[{"href":"https:\/\/boreait.com\/hu\/wp-json\/wp\/v2\/media?parent=4662"}],"wp:term":[{"taxonomy":"product_brand","embeddable":true,"href":"https:\/\/boreait.com\/hu\/wp-json\/wp\/v2\/product_brand?post=4662"},{"taxonomy":"product_cat","embeddable":true,"href":"https:\/\/boreait.com\/hu\/wp-json\/wp\/v2\/product_cat?post=4662"},{"taxonomy":"product_tag","embeddable":true,"href":"https:\/\/boreait.com\/hu\/wp-json\/wp\/v2\/product_tag?post=4662"}],"curies":[{"name":"wp","href":"https:\/\/api.w.org\/{rel}","templated":true}]}}