{"id":4649,"date":"2025-09-17T11:01:38","date_gmt":"2025-09-17T09:01:38","guid":{"rendered":"https:\/\/boreait.com\/hu\/?post_type=product&#038;p=4649"},"modified":"2026-01-18T11:19:27","modified_gmt":"2026-01-18T10:19:27","slug":"dell-latitude-e6400-erintopad-erintopad-gombtabla-pk37b006900-csere","status":"publish","type":"product","link":"https:\/\/boreait.com\/hu\/termek\/dell-latitude-e6400-erintopad-erintopad-gombtabla-pk37b006900-csere\/","title":{"rendered":"Dell Latitude E6400 \u00e9rint\u0151pad \u00e9rint\u0151pad gombt\u00e1bla PK37B006900 csere"},"content":{"rendered":"<p>Emelje \u00fajra \u00e9letre Dell Latitude E6400 \u00e9rint\u0151padj\u00e1t a Dell Touchpad Trackpad Button Board PK37B006900 k\u00e1rty\u00e1val. Ez az eredeti Dell cserealkatr\u00e9sz optim\u00e1lis teljes\u00edtm\u00e9nyt \u00e9s reakci\u00f3k\u00e9szs\u00e9get biztos\u00edt laptopja \u00e9rint\u0151padj\u00e1hoz.<\/p>\n<p>Kifejezetten a Latitude E6400 modellhez k\u00e9sz\u00fclt, ez a g\u00f6rget\u0151pad gombk\u00e1rtya-k\u00e1rtya k\u00f6zvetlen\u00fcl helyettes\u00edti a s\u00e9r\u00fclt vagy nem m\u0171k\u00f6d\u0151 alkatr\u00e9szeket. Ha lecser\u00e9li a jelenlegi \u00e9rint\u0151pad gombpanelt erre az eredeti Dell alkatr\u00e9szre, akkor vissza\u00e1ll\u00edtja az eredeti \u00e9rint\u0151pad funkci\u00f3t, \u00e9s ugyanazt a megb\u00edzhat\u00f3s\u00e1got \u00e9s pontoss\u00e1got biztos\u00edtja, mint amit a Dell term\u00e9kekt\u0151l elv\u00e1r.<\/p>\n<p>F\u0151bb jellemz\u0151k:<\/p>\n<ul>\n<li>Kompatibilit\u00e1s: Dell Latitude E6400<\/li>\n<li>Modell: PK37B006900<\/li>\n<li>Eredeti Dell alkatr\u00e9sz<\/li>\n<\/ul>\n<p>K\u00e9rj\u00fck, vegye figyelembe, hogy ez az adatlap val\u00f3di f\u00e9nyk\u00e9peket tartalmaz a Dell Latitude E6400 \u00e9rint\u0151pad vez\u00e9rl\u0151pad gombk\u00e1rty\u00e1j\u00e1r\u00f3l PK37B006900. Nincsenek telep\u00edt\u00e9si utas\u00edt\u00e1sok. Ha k\u00e9rd\u00e9se van, vagy tov\u00e1bbi seg\u00edts\u00e9gre van sz\u00fcks\u00e9ge, forduljon hozz\u00e1nk bizalommal. Ezzel az eredeti Dell cserealkatr\u00e9szrel \u00e1ll\u00edtsa vissza Dell Latitude E6400 \u00e9rint\u0151padj\u00e1nak teljes potenci\u00e1lj\u00e1t.<\/p>\n","protected":false},"excerpt":{"rendered":"<p>Fokozza a Dell Latitude E6400 haszn\u00e1lhat\u00f3s\u00e1g\u00e1t a Dell Touchpad Trackpad Button Board PK37B006900 k\u00e1rty\u00e1val. Cser\u00e9lje ki az elhaszn\u00e1l\u00f3dott vagy hib\u00e1san m\u0171k\u00f6d\u0151 alkatr\u00e9szeket erre az eredeti Dell alkatr\u00e9szre, hogy vissza\u00e1ll\u00edtsa laptopja z\u00f6kken\u0151mentes \u00e9s prec\u00edz \u00e9rint\u0151pad funkci\u00f3it.<\/p>\n","protected":false},"featured_media":4699,"template":"","meta":[],"product_brand":[],"product_cat":[42],"product_tag":[17],"class_list":{"0":"post-4649","1":"product","2":"type-product","3":"status-publish","4":"has-post-thumbnail","6":"product_cat-laptop-touchpads","7":"product_tag-dell","9":"first","10":"instock","11":"taxable","12":"shipping-taxable","13":"purchasable","14":"product-type-simple"},"_links":{"self":[{"href":"https:\/\/boreait.com\/hu\/wp-json\/wp\/v2\/product\/4649","targetHints":{"allow":["GET"]}}],"collection":[{"href":"https:\/\/boreait.com\/hu\/wp-json\/wp\/v2\/product"}],"about":[{"href":"https:\/\/boreait.com\/hu\/wp-json\/wp\/v2\/types\/product"}],"wp:featuredmedia":[{"embeddable":true,"href":"https:\/\/boreait.com\/hu\/wp-json\/wp\/v2\/media\/4699"}],"wp:attachment":[{"href":"https:\/\/boreait.com\/hu\/wp-json\/wp\/v2\/media?parent=4649"}],"wp:term":[{"taxonomy":"product_brand","embeddable":true,"href":"https:\/\/boreait.com\/hu\/wp-json\/wp\/v2\/product_brand?post=4649"},{"taxonomy":"product_cat","embeddable":true,"href":"https:\/\/boreait.com\/hu\/wp-json\/wp\/v2\/product_cat?post=4649"},{"taxonomy":"product_tag","embeddable":true,"href":"https:\/\/boreait.com\/hu\/wp-json\/wp\/v2\/product_tag?post=4649"}],"curies":[{"name":"wp","href":"https:\/\/api.w.org\/{rel}","templated":true}]}}