{"id":4647,"date":"2025-09-17T11:01:37","date_gmt":"2025-09-17T09:01:37","guid":{"rendered":"https:\/\/boreait.com\/hu\/?post_type=product&#038;p=4647"},"modified":"2025-09-17T11:02:39","modified_gmt":"2025-09-17T09:02:39","slug":"dell-latitude-d630-kgdden006e-erintopad-egerpad-es-amp-gombok-eredeti-csere","status":"publish","type":"product","link":"https:\/\/boreait.com\/hu\/termek\/dell-latitude-d630-kgdden006e-erintopad-egerpad-es-amp-gombok-eredeti-csere\/","title":{"rendered":"Dell Latitude D630 KGDDEN006E \u00e9rint\u0151pad eg\u00e9rpad \u00e9s amp; Gombok \u2013 Eredeti csere!"},"content":{"rendered":"<p>\u00c9les\u00edtse \u00fajra Dell Latitude D630 laptopja funkcionalit\u00e1s\u00e1t a KGDDEN006E \u00e9rint\u0151paddal, eg\u00e9rpaddal \u00e9s eg\u00e9rpaddal; Gombok. Ez az eredeti Dell cserealkatr\u00e9sz z\u00f6kken\u0151mentes navig\u00e1ci\u00f3t \u00e9s \u00e9rz\u00e9keny vez\u00e9rl\u00e9st k\u00edn\u00e1l eszk\u00f6ze sz\u00e1m\u00e1ra.<\/p>\n<p>F\u0151bb jellemz\u0151k:<\/p>\n<ul>\n<li>Kompatibilis a Dell Latitude D630 laptopokkal<\/li>\n<li>Pontos kurzormozg\u00e1st \u00e9s \u00e9rz\u00e9keny kattint\u00e1sokat biztos\u00edt<\/li>\n<li>Eredeti Dell alkatr\u00e9sz, amely biztos\u00edtja a min\u0151s\u00e9get \u00e9s a kompatibilit\u00e1st<\/li>\n<\/ul>\n<p>Tapasztalja meg a sima \u00e9s prec\u00edz \u00e9rint\u0151pados navig\u00e1ci\u00f3t a tapinthat\u00f3 \u00e9s funkcion\u00e1lis eg\u00e9rgombokkal, mindezt egyetlen csereegys\u00e9gben. Ak\u00e1r egy elhaszn\u00e1l\u00f3dott \u00e9rint\u0151padot cser\u00e9l, ak\u00e1r laptopja teljes funkcionalit\u00e1s\u00e1t szeretn\u00e9 vissza\u00e1ll\u00edtani, a Dell Latitude D630 KGDDEN006E \u00e9rint\u0151pad, eg\u00e9rpad \u00e9s eg\u00e9rpad; A gombok ide\u00e1lis v\u00e1laszt\u00e1s.<\/p>\n<p>K\u00e9rj\u00fck, vegye figyelembe, hogy ez a lista hiteles term\u00e9kk\u00e9peket tartalmaz. Fontos megjegyezni, hogy nincs mell\u00e9kelve telep\u00edt\u00e9si utas\u00edt\u00e1s. B\u00e1rmilyen k\u00e9rd\u00e9ssel vagy tov\u00e1bbi seg\u00edts\u00e9ggel kapcsolatban forduljon hozz\u00e1nk bizalommal. Ezzel az eredeti Dell cserealkatr\u00e9szrel \u00e1ll\u00edtsa vissza Dell Latitude D630 laptopja \u00e9rint\u0151padj\u00e1nak \u00e9s eg\u00e9rpadj\u00e1nak m\u0171k\u00f6d\u00e9s\u00e9t.<\/p>\n","protected":false},"excerpt":{"rendered":"<p>N\u00f6velje Dell Latitude D630 laptopja haszn\u00e1lhat\u00f3s\u00e1g\u00e1t a KGDDEN006E \u00e9rint\u0151paddal, eg\u00e9rpaddal \u00e9s eg\u00e9rpaddal; Gombok. Ez az eredeti cserealkatr\u00e9sz z\u00f6kken\u0151mentes navig\u00e1ci\u00f3t \u00e9s pontos vez\u00e9rl\u00e9st biztos\u00edt. \u00c1ll\u00edtsa vissza laptopja funkcionalit\u00e1s\u00e1t ezzel a kiv\u00e1l\u00f3 min\u0151s\u00e9g\u0171, megb\u00edzhat\u00f3 komponenssel.<\/p>\n","protected":false},"featured_media":4695,"template":"","meta":[],"product_brand":[],"product_cat":[42],"product_tag":[17],"class_list":{"0":"post-4647","1":"product","2":"type-product","3":"status-publish","4":"has-post-thumbnail","6":"product_cat-laptop-touchpads","7":"product_tag-dell","9":"first","10":"instock","11":"taxable","12":"shipping-taxable","13":"purchasable","14":"product-type-simple"},"_links":{"self":[{"href":"https:\/\/boreait.com\/hu\/wp-json\/wp\/v2\/product\/4647","targetHints":{"allow":["GET"]}}],"collection":[{"href":"https:\/\/boreait.com\/hu\/wp-json\/wp\/v2\/product"}],"about":[{"href":"https:\/\/boreait.com\/hu\/wp-json\/wp\/v2\/types\/product"}],"wp:featuredmedia":[{"embeddable":true,"href":"https:\/\/boreait.com\/hu\/wp-json\/wp\/v2\/media\/4695"}],"wp:attachment":[{"href":"https:\/\/boreait.com\/hu\/wp-json\/wp\/v2\/media?parent=4647"}],"wp:term":[{"taxonomy":"product_brand","embeddable":true,"href":"https:\/\/boreait.com\/hu\/wp-json\/wp\/v2\/product_brand?post=4647"},{"taxonomy":"product_cat","embeddable":true,"href":"https:\/\/boreait.com\/hu\/wp-json\/wp\/v2\/product_cat?post=4647"},{"taxonomy":"product_tag","embeddable":true,"href":"https:\/\/boreait.com\/hu\/wp-json\/wp\/v2\/product_tag?post=4647"}],"curies":[{"name":"wp","href":"https:\/\/api.w.org\/{rel}","templated":true}]}}