{"id":4645,"date":"2025-09-17T11:01:37","date_gmt":"2025-09-17T09:01:37","guid":{"rendered":"https:\/\/boreait.com\/hu\/?post_type=product&#038;p=4645"},"modified":"2026-01-18T11:18:46","modified_gmt":"2026-01-18T10:18:46","slug":"lenovo-3-gen-wlan-wifi-kartya-00jt464-eredeti-csere","status":"publish","type":"product","link":"https:\/\/boreait.com\/hu\/termek\/lenovo-3-gen-wlan-wifi-kartya-00jt464-eredeti-csere\/","title":{"rendered":"Lenovo 3.Gen WLAN WiFi k\u00e1rtya 00JT464 &#8211; Eredeti csere!"},"content":{"rendered":"<p>Friss\u00edtse Lenovo THINKPAD X1 Carbon 3rd Gen laptopj\u00e1t a hiteles Lenovo WLAN WiFi k\u00e1rty\u00e1val 00JT464. Ezt az eredeti alkatr\u00e9szt \u00fagy tervezt\u00e9k, hogy kiv\u00e9teles vezet\u00e9k n\u00e9lk\u00fcli kapcsolatot biztos\u00edtson, \u00e9s kifejezetten \u00fagy tervezt\u00e9k, hogy illeszkedjen \u00e9s z\u00f6kken\u0151mentesen m\u0171k\u00f6dj\u00f6n X1 Carbon 3rd Gen modellj\u00e9hez.<\/p>\n<p>F\u0151bb jellemz\u0151k:<\/p>\n<ul>\n<li>Modell: 00JT464<\/li>\n<li>Kompatibilis a Lenovo THINKPAD X1 Carbon 3. gener\u00e1ci\u00f3val<\/li>\n<li>Megb\u00edzhat\u00f3 \u00e9s gyors vezet\u00e9k n\u00e9lk\u00fcli kapcsolatot biztos\u00edt<\/li>\n<li>Eredeti Lenovo cserealkatr\u00e9sz<\/li>\n<li>N\u00e9h\u00e1ny kompatibilis laptop: Lenovo THINKPAD L450, Lenovo THINKPAD X250, Lenovo THINKPAD T450, T550, T450s, THINKPAD X1 Carbon 3. gener\u00e1ci\u00f3<\/li>\n<\/ul>\n<p>Tapasztalja meg a megszak\u00edt\u00e1s n\u00e9lk\u00fcli kapcsol\u00f3d\u00e1st b\u00f6ng\u00e9sz\u00e9si, streamel\u00e9si \u00e9s adat\u00e1tviteli ig\u00e9nyeihez. \u00c9lvezze az eredeti Lenovo cserealkatr\u00e9szek nyugalm\u00e1t, amelyet \u00fagy alak\u00edtottak ki, hogy a legjobb teljes\u00edtm\u00e9nyt ny\u00fajtsa az X1 Carbon 3rd Gen.<\/p>\n<p>K\u00e9rj\u00fck, vegye figyelembe, hogy a lista val\u00f3di term\u00e9kfot\u00f3kat tartalmaz, \u00e9s nem tartalmaz telep\u00edt\u00e9si utas\u00edt\u00e1st. B\u00e1rmilyen k\u00e9rd\u00e9se vagy tov\u00e1bbi inform\u00e1ci\u00f3 eset\u00e9n forduljon hozz\u00e1nk bizalommal. N\u00f6velje Lenovo X1 Carbon 3rd Gen csatlakoztathat\u00f3s\u00e1g\u00e1t ezzel az eredeti Lenovo 00JT464 WLAN WiFi k\u00e1rty\u00e1val.<\/p>\n","protected":false},"excerpt":{"rendered":"<p>Fejlessze Lenovo THINKPAD X1 Carbon 3rd Gen k\u00e9sz\u00fcl\u00e9k\u00e9t az eredeti Lenovo WLAN WiFi k\u00e1rty\u00e1val 00JT464. Ez a kiv\u00e1l\u00f3 min\u0151s\u00e9g\u0171 cserek\u00e1rtya megb\u00edzhat\u00f3 \u00e9s gyors vezet\u00e9k n\u00e9lk\u00fcli kapcsolatot biztos\u00edt, laptopj\u00e1hoz szabva. \u00c9lvezze a z\u00f6kken\u0151mentes b\u00f6ng\u00e9sz\u00e9st, streamel\u00e9st \u00e9s csatlakoz\u00e1st ezzel az eredeti Lenovo k\u00e1rty\u00e1val, amelyet az X1 Carbon 3rd Gen.<\/p>\n","protected":false},"featured_media":4692,"template":"","meta":[],"product_brand":[],"product_cat":[27],"product_tag":[26],"class_list":{"0":"post-4645","1":"product","2":"type-product","3":"status-publish","4":"has-post-thumbnail","6":"product_cat-motherboards-board-parts","7":"product_tag-lenovo","9":"first","10":"instock","11":"taxable","12":"shipping-taxable","13":"purchasable","14":"product-type-simple"},"_links":{"self":[{"href":"https:\/\/boreait.com\/hu\/wp-json\/wp\/v2\/product\/4645","targetHints":{"allow":["GET"]}}],"collection":[{"href":"https:\/\/boreait.com\/hu\/wp-json\/wp\/v2\/product"}],"about":[{"href":"https:\/\/boreait.com\/hu\/wp-json\/wp\/v2\/types\/product"}],"wp:featuredmedia":[{"embeddable":true,"href":"https:\/\/boreait.com\/hu\/wp-json\/wp\/v2\/media\/4692"}],"wp:attachment":[{"href":"https:\/\/boreait.com\/hu\/wp-json\/wp\/v2\/media?parent=4645"}],"wp:term":[{"taxonomy":"product_brand","embeddable":true,"href":"https:\/\/boreait.com\/hu\/wp-json\/wp\/v2\/product_brand?post=4645"},{"taxonomy":"product_cat","embeddable":true,"href":"https:\/\/boreait.com\/hu\/wp-json\/wp\/v2\/product_cat?post=4645"},{"taxonomy":"product_tag","embeddable":true,"href":"https:\/\/boreait.com\/hu\/wp-json\/wp\/v2\/product_tag?post=4645"}],"curies":[{"name":"wp","href":"https:\/\/api.w.org\/{rel}","templated":true}]}}