{"id":4644,"date":"2025-09-17T11:01:36","date_gmt":"2025-09-17T09:01:36","guid":{"rendered":"https:\/\/boreait.com\/hu\/?post_type=product&#038;p=4644"},"modified":"2025-09-17T11:02:30","modified_gmt":"2025-09-17T09:02:30","slug":"eredeti-lenovo-thinkpad-mini-10-x100e-sorozatu-bluetooth-kartya-60y3199","status":"publish","type":"product","link":"https:\/\/boreait.com\/hu\/termek\/eredeti-lenovo-thinkpad-mini-10-x100e-sorozatu-bluetooth-kartya-60y3199\/","title":{"rendered":"Eredeti Lenovo ThinkPad Mini 10 X100E sorozat\u00fa Bluetooth k\u00e1rtya 60Y3199"},"content":{"rendered":"<p>B\u0151v\u00edtse Lenovo ThinkPad csatlakoztathat\u00f3s\u00e1g\u00e1t az Eredeti Lenovo ThinkPad Mini 10 X100E sorozat\u00fa 60Y3199 Bluetooth-k\u00e1rty\u00e1val. Ez a kifejezetten az X100E sorozathoz tervezett eredeti Lenovo Bluetooth k\u00e1rtya z\u00f6kken\u0151mentes \u00e9s megb\u00edzhat\u00f3 Bluetooth-kapcsolatot biztos\u00edt.<\/p>\n<p>F\u0151bb jellemz\u0151k:<\/p>\n<ul>\n<li>Kompatibilis a Lenovo ThinkPad X100E sorozattal<\/li>\n<li>Eredeti Lenovo alkatr\u00e9sz \u2013 60Y3199<\/li>\n<li>Jav\u00edtja a Bluetooth-kapcsolatot<\/li>\n<li>K\u00f6nny\u0171 telep\u00edt\u00e9s<\/li>\n<\/ul>\n<p>Ez a Bluetooth-k\u00e1rtya vezet\u00e9k n\u00e9lk\u00fcli kommunik\u00e1ci\u00f3t tesz lehet\u0151v\u00e9, lehet\u0151v\u00e9 t\u00e9ve a kompatibilis eszk\u00f6z\u00f6kkel \u00e9s perif\u00e9ri\u00e1kkal val\u00f3 egyszer\u0171 p\u00e1ros\u00edt\u00e1st. Ide\u00e1lis megold\u00e1s azoknak a felhaszn\u00e1l\u00f3knak, akik b\u0151v\u00edtett csatlakoz\u00e1si lehet\u0151s\u00e9geket keresnek ThinkPad-jukhoz.<\/p>\n<p>K\u00e9rj\u00fck, vegye figyelembe, hogy az eredeti Lenovo ThinkPad Mini 10 X100E sorozat\u00fa Bluetooth k\u00e1rtya 60Y3199 val\u00f3s term\u00e9kk\u00e9pei szerepelnek ezen a list\u00e1n. Nincsenek telep\u00edt\u00e9si utas\u00edt\u00e1sok. B\u00e1rmilyen tov\u00e1bbi k\u00e9rd\u00e9ssel vagy seg\u00edts\u00e9ggel kapcsolatban forduljon bizalommal. N\u00f6velje ThinkPad k\u00e9pess\u00e9geit ezzel az eredeti Lenovo Bluetooth-k\u00e1rty\u00e1val a jobb vezet\u00e9k n\u00e9lk\u00fcli \u00e9lm\u00e9ny \u00e9rdek\u00e9ben.<\/p>\n","protected":false},"excerpt":{"rendered":"<p>Fokozza a Lenovo ThinkPad csatlakoztathat\u00f3s\u00e1g\u00e1t az Eredeti Lenovo ThinkPad Mini 10 X100E Series 60Y3199 Bluetooth-k\u00e1rty\u00e1val. Ezt a Bluetooth-k\u00e1rty\u00e1t \u00fagy tervezt\u00e9k, hogy z\u00f6kken\u0151mentesen integr\u00e1l\u00f3djon az X100E sorozatba, megb\u00edzhat\u00f3 \u00e9s hat\u00e9kony Bluetooth-kapcsolatot biztos\u00edtva. Tapasztalja meg a k\u00e9nyelmes vezet\u00e9k n\u00e9lk\u00fcli kapcsolatokat a ThinkPad sz\u00e1m\u00e1ra, ami g\u00f6rd\u00fcl\u00e9kenyebb \u00e9s sokoldal\u00fabb felhaszn\u00e1l\u00f3i \u00e9lm\u00e9nyt biztos\u00edt.<\/p>\n","protected":false},"featured_media":4691,"template":"","meta":[],"product_brand":[],"product_cat":[27],"product_tag":[26],"class_list":{"0":"post-4644","1":"product","2":"type-product","3":"status-publish","4":"has-post-thumbnail","6":"product_cat-motherboards-board-parts","7":"product_tag-lenovo","9":"first","10":"instock","11":"taxable","12":"shipping-taxable","13":"purchasable","14":"product-type-simple"},"_links":{"self":[{"href":"https:\/\/boreait.com\/hu\/wp-json\/wp\/v2\/product\/4644","targetHints":{"allow":["GET"]}}],"collection":[{"href":"https:\/\/boreait.com\/hu\/wp-json\/wp\/v2\/product"}],"about":[{"href":"https:\/\/boreait.com\/hu\/wp-json\/wp\/v2\/types\/product"}],"wp:featuredmedia":[{"embeddable":true,"href":"https:\/\/boreait.com\/hu\/wp-json\/wp\/v2\/media\/4691"}],"wp:attachment":[{"href":"https:\/\/boreait.com\/hu\/wp-json\/wp\/v2\/media?parent=4644"}],"wp:term":[{"taxonomy":"product_brand","embeddable":true,"href":"https:\/\/boreait.com\/hu\/wp-json\/wp\/v2\/product_brand?post=4644"},{"taxonomy":"product_cat","embeddable":true,"href":"https:\/\/boreait.com\/hu\/wp-json\/wp\/v2\/product_cat?post=4644"},{"taxonomy":"product_tag","embeddable":true,"href":"https:\/\/boreait.com\/hu\/wp-json\/wp\/v2\/product_tag?post=4644"}],"curies":[{"name":"wp","href":"https:\/\/api.w.org\/{rel}","templated":true}]}}