{"id":4641,"date":"2025-09-17T11:01:36","date_gmt":"2025-09-17T09:01:36","guid":{"rendered":"https:\/\/boreait.com\/hu\/?post_type=product&#038;p=4641"},"modified":"2026-01-18T11:17:45","modified_gmt":"2026-01-18T10:17:45","slug":"transcend-512mb-ddr2-667-so-dimm-laptop-ram-memoria-modul","status":"publish","type":"product","link":"https:\/\/boreait.com\/hu\/termek\/transcend-512mb-ddr2-667-so-dimm-laptop-ram-memoria-modul\/","title":{"rendered":"Transcend 512MB DDR2 667 SO-DIMM laptop RAM mem\u00f3ria modul"},"content":{"rendered":"<p>A Transcend 512MB DDR2 667 SO-DIMM laptop RAM mem\u00f3riamodul megb\u00edzhat\u00f3 megold\u00e1s laptopja teljes\u00edtm\u00e9ny\u00e9nek \u00fajj\u00e1\u00e9leszt\u00e9s\u00e9re. Ez a DDR2 RAM modul b\u0151s\u00e9ges, 512 MB mem\u00f3riakapacit\u00e1st k\u00edn\u00e1l, \u00edgy kiv\u00e1l\u00f3 v\u00e1laszt\u00e1s laptopja k\u00e9pess\u00e9geinek b\u0151v\u00edt\u00e9s\u00e9re.<\/p>\n<p>F\u0151bb jellemz\u0151k:<\/p>\n<ul>\n<li>Mem\u00f3riakapacit\u00e1s: 512 MB<\/li>\n<li>Mem\u00f3ria t\u00edpusa: DDR2<\/li>\n<li>Mem\u00f3ria sebess\u00e9ge: 667 MHz<\/li>\n<li>Forma t\u00e9nyez\u0151: SO-DIMM<\/li>\n<\/ul>\n<p>Ezzel a Transcend mem\u00f3riamodullal gyorsabb rendszerind\u00edt\u00e1si id\u0151ket, sim\u00e1bb t\u00f6bbfeladatos munk\u00e1t \u00e9s gyorsabb alkalmaz\u00e1sbet\u00f6lt\u00e9st tapasztalhat. Ide\u00e1lis friss\u00edt\u00e9s r\u00e9gebbi laptopokhoz, vagy hib\u00e1s mem\u00f3riamodulok helyettes\u00edt\u00e9s\u00e9re. R\u00e1ad\u00e1sul egyszer\u0171en telep\u00edthet\u0151, \u00edgy probl\u00e9mamentes friss\u00edt\u00e9si folyamatot biztos\u00edt.<\/p>\n<p>Ak\u00e1r irodai feladatokon dolgozik, \u00e9lvezi a multim\u00e9di\u00e1t vagy ak\u00e1r a k\u00f6nny\u0171 j\u00e1t\u00e9kokat, ez a mem\u00f3riamodul seg\u00edt laptopj\u00e1nak mindezt k\u00f6nnyed\u00e9n kezelni. Sz\u00e1mos laptopmodellel kompatibilis, \u00edgy sok felhaszn\u00e1l\u00f3 sz\u00e1m\u00e1ra sokoldal\u00fa v\u00e1laszt\u00e1s.<\/p>\n<p>K\u00e9rj\u00fck, vegye figyelembe, hogy ez a lista val\u00f3di f\u00e9nyk\u00e9peket tartalmaz a Transcend 512 MB DDR2 667 SO-DIMM laptop RAM mem\u00f3ria modulj\u00e1r\u00f3l, \u00e9s nem tartalmaz telep\u00edt\u00e9si utas\u00edt\u00e1st. Ha b\u00e1rmilyen k\u00e9rd\u00e9se van, vagy tov\u00e1bbi inform\u00e1ci\u00f3ra van sz\u00fcks\u00e9ge, k\u00e9rj\u00fck, forduljon hozz\u00e1nk bizalommal. Adja meg laptopj\u00e1nak a meg\u00e9rdemelt teljes\u00edtm\u00e9nyn\u00f6veked\u00e9st ezzel a Transcend RAM modullal.<\/p>\n","protected":false},"excerpt":{"rendered":"<p>N\u00f6velje laptopja sebess\u00e9g\u00e9t \u00e9s v\u00e1laszk\u00e9szs\u00e9g\u00e9t a Transcend 512 MB DDR2 667 SO-DIMM laptop RAM mem\u00f3riamodullal. Ezt a kiv\u00e1l\u00f3 min\u0151s\u00e9g\u0171 mem\u00f3riab\u0151v\u00edt\u00e9st \u00fagy tervezt\u00e9k, hogy jelent\u0151s teljes\u00edtm\u00e9nyn\u00f6veked\u00e9st biztos\u00edtson laptopja sz\u00e1m\u00e1ra. 512 MB DDR2 RAM-mal t\u00f6k\u00e9letes v\u00e1laszt\u00e1s a t\u00f6bbfeladatos munkav\u00e9gz\u00e9s \u00e9s a rendszer \u00e1ltal\u00e1nos teljes\u00edtm\u00e9ny\u00e9nek jav\u00edt\u00e1s\u00e1hoz.<\/p>\n","protected":false},"featured_media":4679,"template":"","meta":[],"product_brand":[],"product_cat":[41,36],"product_tag":[],"class_list":{"0":"post-4641","1":"product","2":"type-product","3":"status-publish","4":"has-post-thumbnail","6":"product_cat-ddr2","7":"product_cat-ram-memory","9":"first","10":"instock","11":"taxable","12":"shipping-taxable","13":"purchasable","14":"product-type-simple"},"_links":{"self":[{"href":"https:\/\/boreait.com\/hu\/wp-json\/wp\/v2\/product\/4641","targetHints":{"allow":["GET"]}}],"collection":[{"href":"https:\/\/boreait.com\/hu\/wp-json\/wp\/v2\/product"}],"about":[{"href":"https:\/\/boreait.com\/hu\/wp-json\/wp\/v2\/types\/product"}],"wp:featuredmedia":[{"embeddable":true,"href":"https:\/\/boreait.com\/hu\/wp-json\/wp\/v2\/media\/4679"}],"wp:attachment":[{"href":"https:\/\/boreait.com\/hu\/wp-json\/wp\/v2\/media?parent=4641"}],"wp:term":[{"taxonomy":"product_brand","embeddable":true,"href":"https:\/\/boreait.com\/hu\/wp-json\/wp\/v2\/product_brand?post=4641"},{"taxonomy":"product_cat","embeddable":true,"href":"https:\/\/boreait.com\/hu\/wp-json\/wp\/v2\/product_cat?post=4641"},{"taxonomy":"product_tag","embeddable":true,"href":"https:\/\/boreait.com\/hu\/wp-json\/wp\/v2\/product_tag?post=4641"}],"curies":[{"name":"wp","href":"https:\/\/api.w.org\/{rel}","templated":true}]}}