{"id":4640,"date":"2025-09-17T11:01:35","date_gmt":"2025-09-17T09:01:35","guid":{"rendered":"https:\/\/boreait.com\/hu\/?post_type=product&#038;p=4640"},"modified":"2026-01-18T11:17:29","modified_gmt":"2026-01-18T10:17:29","slug":"pp27l-firewire-port-kartya-es-kabel-0rk128-dell-latitude-e6400","status":"publish","type":"product","link":"https:\/\/boreait.com\/hu\/termek\/pp27l-firewire-port-kartya-es-kabel-0rk128-dell-latitude-e6400\/","title":{"rendered":"PP27L FIREWIRE PORT K\u00c1RTYA \u00c9S K\u00c1BEL 0RK128 Dell Latitude E6400"},"content":{"rendered":"<p>Friss\u00edtse Dell Latitude E6400 funkcionalit\u00e1s\u00e1t a PP27L FIREWIRE PORT K\u00c1RTY\u00c1VAL &amp; K\u00c1BEL 0RK128. Ez az eredeti Dell tartoz\u00e9k kiv\u00e1l\u00f3 min\u0151s\u00e9g\u0171 Firewire portk\u00e1rty\u00e1t \u00e9s k\u00e1belt k\u00edn\u00e1l, amely lehet\u0151v\u00e9 teszi a csatlakoz\u00e1si lehet\u0151s\u00e9gek b\u0151v\u00edt\u00e9s\u00e9t \u00e9s az adat\u00e1tviteli k\u00e9pess\u00e9gek jav\u00edt\u00e1s\u00e1t.<\/p>\n<p>F\u0151bb jellemz\u0151k:<\/p>\n<ul>\n<li>Kompatibilit\u00e1s: Dell Latitude E6400<\/li>\n<li>Jav\u00edtja a kapcsolatot a Firewire porttal<\/li>\n<li>Eredeti Dell-tartoz\u00e9k (0RK128)<\/li>\n<\/ul>\n<p>Ez a tartoz\u00e9k egy eredeti Dell term\u00e9k, amely z\u00f6kken\u0151mentes kompatibilit\u00e1st \u00e9s optim\u00e1lis teljes\u00edtm\u00e9nyt biztos\u00edt a Dell Latitude E6400 k\u00e9sz\u00fcl\u00e9kkel. K\u00f6nnyed\u00e9n csatlakoztassa kompatibilis eszk\u00f6zeit, \u00e9s \u00e9lvezze a jobb adat\u00e1tviteli sebess\u00e9get.<\/p>\n<p>K\u00e9rj\u00fck, vegye figyelembe, hogy ez a lista tartalmazza a PP27L FIREWIRE PORT K\u00c1RTYA \u00e9s amp; 0RK128 K\u00c1BEL, amely kompatibilis a Dell Latitude E6400 k\u00e9sz\u00fcl\u00e9kkel. Nincsenek telep\u00edt\u00e9si utas\u00edt\u00e1sok. Ha k\u00e9rd\u00e9se van, vagy tov\u00e1bbi inform\u00e1ci\u00f3ra van sz\u00fcks\u00e9ge, k\u00e9rj\u00fck, forduljon hozz\u00e1nk bizalommal. N\u00f6velje Dell Latitude E6400 csatlakoztat\u00e1si lehet\u0151s\u00e9geit ezzel az eredeti Dell-tartoz\u00e9kkal.<\/p>\n","protected":false},"excerpt":{"rendered":"<p>Fokozza Dell Latitude E6400 k\u00e9sz\u00fcl\u00e9k\u00e9t az eredeti PP27L FIREWIRE PORT K\u00c1RTY\u00c1VAL &amp; K\u00c1BEL 0RK128. Ez a Dell-tartoz\u00e9k kiv\u00e1l\u00f3 min\u0151s\u00e9g\u0171 Firewire portk\u00e1rty\u00e1t \u00e9s -k\u00e1belt biztos\u00edt, amely lehet\u0151v\u00e9 teszi a csatlakoz\u00e1si lehet\u0151s\u00e9gek b\u0151v\u00edt\u00e9s\u00e9t. \u00c9lvezze a z\u00f6kken\u0151mentes adat\u00e1tvitelt \u00e9s a kompatibilis eszk\u00f6z\u00f6kh\u00f6z val\u00f3 csatlakoz\u00e1st. Eredeti Dell term\u00e9k a megb\u00edzhat\u00f3 kompatibilit\u00e1s \u00e9s teljes\u00edtm\u00e9ny \u00e9rdek\u00e9ben.<\/p>\n","protected":false},"featured_media":4678,"template":"","meta":[],"product_brand":[],"product_cat":[27],"product_tag":[17],"class_list":{"0":"post-4640","1":"product","2":"type-product","3":"status-publish","4":"has-post-thumbnail","6":"product_cat-motherboards-board-parts","7":"product_tag-dell","9":"first","10":"instock","11":"taxable","12":"shipping-taxable","13":"purchasable","14":"product-type-simple"},"_links":{"self":[{"href":"https:\/\/boreait.com\/hu\/wp-json\/wp\/v2\/product\/4640","targetHints":{"allow":["GET"]}}],"collection":[{"href":"https:\/\/boreait.com\/hu\/wp-json\/wp\/v2\/product"}],"about":[{"href":"https:\/\/boreait.com\/hu\/wp-json\/wp\/v2\/types\/product"}],"wp:featuredmedia":[{"embeddable":true,"href":"https:\/\/boreait.com\/hu\/wp-json\/wp\/v2\/media\/4678"}],"wp:attachment":[{"href":"https:\/\/boreait.com\/hu\/wp-json\/wp\/v2\/media?parent=4640"}],"wp:term":[{"taxonomy":"product_brand","embeddable":true,"href":"https:\/\/boreait.com\/hu\/wp-json\/wp\/v2\/product_brand?post=4640"},{"taxonomy":"product_cat","embeddable":true,"href":"https:\/\/boreait.com\/hu\/wp-json\/wp\/v2\/product_cat?post=4640"},{"taxonomy":"product_tag","embeddable":true,"href":"https:\/\/boreait.com\/hu\/wp-json\/wp\/v2\/product_tag?post=4640"}],"curies":[{"name":"wp","href":"https:\/\/api.w.org\/{rel}","templated":true}]}}