{"id":4625,"date":"2025-09-17T11:01:14","date_gmt":"2025-09-17T09:01:14","guid":{"rendered":"https:\/\/boreait.com\/hu\/?post_type=product&#038;p=4625"},"modified":"2026-01-18T11:17:12","modified_gmt":"2026-01-18T10:17:12","slug":"asus-eee-pc-1005pr-audio-usb-kartya-60-0a1li01000-a03","status":"publish","type":"product","link":"https:\/\/boreait.com\/hu\/termek\/asus-eee-pc-1005pr-audio-usb-kartya-60-0a1li01000-a03\/","title":{"rendered":"Asus Eee PC 1005PR Audio USB k\u00e1rtya 60-0A1LI01000-A03"},"content":{"rendered":"<p>Keltse \u00fajra \u00e9letre Asus Eee PC 1005PR k\u00e9sz\u00fcl\u00e9k\u00e9t az Asus Eee PC 1005PR Audio USB 60-0A1LI01000-A03 k\u00e1rty\u00e1val, amely egy eredeti cserealkatr\u00e9sz, amelyet az eszk\u00f6z audio- \u00e9s USB-funkci\u00f3inak helyre\u00e1ll\u00edt\u00e1s\u00e1ra terveztek.<\/p>\n<p>Ez az alaplap az eredeti alkatr\u00e9sz k\u00f6zvetlen cser\u00e9jek\u00e9nt szolg\u00e1l, \u00e9s megoldja az audio- \u00e9s USB-probl\u00e9m\u00e1kat, amelyek befoly\u00e1solhatj\u00e1k laptopja teljes\u00edtm\u00e9ny\u00e9t. F\u00fcggetlen\u00fcl att\u00f3l, hogy eszk\u00f6ze hangkimeneti probl\u00e9m\u00e1kat vagy USB-csatlakoz\u00e1si probl\u00e9m\u00e1kat tapasztalt, ez az autentikus k\u00e1rtya orvosolja ezeket az agg\u00e1lyokat, \u00e9s z\u00f6kken\u0151mentesen m\u0171k\u00f6dik.<\/p>\n<p>F\u0151bb jellemz\u0151k:<\/p>\n<ul>\n<li>Kompatibilis az Asus Eee PC 1005PR-vel<\/li>\n<li>Alkatr\u00e9szsz\u00e1m: 60-0A1LI01000-A03<\/li>\n<li>Eredeti Asus cserealkatr\u00e9sz<\/li>\n<\/ul>\n<p>K\u00e9rj\u00fck, vegye figyelembe, hogy a lista val\u00f3di term\u00e9kfot\u00f3kat tartalmaz az Asus Eee PC 1005PR Audio USB Board 60-0A1LI01000-A03 k\u00e9sz\u00fcl\u00e9kr\u0151l. Telep\u00edt\u00e9si \u00fatmutat\u00f3t nem tartalmaz, de ha tov\u00e1bbi seg\u00edts\u00e9gre van sz\u00fcks\u00e9ge, vagy k\u00e9rd\u00e9se van, forduljon hozz\u00e1nk bizalommal. \u00c1ll\u00edtsa vissza Asus Eee PC 1005PR teljes k\u00e9pess\u00e9g\u00e9t ezzel az eredeti Audio USB k\u00e1rtya cserealkatr\u00e9szsel.<\/p>\n","protected":false},"excerpt":{"rendered":"<p>Fejlessze Asus Eee PC 1005PR k\u00e9sz\u00fcl\u00e9k\u00e9t ezzel az eredeti Audio USB Board 60-0A1LI01000-A03 cserealkatr\u00e9szsel. \u00c1ll\u00edtsa vissza laptopja audio- \u00e9s USB-funkci\u00f3it ezzel az eredeti k\u00e1rty\u00e1val. T\u00f6k\u00e9letes a hangkimenettel \u00e9s az USB-csatlakoz\u00e1ssal kapcsolatos probl\u00e9m\u00e1k megold\u00e1s\u00e1ra, biztos\u00edtva, hogy Asus Eee PC 1005PR a lehet\u0151 legjobban m\u0171k\u00f6dj\u00f6n.<\/p>\n","protected":false},"featured_media":4676,"template":"","meta":[],"product_brand":[],"product_cat":[27],"product_tag":[30],"class_list":{"0":"post-4625","1":"product","2":"type-product","3":"status-publish","4":"has-post-thumbnail","6":"product_cat-motherboards-board-parts","7":"product_tag-asus","9":"first","10":"instock","11":"taxable","12":"shipping-taxable","13":"purchasable","14":"product-type-simple"},"_links":{"self":[{"href":"https:\/\/boreait.com\/hu\/wp-json\/wp\/v2\/product\/4625","targetHints":{"allow":["GET"]}}],"collection":[{"href":"https:\/\/boreait.com\/hu\/wp-json\/wp\/v2\/product"}],"about":[{"href":"https:\/\/boreait.com\/hu\/wp-json\/wp\/v2\/types\/product"}],"wp:featuredmedia":[{"embeddable":true,"href":"https:\/\/boreait.com\/hu\/wp-json\/wp\/v2\/media\/4676"}],"wp:attachment":[{"href":"https:\/\/boreait.com\/hu\/wp-json\/wp\/v2\/media?parent=4625"}],"wp:term":[{"taxonomy":"product_brand","embeddable":true,"href":"https:\/\/boreait.com\/hu\/wp-json\/wp\/v2\/product_brand?post=4625"},{"taxonomy":"product_cat","embeddable":true,"href":"https:\/\/boreait.com\/hu\/wp-json\/wp\/v2\/product_cat?post=4625"},{"taxonomy":"product_tag","embeddable":true,"href":"https:\/\/boreait.com\/hu\/wp-json\/wp\/v2\/product_tag?post=4625"}],"curies":[{"name":"wp","href":"https:\/\/api.w.org\/{rel}","templated":true}]}}