{"id":4624,"date":"2025-09-17T11:01:14","date_gmt":"2025-09-17T09:01:14","guid":{"rendered":"https:\/\/boreait.com\/hu\/?post_type=product&#038;p=4624"},"modified":"2026-01-18T11:16:52","modified_gmt":"2026-01-18T10:16:52","slug":"lenovo-thinkpad-t440s-erzekelo-labnyom-olvaso-0c45851","status":"publish","type":"product","link":"https:\/\/boreait.com\/hu\/termek\/lenovo-thinkpad-t440s-erzekelo-labnyom-olvaso-0c45851\/","title":{"rendered":"Lenovo THINKPAD T440s \u00e9rz\u00e9kel\u0151 l\u00e1bnyom-olvas\u00f3 0C45851"},"content":{"rendered":"<p>A Lenovo THINKPAD T440s Sensor Footprint Reader 0C45851 egy hiteles cserealkatr\u00e9sz, amelyet a laptop \u00e9rz\u00e9kel\u0151j\u00e9nek m\u0171k\u00f6d\u0151k\u00e9pess\u00e9g\u00e9nek helyre\u00e1ll\u00edt\u00e1s\u00e1ra terveztek. \u00dagy tervezt\u00e9k, hogy illeszkedjen az eredeti alkatr\u00e9szhez, t\u00f6k\u00e9letes illeszked\u00e9st \u00e9s megb\u00edzhat\u00f3 teljes\u00edtm\u00e9nyt biztos\u00edtva.<\/p>\n<p>Ez az eredeti Reader seg\u00edt meg\u0151rizni a laptop \u00e9rz\u00e9kel\u0151j\u00e9nek pontoss\u00e1g\u00e1t \u00e9s funkcionalit\u00e1s\u00e1t, biztos\u00edtva, hogy laptopja a lehet\u0151 legjobban m\u0171k\u00f6dj\u00f6n. K\u00f6nnyen telep\u00edthet\u0151, probl\u00e9mamentes cserefolyamatot tesz lehet\u0151v\u00e9, \u00edgy a Lenovo THINKPAD T440s a sz\u00fcks\u00e9ges pontoss\u00e1got biztos\u00edtja.<\/p>\n<p>F\u0151bb jellemz\u0151k:<\/p>\n<ul>\n<li>Kompatibilis a Lenovo THINKPAD T440s k\u00e9sz\u00fcl\u00e9kekkel<\/li>\n<li>Eredeti Lenovo cserealkatr\u00e9sz<\/li>\n<li>Az \u00e9rz\u00e9kel\u0151 l\u00e1bnyom\u00e1hoz tervezve<\/li>\n<\/ul>\n<p>K\u00e9rj\u00fck, vegye figyelembe, hogy ez a lista val\u00f3di f\u00e9nyk\u00e9peket tartalmaz a Lenovo THINKPAD T440s Sensor Footprint Reader 0C45851-r\u0151l, \u00e9s nem tartalmaz telep\u00edt\u00e9si utas\u00edt\u00e1st. Ha tov\u00e1bbi seg\u00edts\u00e9gre van sz\u00fcks\u00e9ge, vagy k\u00e9rd\u00e9se van, forduljon bizalommal. Ezzel a hiteles Lenovo cserealkatr\u00e9szrel \u00e1ll\u00edtsa helyre laptopja \u00e9rz\u00e9kel\u0151j\u00e9nek pontoss\u00e1g\u00e1t \u00e9s teljes\u00edtm\u00e9ny\u00e9t.<\/p>\n","protected":false},"excerpt":{"rendered":"<p>\u00c1ll\u00edtsa vissza Lenovo THINKPAD T440s k\u00e9sz\u00fcl\u00e9k\u00e9t optim\u00e1lis \u00e1llapot\u00e1ba az eredeti 0C45851 szenzoros l\u00e1bnyom-olvas\u00f3val. Ez a hivatalos cserealkatr\u00e9sz biztos\u00edtja a laptop \u00e9rz\u00e9kel\u0151j\u00e9nek megfelel\u0151 m\u0171k\u00f6d\u00e9s\u00e9t, hozz\u00e1j\u00e1rulva a jobb felhaszn\u00e1l\u00f3i \u00e9lm\u00e9nyhez. K\u00f6nnyen telep\u00edthet\u0151, ezt az \u00f6sszetev\u0151t \u00fagy tervezt\u00e9k, hogy z\u00f6kken\u0151mentesen illeszkedjen, \u00e9s helyre\u00e1ll\u00edtsa a laptop \u00e9rz\u00e9kel\u0151j\u00e9nek teljes\u00edtm\u00e9ny\u00e9t \u00e9s pontoss\u00e1g\u00e1t.<\/p>\n","protected":false},"featured_media":4675,"template":"","meta":[],"product_brand":[],"product_cat":[27],"product_tag":[26],"class_list":{"0":"post-4624","1":"product","2":"type-product","3":"status-publish","4":"has-post-thumbnail","6":"product_cat-motherboards-board-parts","7":"product_tag-lenovo","9":"first","10":"instock","11":"taxable","12":"shipping-taxable","13":"purchasable","14":"product-type-simple"},"_links":{"self":[{"href":"https:\/\/boreait.com\/hu\/wp-json\/wp\/v2\/product\/4624","targetHints":{"allow":["GET"]}}],"collection":[{"href":"https:\/\/boreait.com\/hu\/wp-json\/wp\/v2\/product"}],"about":[{"href":"https:\/\/boreait.com\/hu\/wp-json\/wp\/v2\/types\/product"}],"wp:featuredmedia":[{"embeddable":true,"href":"https:\/\/boreait.com\/hu\/wp-json\/wp\/v2\/media\/4675"}],"wp:attachment":[{"href":"https:\/\/boreait.com\/hu\/wp-json\/wp\/v2\/media?parent=4624"}],"wp:term":[{"taxonomy":"product_brand","embeddable":true,"href":"https:\/\/boreait.com\/hu\/wp-json\/wp\/v2\/product_brand?post=4624"},{"taxonomy":"product_cat","embeddable":true,"href":"https:\/\/boreait.com\/hu\/wp-json\/wp\/v2\/product_cat?post=4624"},{"taxonomy":"product_tag","embeddable":true,"href":"https:\/\/boreait.com\/hu\/wp-json\/wp\/v2\/product_tag?post=4624"}],"curies":[{"name":"wp","href":"https:\/\/api.w.org\/{rel}","templated":true}]}}