{"id":4623,"date":"2025-09-17T11:01:13","date_gmt":"2025-09-17T09:01:13","guid":{"rendered":"https:\/\/boreait.com\/hu\/?post_type=product&#038;p=4623"},"modified":"2026-01-14T14:52:19","modified_gmt":"2026-01-14T13:52:19","slug":"eredeti-toshiba-s50-b-s50t-b-l50-b-l50t-b-bekapcsologomb-kartya","status":"publish","type":"product","link":"https:\/\/boreait.com\/hu\/termek\/eredeti-toshiba-s50-b-s50t-b-l50-b-l50t-b-bekapcsologomb-kartya\/","title":{"rendered":"Eredeti Toshiba S50-B S50T-B L50-B L50T-B bekapcsol\u00f3gomb k\u00e1rtya"},"content":{"rendered":"<p>Tapasztalja meg a prec\u00edz \u00e9s val\u00f3di Toshiba min\u0151s\u00e9get a Toshiba S50-B, S50T-B, L50-B \u00e9s L50T-B laptopmodellekhez tervezett Power Button Board seg\u00edts\u00e9g\u00e9vel. Ez az eredeti bekapcsol\u00f3gomb-k\u00e1rtyaszerelv\u00e9ny t\u00f6k\u00e9letes cserealkatr\u00e9sz a Toshiba laptop s\u00e9r\u00fclt vagy hib\u00e1s bekapcsol\u00f3gomb-be\u00e1ll\u00edt\u00e1s\u00e1hoz.<\/p>\n<p>Term\u00e9k r\u00e9szletei:<\/p>\n<ul>\n<li>Kompatibilis modellek: Toshiba S50-B, S50T-B, L50-B, L50T-B<\/li>\n<li>Alkatr\u00e9szsz\u00e1m: 3PBLIPB0010<\/li>\n<\/ul>\n<p>Ezzel az eredeti Toshiba alkatr\u00e9szrel egyszer\u0171en vissza\u00e1ll\u00edthatja laptopja t\u00e1pell\u00e1t\u00e1s\u00e1t az eredeti \u00e1llapot\u00e1ba. A bekapcsol\u00f3gomb k\u00e1rtyaszerelv\u00e9nye probl\u00e9mamentes cserefolyamatot biztos\u00edt, lehet\u0151v\u00e9 t\u00e9ve, hogy visszanyerje a teljes ir\u00e1ny\u00edt\u00e1st eszk\u00f6ze t\u00e1pell\u00e1t\u00e1si funkci\u00f3i felett.<\/p>\n<p>K\u00e9rj\u00fck, vegye figyelembe, hogy a list\u00e1n az Eredeti Toshiba S50-B S50T-B L50-B L50T-B bekapcsol\u00f3gomb alaplapj\u00e1r\u00f3l k\u00e9sz\u00fclt f\u00e9nyk\u00e9pek is szerepelnek. Nincsenek telep\u00edt\u00e9si utas\u00edt\u00e1sok. B\u00e1rmilyen tov\u00e1bbi k\u00e9rd\u00e9ssel vagy seg\u00edts\u00e9ggel kapcsolatban forduljon hozz\u00e1nk bizalommal. \u00daj\u00edtsa meg Toshiba laptopja energiaell\u00e1t\u00e1s\u00e1t ezzel az autentikus cserealkatr\u00e9szsel a z\u00f6kken\u0151mentes \u00e9s megb\u00edzhat\u00f3 sz\u00e1m\u00edt\u00e1stechnikai \u00e9lm\u00e9ny \u00e9rdek\u00e9ben.<\/p>\n","protected":false},"excerpt":{"rendered":"<p>Fokozza laptopja funkcionalit\u00e1s\u00e1t az Eredeti Toshiba S50-B S50T-B L50-B L50T-B bekapcsol\u00f3gomb-k\u00e1rty\u00e1val. Ez az eredeti k\u00e1rtyaegys\u00e9g biztos\u00edtja a bekapcsol\u00f3gomb z\u00f6kken\u0151mentes m\u0171k\u00f6d\u00e9s\u00e9t a Toshiba S50 \u00e9s L50 sorozat\u00fa laptopok sz\u00e1m\u00e1ra. Tapasztalja meg a megb\u00edzhat\u00f3 \u00e9s hiteles Toshiba min\u0151s\u00e9get a z\u00f6kken\u0151mentes csere- vagy jav\u00edt\u00e1si folyamat \u00e9rdek\u00e9ben.<\/p>\n","protected":false},"featured_media":4674,"template":"","meta":[],"product_brand":[],"product_cat":[27],"product_tag":[34],"class_list":{"0":"post-4623","1":"product","2":"type-product","3":"status-publish","4":"has-post-thumbnail","6":"product_cat-motherboards-board-parts","7":"product_tag-toshiba","9":"first","10":"instock","11":"taxable","12":"shipping-taxable","13":"purchasable","14":"product-type-simple"},"_links":{"self":[{"href":"https:\/\/boreait.com\/hu\/wp-json\/wp\/v2\/product\/4623","targetHints":{"allow":["GET"]}}],"collection":[{"href":"https:\/\/boreait.com\/hu\/wp-json\/wp\/v2\/product"}],"about":[{"href":"https:\/\/boreait.com\/hu\/wp-json\/wp\/v2\/types\/product"}],"wp:featuredmedia":[{"embeddable":true,"href":"https:\/\/boreait.com\/hu\/wp-json\/wp\/v2\/media\/4674"}],"wp:attachment":[{"href":"https:\/\/boreait.com\/hu\/wp-json\/wp\/v2\/media?parent=4623"}],"wp:term":[{"taxonomy":"product_brand","embeddable":true,"href":"https:\/\/boreait.com\/hu\/wp-json\/wp\/v2\/product_brand?post=4623"},{"taxonomy":"product_cat","embeddable":true,"href":"https:\/\/boreait.com\/hu\/wp-json\/wp\/v2\/product_cat?post=4623"},{"taxonomy":"product_tag","embeddable":true,"href":"https:\/\/boreait.com\/hu\/wp-json\/wp\/v2\/product_tag?post=4623"}],"curies":[{"name":"wp","href":"https:\/\/api.w.org\/{rel}","templated":true}]}}