{"id":4622,"date":"2025-09-17T11:01:13","date_gmt":"2025-09-17T09:01:13","guid":{"rendered":"https:\/\/boreait.com\/hu\/?post_type=product&#038;p=4622"},"modified":"2025-09-17T11:02:10","modified_gmt":"2025-09-17T09:02:10","slug":"erintopad-az-asus-z83-z83s-tm61pde8g307-sorozatu-alaplapi-kartyakhoz-cserealkatresz","status":"publish","type":"product","link":"https:\/\/boreait.com\/hu\/termek\/erintopad-az-asus-z83-z83s-tm61pde8g307-sorozatu-alaplapi-kartyakhoz-cserealkatresz\/","title":{"rendered":"\u00c9rint\u0151pad az ASUS Z83 Z83S TM61PDE8G307 sorozat\u00fa alaplapi k\u00e1rty\u00e1khoz &#8211; Cserealkatr\u00e9sz"},"content":{"rendered":"<p>Fejlessze ki ASUS Z83, Z83S vagy Z83S TM61PDE8G307 sorozat\u00fa k\u00e1rtyak\u00e1rty\u00e1j\u00e1t ezzel a csere \u00e9rint\u0151paddal. Ez a megb\u00edzhat\u00f3 \u00e9s prec\u00edz funkcionalit\u00e1st k\u00edn\u00e1l\u00f3 \u00e9rint\u0151pad vissza\u00e1ll\u00edtja a z\u00f6kken\u0151mentes navig\u00e1ci\u00f3t laptopja sz\u00e1m\u00e1ra.<\/p>\n<p>Az egyes ASUS-modellek kompatibilis cserealkatr\u00e9szek\u00e9nt tervezett \u00e9rint\u0151pad z\u00f6kken\u0151mentes integr\u00e1ci\u00f3t \u00e9s funkcionalit\u00e1st biztos\u00edt. K\u00e9rj\u00fck, vegye figyelembe, hogy ehhez a term\u00e9khez nem mell\u00e9keltek telep\u00edt\u00e9si \u00fatmutat\u00f3t. Ha azonban tov\u00e1bbi seg\u00edts\u00e9gre van sz\u00fcks\u00e9ge, forduljon hozz\u00e1nk bizalommal.<\/p>\n<p>Ne feledje, hogy ez az adatlap t\u00e9nyleges term\u00e9kfot\u00f3kat tartalmaz az ASUS Z83 &#8211; Z83S &#8211; Z83S TM61PDE8G307 k\u00e1rtyasorozathoz k\u00e9sz\u00fclt \u00e9rint\u0151padr\u00f3l. B\u00e1rmilyen k\u00e9rd\u00e9s vagy tov\u00e1bbi inform\u00e1ci\u00f3 eset\u00e9n ne habozzon kapcsolatba l\u00e9pni vel\u00fcnk.<\/p>\n","protected":false},"excerpt":{"rendered":"<p>Cser\u00e9lje ki az ASUS Z83, Z83S vagy Z83S Board Card Series TM61PDE8G307 \u00e9rint\u0151padj\u00e1t erre a kiv\u00e1l\u00f3 min\u0151s\u00e9g\u0171 cserealkatr\u00e9szre. Biztos\u00edtsa laptopja z\u00f6kken\u0151mentes navig\u00e1ci\u00f3j\u00e1t \u00e9s funkcionalit\u00e1s\u00e1t.<\/p>\n","protected":false},"featured_media":4672,"template":"","meta":[],"product_brand":[],"product_cat":[42],"product_tag":[30],"class_list":{"0":"post-4622","1":"product","2":"type-product","3":"status-publish","4":"has-post-thumbnail","6":"product_cat-laptop-touchpads","7":"product_tag-asus","9":"first","10":"instock","11":"taxable","12":"shipping-taxable","13":"purchasable","14":"product-type-simple"},"_links":{"self":[{"href":"https:\/\/boreait.com\/hu\/wp-json\/wp\/v2\/product\/4622","targetHints":{"allow":["GET"]}}],"collection":[{"href":"https:\/\/boreait.com\/hu\/wp-json\/wp\/v2\/product"}],"about":[{"href":"https:\/\/boreait.com\/hu\/wp-json\/wp\/v2\/types\/product"}],"wp:featuredmedia":[{"embeddable":true,"href":"https:\/\/boreait.com\/hu\/wp-json\/wp\/v2\/media\/4672"}],"wp:attachment":[{"href":"https:\/\/boreait.com\/hu\/wp-json\/wp\/v2\/media?parent=4622"}],"wp:term":[{"taxonomy":"product_brand","embeddable":true,"href":"https:\/\/boreait.com\/hu\/wp-json\/wp\/v2\/product_brand?post=4622"},{"taxonomy":"product_cat","embeddable":true,"href":"https:\/\/boreait.com\/hu\/wp-json\/wp\/v2\/product_cat?post=4622"},{"taxonomy":"product_tag","embeddable":true,"href":"https:\/\/boreait.com\/hu\/wp-json\/wp\/v2\/product_tag?post=4622"}],"curies":[{"name":"wp","href":"https:\/\/api.w.org\/{rel}","templated":true}]}}