{"id":4605,"date":"2025-09-17T11:00:47","date_gmt":"2025-09-17T09:00:47","guid":{"rendered":"https:\/\/boreait.com\/hu\/?post_type=product&#038;p=4605"},"modified":"2026-01-14T14:50:29","modified_gmt":"2026-01-14T13:50:29","slug":"samsung-4gb-1600mhz-pc3l-12800s-ddr3-1600-m471b5173qh0-laptop-memoria-ram-bovites","status":"publish","type":"product","link":"https:\/\/boreait.com\/hu\/termek\/samsung-4gb-1600mhz-pc3l-12800s-ddr3-1600-m471b5173qh0-laptop-memoria-ram-bovites\/","title":{"rendered":"Samsung 4GB 1600MHz PC3L-12800S DDR3-1600 M471B5173QH0 Laptop mem\u00f3ria RAM b\u0151v\u00edt\u00e9s"},"content":{"rendered":"<p>N\u00f6velje laptopja teljes\u00edtm\u00e9ny\u00e9t a Samsung 4 GB 1600 MHz-es PC3L-12800S DDR3-1600 M471B5173QH0 mem\u00f3ri\u00e1val. Ez a k\u00f6nnyen telep\u00edthet\u0151 mem\u00f3riab\u0151v\u00edt\u00e9snek k\u00e9sz\u00fclt RAM-modul nagyobb kapacit\u00e1st \u00e9s sebess\u00e9get k\u00edn\u00e1l laptopj\u00e1nak, \u00edgy jobb t\u00f6bbfeladatos munkav\u00e9gz\u00e9st \u00e9s \u00e1ltal\u00e1nos rendszerreakci\u00f3t tesz lehet\u0151v\u00e9.<\/p>\n<p>F\u0151bb jellemz\u0151k:<\/p>\n<ul>\n<li>Mem\u00f3ria m\u00e9rete: 4 GB<\/li>\n<li>Mem\u00f3ria t\u00edpusa: DDR3L SDRAM<\/li>\n<li>Sebess\u00e9g: 1600 MHz<\/li>\n<li>Kompatibilit\u00e1s: Laptop mem\u00f3riamodul<\/li>\n<\/ul>\n<p>Tapasztalja meg a tov\u00e1bbfejlesztett sz\u00e1m\u00edt\u00e1si k\u00e9pess\u00e9geket ezzel a Samsung mem\u00f3riamodullal. Friss\u00edtse laptopj\u00e1t a sim\u00e1bb t\u00f6bbfeladatos munkav\u00e9gz\u00e9s, a gyorsabb adathozz\u00e1f\u00e9r\u00e9s \u00e9s a jobb \u00e1ltal\u00e1nos teljes\u00edtm\u00e9ny \u00e9rdek\u00e9ben.<\/p>\n<p>K\u00e9rj\u00fck, vegye figyelembe, hogy ez a lista val\u00f3di f\u00e9nyk\u00e9peket tartalmaz a Samsung 4 GB 1600 MHz-es PC3L-12800S DDR3-1600 M471B5173QH0 mem\u00f3ri\u00e1j\u00e1r\u00f3l. Nincsenek telep\u00edt\u00e9si utas\u00edt\u00e1sok. Ha k\u00e9rd\u00e9se van, vagy tov\u00e1bbi seg\u00edts\u00e9gre van sz\u00fcks\u00e9ge, forduljon hozz\u00e1nk bizalommal. Adja meg laptopj\u00e1nak a meg\u00e9rdemelt friss\u00edt\u00e9st ezzel a Samsung mem\u00f3riamodullal.<\/p>\n","protected":false},"excerpt":{"rendered":"<p>N\u00f6velje laptopja teljes\u00edtm\u00e9ny\u00e9t a Samsung 4 GB 1600 MHz-es PC3L-12800S DDR3-1600 M471B5173QH0 mem\u00f3ri\u00e1val. Ezt a RAM-modult \u00fagy tervezt\u00e9k, hogy z\u00f6kken\u0151mentes friss\u00edt\u00e9st k\u00edn\u00e1ljon a jobb t\u00f6bbfeladatos munkav\u00e9gz\u00e9s, a gyorsabb adatfeldolgoz\u00e1s \u00e9s a z\u00f6kken\u0151mentes \u00e1ltal\u00e1nos rendszerm\u0171k\u00f6d\u00e9s \u00e9rdek\u00e9ben. 4 GB kapacit\u00e1s\u00e1val \u00e9s 1600 MHz-es sebess\u00e9g\u00e9vel t\u00f6k\u00e9letes megold\u00e1s laptopja k\u00e9pess\u00e9geinek n\u00f6vel\u00e9s\u00e9re.<\/p>\n","protected":false},"featured_media":4654,"template":"","meta":[],"product_brand":[],"product_cat":[37,36],"product_tag":[],"class_list":{"0":"post-4605","1":"product","2":"type-product","3":"status-publish","4":"has-post-thumbnail","6":"product_cat-ddr3-ddr3l","7":"product_cat-ram-memory","9":"first","10":"instock","11":"taxable","12":"shipping-taxable","13":"purchasable","14":"product-type-simple"},"_links":{"self":[{"href":"https:\/\/boreait.com\/hu\/wp-json\/wp\/v2\/product\/4605","targetHints":{"allow":["GET"]}}],"collection":[{"href":"https:\/\/boreait.com\/hu\/wp-json\/wp\/v2\/product"}],"about":[{"href":"https:\/\/boreait.com\/hu\/wp-json\/wp\/v2\/types\/product"}],"wp:featuredmedia":[{"embeddable":true,"href":"https:\/\/boreait.com\/hu\/wp-json\/wp\/v2\/media\/4654"}],"wp:attachment":[{"href":"https:\/\/boreait.com\/hu\/wp-json\/wp\/v2\/media?parent=4605"}],"wp:term":[{"taxonomy":"product_brand","embeddable":true,"href":"https:\/\/boreait.com\/hu\/wp-json\/wp\/v2\/product_brand?post=4605"},{"taxonomy":"product_cat","embeddable":true,"href":"https:\/\/boreait.com\/hu\/wp-json\/wp\/v2\/product_cat?post=4605"},{"taxonomy":"product_tag","embeddable":true,"href":"https:\/\/boreait.com\/hu\/wp-json\/wp\/v2\/product_tag?post=4605"}],"curies":[{"name":"wp","href":"https:\/\/api.w.org\/{rel}","templated":true}]}}