{"id":4604,"date":"2025-09-17T11:00:47","date_gmt":"2025-09-17T09:00:47","guid":{"rendered":"https:\/\/boreait.com\/hu\/?post_type=product&#038;p=4604"},"modified":"2025-09-17T11:01:43","modified_gmt":"2025-09-17T09:01:43","slug":"toshiba-satellite-l50-b-ethernet-lan-usb-pcb-kartya-dablidpc8c0-prblilb0030","status":"publish","type":"product","link":"https:\/\/boreait.com\/hu\/termek\/toshiba-satellite-l50-b-ethernet-lan-usb-pcb-kartya-dablidpc8c0-prblilb0030\/","title":{"rendered":"Toshiba Satellite L50-B Ethernet LAN USB PCB k\u00e1rtya DABLIDPC8C0 PRBLILB0030"},"content":{"rendered":"<p>A Toshiba Satellite L50-B Ethernet LAN USB PCB k\u00e1rtya DABLIDPC8C0 PRBLILB0030 elengedhetetlen alkatr\u00e9sze a Toshiba Satellite L50-B csatlakoztathat\u00f3s\u00e1g\u00e1nak fenntart\u00e1s\u00e1hoz. Ez az eredeti cserealkatr\u00e9sz z\u00f6kken\u0151mentes \u00e9s megb\u00edzhat\u00f3 kapcsolatot biztos\u00edt laptopja sz\u00e1m\u00e1ra.<\/p>\n<p>F\u0151bb jellemz\u0151k:<\/p>\n<ul>\n<li>Eredeti Toshiba cserealkatr\u00e9sz<\/li>\n<li>Kifejezetten a Toshiba Satellite L50-B sz\u00e1m\u00e1ra k\u00e9sz\u00fclt<\/li>\n<li>Ethernet- \u00e9s USB-kapcsolatot biztos\u00edt<\/li>\n<li>Modell: DABLIDPC8C0 PRBLILB0030<\/li>\n<\/ul>\n<p>Ez a NY\u00c1K-k\u00e1rtya kulcsfontoss\u00e1g\u00fa a Toshiba Satellite L50-B laptop Ethernet- \u00e9s USB-funkci\u00f3ihoz. Ha a hib\u00e1s k\u00e1rty\u00e1t erre az eredeti alkatr\u00e9szre cser\u00e9li, akkor helyre\u00e1ll a laptop csatlakoztathat\u00f3s\u00e1ga, \u00edgy k\u00f6nnyed\u00e9n hozz\u00e1f\u00e9rhet a h\u00e1l\u00f3zatokhoz \u00e9s az USB-eszk\u00f6z\u00f6kh\u00f6z.<\/p>\n<p>K\u00e9rj\u00fck, vegye figyelembe, hogy a lista val\u00f3s f\u00e9nyk\u00e9peket tartalmaz a Toshiba Satellite L50-B Ethernet LAN USB PCB k\u00e1rtya DABLIDPC8C0 PRBLILB0030-r\u00f3l. Fontos hangs\u00falyozni, hogy ez a v\u00e1s\u00e1rl\u00e1s nem tartalmazza a telep\u00edt\u00e9si utas\u00edt\u00e1sokat. Ha tov\u00e1bbi seg\u00edts\u00e9gre van sz\u00fcks\u00e9ge, vagy k\u00e9rd\u00e9se van, forduljon hozz\u00e1nk bizalommal. Ezzel az eredeti cserealkatr\u00e9szrel gondoskodjon arr\u00f3l, hogy a Toshiba Satellite L50-B kapcsolatban maradjon \u00e9s m\u0171k\u00f6d\u0151k\u00e9pes maradjon.<\/p>\n","protected":false},"excerpt":{"rendered":"<p>Cser\u00e9lje ki a Toshiba Satellite L50-B Ethernet LAN USB PCB k\u00e1rty\u00e1j\u00e1t a DABLIDPC8C0 PRBLILB0030-ra a z\u00f6kken\u0151mentes csatlakoz\u00e1s \u00e9rdek\u00e9ben. Gondoskodjon arr\u00f3l, hogy laptopja kapcsolatban maradjon ezzel az eredeti cserealkatr\u00e9szsel, amelyet kifejezetten a Toshiba Satellite L50-B-hez terveztek. Ezzel a megb\u00edzhat\u00f3 \u00e9s kompatibilis PCB-k\u00e1rty\u00e1val karbantarthatja laptopja funkcionalit\u00e1s\u00e1t.<\/p>\n","protected":false},"featured_media":4653,"template":"","meta":[],"product_brand":[],"product_cat":[27],"product_tag":[34],"class_list":{"0":"post-4604","1":"product","2":"type-product","3":"status-publish","4":"has-post-thumbnail","6":"product_cat-motherboards-board-parts","7":"product_tag-toshiba","9":"first","10":"instock","11":"taxable","12":"shipping-taxable","13":"purchasable","14":"product-type-simple"},"_links":{"self":[{"href":"https:\/\/boreait.com\/hu\/wp-json\/wp\/v2\/product\/4604","targetHints":{"allow":["GET"]}}],"collection":[{"href":"https:\/\/boreait.com\/hu\/wp-json\/wp\/v2\/product"}],"about":[{"href":"https:\/\/boreait.com\/hu\/wp-json\/wp\/v2\/types\/product"}],"wp:featuredmedia":[{"embeddable":true,"href":"https:\/\/boreait.com\/hu\/wp-json\/wp\/v2\/media\/4653"}],"wp:attachment":[{"href":"https:\/\/boreait.com\/hu\/wp-json\/wp\/v2\/media?parent=4604"}],"wp:term":[{"taxonomy":"product_brand","embeddable":true,"href":"https:\/\/boreait.com\/hu\/wp-json\/wp\/v2\/product_brand?post=4604"},{"taxonomy":"product_cat","embeddable":true,"href":"https:\/\/boreait.com\/hu\/wp-json\/wp\/v2\/product_cat?post=4604"},{"taxonomy":"product_tag","embeddable":true,"href":"https:\/\/boreait.com\/hu\/wp-json\/wp\/v2\/product_tag?post=4604"}],"curies":[{"name":"wp","href":"https:\/\/api.w.org\/{rel}","templated":true}]}}