{"id":4590,"date":"2025-09-17T11:00:19","date_gmt":"2025-09-17T09:00:19","guid":{"rendered":"https:\/\/boreait.com\/hu\/?post_type=product&#038;p=4590"},"modified":"2025-09-17T11:01:34","modified_gmt":"2025-09-17T09:01:34","slug":"eredeti-cpu-lf80539-t2300e-intel-1-662m-667-sl9dv-sony-pcg-7n1m-hez-novelje-a-teljesitmenyt","status":"publish","type":"product","link":"https:\/\/boreait.com\/hu\/termek\/eredeti-cpu-lf80539-t2300e-intel-1-662m-667-sl9dv-sony-pcg-7n1m-hez-novelje-a-teljesitmenyt\/","title":{"rendered":"Eredeti CPU LF80539 T2300E Intel 1.662M 667 SL9DV Sony PCG-7N1M-hez &#8211; N\u00f6velje a teljes\u00edtm\u00e9nyt!"},"content":{"rendered":"<p>Az Eredeti CPU LF80539 T2300E\/Intel 1.66\/2M\/667 egy hiteles \u00e9s nagy teljes\u00edtm\u00e9ny\u0171 processzor, amelyet a Sony PCG-7N1M laptophoz terveztek. Az Intel technol\u00f3gi\u00e1val rendelkez\u0151 CPU 1,66 GHz-en m\u0171k\u00f6dik, 2 MB gyors\u00edt\u00f3t\u00e1rral \u00e9s 667 MHz-es buszsebess\u00e9ggel, \u00edgy leny\u0171g\u00f6z\u0151 teljes\u00edtm\u00e9nyt biztos\u00edt laptopja teljes\u00edtm\u00e9ny\u00e9ben.<\/p>\n<p>F\u0151bb specifik\u00e1ci\u00f3k:<\/p>\n<ul>\n<li>T\u00edpus: LF80539 T2300E SL9DV<\/li>\n<li>Processzor sebess\u00e9ge: 1,66 GHz<\/li>\n<li>Gyors\u00edt\u00f3t\u00e1r: 2 MB<\/li>\n<li>Busz sebess\u00e9g: 667 MHz<\/li>\n<li>Kompatibilit\u00e1s: Sony PCG-7N1M (m\u00e1s laptopokkal\/sz\u00e1m\u00edt\u00f3g\u00e9pekkel\/alaplapokkal is kompatibilis)<\/li>\n<\/ul>\n<p>Friss\u00edtse laptopja k\u00e9pess\u00e9geit ezzel az eredeti CPU-val. Tapasztalja meg a g\u00f6rd\u00fcl\u00e9kenyebb t\u00f6bbfeladatos munkav\u00e9gz\u00e9st, a gyorsabb sz\u00e1m\u00edt\u00e1stechnik\u00e1t \u00e9s a jobb teljes\u00edtm\u00e9nyt. Ez a processzor ide\u00e1lis a Sony PCG-7N1M laptop megl\u00e9v\u0151 processzor\u00e1nak cser\u00e9j\u00e9hez vagy friss\u00edt\u00e9s\u00e9hez.<\/p>\n<p>K\u00e9rj\u00fck, vegye figyelembe, hogy ez a lista val\u00f3di f\u00e9nyk\u00e9peket tartalmaz a Sony PCG-7N1M eredeti LF80539 T2300E\/Intel 1.66\/2M\/667 CPU-r\u00f3l. Nincsenek telep\u00edt\u00e9si utas\u00edt\u00e1sok. Ha tov\u00e1bbi inform\u00e1ci\u00f3ra van sz\u00fcks\u00e9ge, vagy k\u00e9rd\u00e9se van, forduljon hozz\u00e1nk bizalommal. N\u00f6velje Sony PCG-7N1M teljes\u00edtm\u00e9ny\u00e9t ezzel az eredeti Intel CPU-val!<\/p>\n","protected":false},"excerpt":{"rendered":"<p>Fejlessze Sony PCG-7N1M-j\u00e9t az Eredeti CPU LF80539 T2300E\/Intel 1.66\/2M\/667-el. Ez az autentikus CPU jobb teljes\u00edtm\u00e9nyt \u00edg\u00e9r, Intel technol\u00f3gi\u00e1val 1,66 GHz-es feldolgoz\u00e1si sebess\u00e9ggel, 2 MB gyors\u00edt\u00f3t\u00e1rral \u00e9s 667 MHz-es buszsebess\u00e9ggel. B\u0151v\u00edtse laptopja k\u00e9pess\u00e9geit, \u00e9s biztos\u00edtsa a g\u00f6rd\u00fcl\u00e9kenyebb t\u00f6bbfeladatos munkav\u00e9gz\u00e9st, gyorsabb sz\u00e1m\u00edt\u00e1stechnik\u00e1t \u00e9s \u00e1ltal\u00e1noss\u00e1gban jobb teljes\u00edtm\u00e9nyt.<\/p>\n","protected":false},"featured_media":4639,"template":"","meta":[],"product_brand":[],"product_cat":[39],"product_tag":[45],"class_list":{"0":"post-4590","1":"product","2":"type-product","3":"status-publish","4":"has-post-thumbnail","6":"product_cat-processors-cpu","7":"product_tag-sony","9":"first","10":"instock","11":"taxable","12":"shipping-taxable","13":"purchasable","14":"product-type-simple"},"_links":{"self":[{"href":"https:\/\/boreait.com\/hu\/wp-json\/wp\/v2\/product\/4590","targetHints":{"allow":["GET"]}}],"collection":[{"href":"https:\/\/boreait.com\/hu\/wp-json\/wp\/v2\/product"}],"about":[{"href":"https:\/\/boreait.com\/hu\/wp-json\/wp\/v2\/types\/product"}],"wp:featuredmedia":[{"embeddable":true,"href":"https:\/\/boreait.com\/hu\/wp-json\/wp\/v2\/media\/4639"}],"wp:attachment":[{"href":"https:\/\/boreait.com\/hu\/wp-json\/wp\/v2\/media?parent=4590"}],"wp:term":[{"taxonomy":"product_brand","embeddable":true,"href":"https:\/\/boreait.com\/hu\/wp-json\/wp\/v2\/product_brand?post=4590"},{"taxonomy":"product_cat","embeddable":true,"href":"https:\/\/boreait.com\/hu\/wp-json\/wp\/v2\/product_cat?post=4590"},{"taxonomy":"product_tag","embeddable":true,"href":"https:\/\/boreait.com\/hu\/wp-json\/wp\/v2\/product_tag?post=4590"}],"curies":[{"name":"wp","href":"https:\/\/api.w.org\/{rel}","templated":true}]}}