{"id":4589,"date":"2025-09-17T11:00:19","date_gmt":"2025-09-17T09:00:19","guid":{"rendered":"https:\/\/boreait.com\/hu\/?post_type=product&#038;p=4589"},"modified":"2026-01-14T14:49:26","modified_gmt":"2026-01-14T13:49:26","slug":"fujitsu-amilo-laptop-modem-kartya-castlenet-ma820-76g060820-00-3-3v-p296010078000w","status":"publish","type":"product","link":"https:\/\/boreait.com\/hu\/termek\/fujitsu-amilo-laptop-modem-kartya-castlenet-ma820-76g060820-00-3-3v-p296010078000w\/","title":{"rendered":"Fujitsu Amilo laptop modem k\u00e1rtya Castlenet MA820 76G060820-00 3.3v P296010078000W"},"content":{"rendered":"<p>A Castlenet MA820 76G060820-00 3.3v P296010078000W n\u00e9ven ismert Fujitsu Amilo laptop modemk\u00e1rtya elengedhetetlen alkatr\u00e9sze Fujitsu Amilo laptopja z\u00f6kken\u0151mentes internetkapcsolat\u00e1nak biztos\u00edt\u00e1s\u00e1hoz.<\/p>\n<p>Ez az eredeti Fujitsu modemk\u00e1rtya megb\u00edzhat\u00f3 3,3 V-os csatlakoz\u00e1st biztos\u00edt, megk\u00f6nny\u00edtve az online tev\u00e9kenys\u00e9geket megszak\u00edt\u00e1sok n\u00e9lk\u00fcl. Ak\u00e1r hib\u00e1s modemk\u00e1rty\u00e1t kell cser\u00e9lnie, ak\u00e1r laptopj\u00e1t friss\u00edtenie kell a jobb kommunik\u00e1ci\u00f3s funkci\u00f3k \u00e9rdek\u00e9ben, ezt az \u00f6sszetev\u0151t \u00fagy tervezt\u00e9k, hogy megfeleljen az \u00d6n ig\u00e9nyeinek.<\/p>\n<p>F\u0151bb jellemz\u0151k:<\/p>\n<ul>\n<li>Fujitsu Amilo laptopokkal kompatibilis<\/li>\n<li>Modell: Castlenet MA820 76G060820-00<\/li>\n<li>Fesz\u00fclts\u00e9g: 3,3 V<\/li>\n<li>T\u00edpussz\u00e1m: P296010078000W<\/li>\n<\/ul>\n<p>K\u00e9rj\u00fck, vegye figyelembe, hogy ez a lista val\u00f3s f\u00e9nyk\u00e9peket tartalmaz a Fujitsu Amilo Castlenet MA820 76G060820-00 3,3 V P296010078000W-os Fujitsu Amilo laptop modemk\u00e1rty\u00e1j\u00e1r\u00f3l, \u00e9s nem tartalmaz telep\u00edt\u00e9si utas\u00edt\u00e1st. Ha k\u00e9rd\u00e9se van, vagy tov\u00e1bbi inform\u00e1ci\u00f3ra van sz\u00fcks\u00e9ge, forduljon hozz\u00e1nk bizalommal.<\/p>\n","protected":false},"excerpt":{"rendered":"<p>Fokozza Fujitsu Amilo laptopja csatlakoztathat\u00f3s\u00e1g\u00e1t a Castlenet MA820 76G060820-00 3,3 V P296010078000W modemk\u00e1rty\u00e1val. Ez az eredeti Fujitsu komponens megb\u00edzhat\u00f3 internetkapcsolatot biztos\u00edt, \u00edgy \u00fatk\u00f6zben is kapcsolatban maradhat. T\u00f6k\u00e9letes a hib\u00e1s modem cser\u00e9j\u00e9hez vagy a laptop friss\u00edt\u00e9s\u00e9hez a tov\u00e1bbfejlesztett kommunik\u00e1ci\u00f3s k\u00e9pess\u00e9gek \u00e9rdek\u00e9ben.<\/p>\n","protected":false},"featured_media":4637,"template":"","meta":[],"product_brand":[],"product_cat":[27],"product_tag":[28],"class_list":{"0":"post-4589","1":"product","2":"type-product","3":"status-publish","4":"has-post-thumbnail","6":"product_cat-motherboards-board-parts","7":"product_tag-fujitsu","9":"first","10":"instock","11":"taxable","12":"shipping-taxable","13":"purchasable","14":"product-type-simple"},"_links":{"self":[{"href":"https:\/\/boreait.com\/hu\/wp-json\/wp\/v2\/product\/4589","targetHints":{"allow":["GET"]}}],"collection":[{"href":"https:\/\/boreait.com\/hu\/wp-json\/wp\/v2\/product"}],"about":[{"href":"https:\/\/boreait.com\/hu\/wp-json\/wp\/v2\/types\/product"}],"wp:featuredmedia":[{"embeddable":true,"href":"https:\/\/boreait.com\/hu\/wp-json\/wp\/v2\/media\/4637"}],"wp:attachment":[{"href":"https:\/\/boreait.com\/hu\/wp-json\/wp\/v2\/media?parent=4589"}],"wp:term":[{"taxonomy":"product_brand","embeddable":true,"href":"https:\/\/boreait.com\/hu\/wp-json\/wp\/v2\/product_brand?post=4589"},{"taxonomy":"product_cat","embeddable":true,"href":"https:\/\/boreait.com\/hu\/wp-json\/wp\/v2\/product_cat?post=4589"},{"taxonomy":"product_tag","embeddable":true,"href":"https:\/\/boreait.com\/hu\/wp-json\/wp\/v2\/product_tag?post=4589"}],"curies":[{"name":"wp","href":"https:\/\/api.w.org\/{rel}","templated":true}]}}