{"id":4586,"date":"2025-09-17T11:00:16","date_gmt":"2025-09-17T09:00:16","guid":{"rendered":"https:\/\/boreait.com\/hu\/?post_type=product&#038;p=4586"},"modified":"2026-01-14T14:47:52","modified_gmt":"2026-01-14T13:47:52","slug":"lenovo-thinkpad-l512-led-bekapcsologomb-da0gc3yb8c0-cserealkatresz-laptophoz","status":"publish","type":"product","link":"https:\/\/boreait.com\/hu\/termek\/lenovo-thinkpad-l512-led-bekapcsologomb-da0gc3yb8c0-cserealkatresz-laptophoz\/","title":{"rendered":"Lenovo THINKPAD L512 LED bekapcsol\u00f3gomb DA0GC3YB8C0 \u2013 Cserealkatr\u00e9sz laptophoz"},"content":{"rendered":"<p>A Lenovo THINKPAD L512 LED bekapcsol\u00f3gomb egy hiteles cserealkatr\u00e9sz, amelyet az L512 modellhez terveztek. Ha laptopj\u00e1nak bekapcsol\u00f3gombos mos\u00f3pultja elhaszn\u00e1l\u00f3dott vagy meghib\u00e1sodott, ez az eredeti Lenovo alkatr\u00e9sz a megold\u00e1s.<\/p>\n<p>Alkatr\u00e9szsz\u00e1mok: UMT-SZ 2MV 94V-0 \/ DA0GC3YB8C0<\/p>\n<p>Ez a cserealkatr\u00e9sz z\u00f6kken\u0151mentes illeszked\u00e9st biztos\u00edt, \u00e9s visszaadja laptopja funkcionalit\u00e1s\u00e1t \u00e9s megjelen\u00e9s\u00e9t. Kifejezetten az L512-es modellhez k\u00e9sz\u00fclt, \u00edgy ide\u00e1lis megold\u00e1s laptopja kiv\u00e1l\u00f3 \u00e1llapotban tart\u00e1s\u00e1hoz.<\/p>\n<p>K\u00e9rj\u00fck, vegye figyelembe, hogy ez a lista val\u00f3di f\u00e9nyk\u00e9peket tartalmaz a Lenovo THINKPAD L512 LED bekapcsol\u00f3gombr\u00f3l. Fontos megeml\u00edteni, hogy nincs mell\u00e9kelve telep\u00edt\u00e9si utas\u00edt\u00e1s. Ha seg\u00edts\u00e9gre van sz\u00fcks\u00e9ge, vagy k\u00e9rd\u00e9se van, forduljon hozz\u00e1nk bizalommal.<\/p>\n<p>Gy\u0151z\u0151dj\u00f6n meg arr\u00f3l, hogy Lenovo THINKPAD L512 tov\u00e1bbra is a legjobb teljes\u00edtm\u00e9nyt ny\u00fajtja, ha a kopott vagy s\u00e9r\u00fclt alkatr\u00e9szeket olyan eredeti alkatr\u00e9szekre cser\u00e9li, amelyek t\u00f6k\u00e9letes illeszked\u00e9st biztos\u00edtanak.<\/p>\n","protected":false},"excerpt":{"rendered":"<p>Cser\u00e9lje ki Lenovo THINKPAD L512 LED-es bekapcsol\u00f3gombj\u00e1t erre az eredeti alkatr\u00e9szre. Tartsa laptopja \u00fajszer\u0171 megjelen\u00e9s\u00e9t \u00e9s m\u0171k\u00f6d\u00e9s\u00e9t.<\/p>\n","protected":false},"featured_media":4632,"template":"","meta":[],"product_brand":[],"product_cat":[27],"product_tag":[26],"class_list":{"0":"post-4586","1":"product","2":"type-product","3":"status-publish","4":"has-post-thumbnail","6":"product_cat-motherboards-board-parts","7":"product_tag-lenovo","9":"first","10":"instock","11":"taxable","12":"shipping-taxable","13":"purchasable","14":"product-type-simple"},"_links":{"self":[{"href":"https:\/\/boreait.com\/hu\/wp-json\/wp\/v2\/product\/4586","targetHints":{"allow":["GET"]}}],"collection":[{"href":"https:\/\/boreait.com\/hu\/wp-json\/wp\/v2\/product"}],"about":[{"href":"https:\/\/boreait.com\/hu\/wp-json\/wp\/v2\/types\/product"}],"wp:featuredmedia":[{"embeddable":true,"href":"https:\/\/boreait.com\/hu\/wp-json\/wp\/v2\/media\/4632"}],"wp:attachment":[{"href":"https:\/\/boreait.com\/hu\/wp-json\/wp\/v2\/media?parent=4586"}],"wp:term":[{"taxonomy":"product_brand","embeddable":true,"href":"https:\/\/boreait.com\/hu\/wp-json\/wp\/v2\/product_brand?post=4586"},{"taxonomy":"product_cat","embeddable":true,"href":"https:\/\/boreait.com\/hu\/wp-json\/wp\/v2\/product_cat?post=4586"},{"taxonomy":"product_tag","embeddable":true,"href":"https:\/\/boreait.com\/hu\/wp-json\/wp\/v2\/product_tag?post=4586"}],"curies":[{"name":"wp","href":"https:\/\/api.w.org\/{rel}","templated":true}]}}