{"id":4573,"date":"2025-09-17T10:59:51","date_gmt":"2025-09-17T08:59:51","guid":{"rendered":"https:\/\/boreait.com\/hu\/?post_type=product&#038;p=4573"},"modified":"2026-01-14T14:47:14","modified_gmt":"2026-01-14T13:47:14","slug":"hp-probook-4740s-50-4sj05-001-48-4si02-011-sd-kartyaolvaso-kartyakabel-eredeti-cserealkatresz","status":"publish","type":"product","link":"https:\/\/boreait.com\/hu\/termek\/hp-probook-4740s-50-4sj05-001-48-4si02-011-sd-kartyaolvaso-kartyakabel-eredeti-cserealkatresz\/","title":{"rendered":"HP Probook 4740S 50.4SJ05.001 48.4SI02.011 SD k\u00e1rtyaolvas\u00f3 k\u00e1rtyak\u00e1bel \u2013 Eredeti cserealkatr\u00e9sz"},"content":{"rendered":"<p>Friss\u00edtse vagy cser\u00e9lje ki a HP Probook 4740S SD-k\u00e1rtyaolvas\u00f3j\u00e1t az eredeti HP 50.4SJ05.001 48.4SI02.011 SD-k\u00e1rtyaolvas\u00f3 k\u00e1rtyak\u00e1belre. Ez az alkatr\u00e9sz egy eredeti HP cserealkatr\u00e9sz, amelyet kifejezetten a Probook 4740S modellhez terveztek.<\/p>\n<p>F\u0151bb jellemz\u0151k:<\/p>\n<ul>\n<li>Modell: HP Probook 4740S<\/li>\n<li>Alkatr\u00e9szsz\u00e1m: 50.4SJ05.001 48.4SI02.011<\/li>\n<li>T\u00edpus: SD-k\u00e1rtyaolvas\u00f3 k\u00e1bel (csak k\u00e1bel!)<\/li>\n<\/ul>\n<p>Gondoskodjon a z\u00f6kken\u0151mentes kompatibilit\u00e1sr\u00f3l \u00e9s teljes\u00edtm\u00e9nyr\u0151l a gy\u00e1rt\u00f3 \u00e1ltal a laptophoz megadott alkatr\u00e9sz haszn\u00e1lat\u00e1val. Ak\u00e1r a megl\u00e9v\u0151 k\u00e1rtyaolvas\u00f3ja hib\u00e1san m\u0171k\u00f6dik, ak\u00e1r fejleszti eszk\u00f6z\u00e9t, ez a cserealkatr\u00e9sz meg\u0151rzi a HP term\u00e9kekt\u0151l elv\u00e1rt min\u0151s\u00e9get \u00e9s megb\u00edzhat\u00f3s\u00e1got.<\/p>\n<p>K\u00e9rj\u00fck, vegye figyelembe, hogy ez a lista hiteles term\u00e9kfot\u00f3kat tartalmaz. Nincsenek telep\u00edt\u00e9si utas\u00edt\u00e1sok. Ha b\u00e1rmilyen k\u00e9rd\u00e9se vagy seg\u00edts\u00e9ge van a telep\u00edt\u00e9ssel, kompatibilit\u00e1ssal vagy egy\u00e9b probl\u00e9m\u00e1val kapcsolatban, forduljon hozz\u00e1nk bizalommal. Gy\u0151z\u0151dj\u00f6n meg arr\u00f3l, hogy HP Probook 4740S tov\u00e1bbra is a legjobban m\u0171k\u00f6dik ezzel az eredeti SD-k\u00e1rtyaolvas\u00f3val.<\/p>\n","protected":false},"excerpt":{"rendered":"<p>Cser\u00e9lje ki HP Probook 4740S SD-k\u00e1rtyaolvas\u00f3j\u00e1t erre az eredeti HP 50.4SJ05.001 48.4SI02.011 k\u00e1rty\u00e1ra. Biztos\u00edtsa a kompatibilit\u00e1st \u00e9s a min\u0151s\u00e9get laptopja SD-k\u00e1rtya-olvas\u00e1si ig\u00e9nyeinek megfelel\u0151en.<\/p>\n","protected":false},"featured_media":4628,"template":"","meta":[],"product_brand":[],"product_cat":[20],"product_tag":[25],"class_list":{"0":"post-4573","1":"product","2":"type-product","3":"status-publish","4":"has-post-thumbnail","6":"product_cat-cables","7":"product_tag-hp","9":"first","10":"instock","11":"taxable","12":"shipping-taxable","13":"purchasable","14":"product-type-simple"},"_links":{"self":[{"href":"https:\/\/boreait.com\/hu\/wp-json\/wp\/v2\/product\/4573","targetHints":{"allow":["GET"]}}],"collection":[{"href":"https:\/\/boreait.com\/hu\/wp-json\/wp\/v2\/product"}],"about":[{"href":"https:\/\/boreait.com\/hu\/wp-json\/wp\/v2\/types\/product"}],"wp:featuredmedia":[{"embeddable":true,"href":"https:\/\/boreait.com\/hu\/wp-json\/wp\/v2\/media\/4628"}],"wp:attachment":[{"href":"https:\/\/boreait.com\/hu\/wp-json\/wp\/v2\/media?parent=4573"}],"wp:term":[{"taxonomy":"product_brand","embeddable":true,"href":"https:\/\/boreait.com\/hu\/wp-json\/wp\/v2\/product_brand?post=4573"},{"taxonomy":"product_cat","embeddable":true,"href":"https:\/\/boreait.com\/hu\/wp-json\/wp\/v2\/product_cat?post=4573"},{"taxonomy":"product_tag","embeddable":true,"href":"https:\/\/boreait.com\/hu\/wp-json\/wp\/v2\/product_tag?post=4573"}],"curies":[{"name":"wp","href":"https:\/\/api.w.org\/{rel}","templated":true}]}}