{"id":4572,"date":"2025-09-17T10:59:51","date_gmt":"2025-09-17T08:59:51","guid":{"rendered":"https:\/\/boreait.com\/hu\/?post_type=product&#038;p=4572"},"modified":"2026-01-14T14:46:53","modified_gmt":"2026-01-14T13:46:53","slug":"samsung-2gb-pc3-12800s-ddr3-1600mhz-non-ecc-1rx8-laptop-ram-memoria-m471b5773dh0-ck0","status":"publish","type":"product","link":"https:\/\/boreait.com\/hu\/termek\/samsung-2gb-pc3-12800s-ddr3-1600mhz-non-ecc-1rx8-laptop-ram-memoria-m471b5773dh0-ck0\/","title":{"rendered":"SAMSUNG 2GB PC3-12800s DDR3-1600MHz Non-ECC 1Rx8 Laptop RAM mem\u00f3ria M471B5773DH0-CK0"},"content":{"rendered":"<p>B\u0151v\u00edtse laptopja mem\u00f3ri\u00e1j\u00e1t a SAMSUNG 2 GB PC3-12800s DDR3-1600MHz Non-ECC 1Rx8 RAM mem\u00f3ria M471B5773DH0-CK0 seg\u00edts\u00e9g\u00e9vel. Ez az eredeti Samsung mem\u00f3riamodul \u00fagy k\u00e9sz\u00fclt, hogy jelent\u0151s teljes\u00edtm\u00e9nyn\u00f6veked\u00e9st biztos\u00edtson laptopja sz\u00e1m\u00e1ra.<\/p>\n<p>F\u0151bb jellemz\u0151k:<\/p>\n<ul>\n<li>Kapacit\u00e1s: 2 GB<\/li>\n<li>T\u00edpus: DDR3 SODIMM<\/li>\n<li>Sebess\u00e9g: 1600 MHz<\/li>\n<li>Forma t\u00e9nyez\u0151: 204 t\u0171s<\/li>\n<li>Nem ECC, 1Rx8<\/li>\n<\/ul>\n<p>Ezt a RAM-modult \u00fagy tervezt\u00e9k, hogy megfeleljen a modern sz\u00e1m\u00edt\u00e1stechnika k\u00f6vetelm\u00e9nyeinek, lehet\u0151v\u00e9 t\u00e9ve a gyorsabb adathozz\u00e1f\u00e9r\u00e9st, a tov\u00e1bbfejlesztett t\u00f6bbfeladatos m\u0171k\u00f6d\u00e9st \u00e9s a g\u00f6rd\u00fcl\u00e9kenyebb m\u0171k\u00f6d\u00e9st. Ezzel a kiv\u00e1l\u00f3 min\u0151s\u00e9g\u0171 Samsung RAM modullal egyszer\u0171en b\u0151v\u00edtheti laptopja mem\u00f3ri\u00e1j\u00e1t.<\/p>\n<p>K\u00e9rj\u00fck, vegye figyelembe, hogy a lista val\u00f3s f\u00e9nyk\u00e9peket tartalmaz a SAMSUNG 2 GB PC3-12800s DDR3-1600MHz Non-ECC 1Rx8 RAM mem\u00f3ria M471B5773DH0-CK0. Telep\u00edt\u00e9si \u00fatmutat\u00f3 nincs mell\u00e9kelve. B\u00e1rmilyen tov\u00e1bbi inform\u00e1ci\u00f3val vagy k\u00e9rd\u00e9ssel kapcsolatban forduljon bizalommal.<\/p>\n<p>A Samsung RAM b\u0151v\u00edt\u00e9s\u00e9vel maximaliz\u00e1lja laptopja potenci\u00e1lj\u00e1t, \u00e9s tapasztalja meg a jobb teljes\u00edtm\u00e9nyt mindennapi sz\u00e1m\u00edt\u00e1stechnikai ig\u00e9nyeihez.<\/p>\n","protected":false},"excerpt":{"rendered":"<p>N\u00f6velje laptopja teljes\u00edtm\u00e9ny\u00e9t a SAMSUNG 2 GB PC3-12800s DDR3-1600MHz Non-ECC 1Rx8 RAM mem\u00f3ria M471B5773DH0-CK0 seg\u00edts\u00e9g\u00e9vel. Ezt a megb\u00edzhat\u00f3 \u00e9s hat\u00e9kony RAM-modult \u00fagy tervezt\u00e9k, hogy z\u00f6kken\u0151mentes sz\u00e1m\u00edt\u00e1stechnikai \u00e9lm\u00e9nyt ny\u00fajtson, \u00e9s 2 GB DDR3 mem\u00f3ri\u00e1t k\u00edn\u00e1l 1600 MHz-en. N\u00f6velje laptopja t\u00f6bbfeladatos k\u00e9pess\u00e9geit \u00e9s \u00e1ltal\u00e1nos reakci\u00f3k\u00e9szs\u00e9g\u00e9t ezzel az eredeti Samsung mem\u00f3riamodullal.<\/p>\n","protected":false},"featured_media":4627,"template":"","meta":[],"product_brand":[],"product_cat":[37,36],"product_tag":[],"class_list":{"0":"post-4572","1":"product","2":"type-product","3":"status-publish","4":"has-post-thumbnail","6":"product_cat-ddr3-ddr3l","7":"product_cat-ram-memory","9":"first","10":"instock","11":"taxable","12":"shipping-taxable","13":"purchasable","14":"product-type-simple"},"_links":{"self":[{"href":"https:\/\/boreait.com\/hu\/wp-json\/wp\/v2\/product\/4572","targetHints":{"allow":["GET"]}}],"collection":[{"href":"https:\/\/boreait.com\/hu\/wp-json\/wp\/v2\/product"}],"about":[{"href":"https:\/\/boreait.com\/hu\/wp-json\/wp\/v2\/types\/product"}],"wp:featuredmedia":[{"embeddable":true,"href":"https:\/\/boreait.com\/hu\/wp-json\/wp\/v2\/media\/4627"}],"wp:attachment":[{"href":"https:\/\/boreait.com\/hu\/wp-json\/wp\/v2\/media?parent=4572"}],"wp:term":[{"taxonomy":"product_brand","embeddable":true,"href":"https:\/\/boreait.com\/hu\/wp-json\/wp\/v2\/product_brand?post=4572"},{"taxonomy":"product_cat","embeddable":true,"href":"https:\/\/boreait.com\/hu\/wp-json\/wp\/v2\/product_cat?post=4572"},{"taxonomy":"product_tag","embeddable":true,"href":"https:\/\/boreait.com\/hu\/wp-json\/wp\/v2\/product_tag?post=4572"}],"curies":[{"name":"wp","href":"https:\/\/api.w.org\/{rel}","templated":true}]}}