{"id":4571,"date":"2025-09-17T10:59:51","date_gmt":"2025-09-17T08:59:51","guid":{"rendered":"https:\/\/boreait.com\/hu\/?post_type=product&#038;p=4571"},"modified":"2026-01-14T14:46:39","modified_gmt":"2026-01-14T13:46:39","slug":"webkamera-videokamera-mikromikrofon-eee-pc-1005p-2-hez-eredeti-cserealkatresz","status":"publish","type":"product","link":"https:\/\/boreait.com\/hu\/termek\/webkamera-videokamera-mikromikrofon-eee-pc-1005p-2-hez-eredeti-cserealkatresz\/","title":{"rendered":"Webkamera videokamera mikromikrofon Eee PC 1005P-2-hez &#8211; Eredeti cserealkatr\u00e9sz!"},"content":{"rendered":"<p>Az Eee PC 1005P-2 webkamera videokamera mikromikrofonja egy eredeti cserealkatr\u00e9sz, amelyet arra terveztek, hogy helyre\u00e1ll\u00edtsa laptopja alapvet\u0151 vide\u00f3- \u200b\u200b\u00e9s audiofunkci\u00f3it.<\/p>\n<p>F\u0151bb jellemz\u0151k:<\/p>\n<ul>\n<li>Eee PC 1005P-2-h\u00f6z tervezve<\/li>\n<li>Webkamera \u00e9s mikrofon kombin\u00e1lt funkci\u00f3ja<\/li>\n<li>Eredeti cserealkatr\u00e9sz<\/li>\n<li>Alkatr\u00e9szsz\u00e1mok: 04G622001910 0421-00170AS 952025152 0917<\/li>\n<\/ul>\n<p>Ak\u00e1r a laptop kamer\u00e1ja vagy mikrofonja hib\u00e1san m\u0171k\u00f6dik, ak\u00e1r megs\u00e9r\u00fclt, ez a cserealkatr\u00e9sz biztos\u00edtja, hogy Eee PC 1005P-2 optim\u00e1lisan m\u0171k\u00f6dj\u00f6n. \u00c9lvezze a tiszta videoh\u00edv\u00e1sokat, az \u00e9les hangfelv\u00e9telt \u00e9s a probl\u00e9mamentes kommunik\u00e1ci\u00f3t ezzel az eredeti cserealkatr\u00e9szrel.<\/p>\n<p>K\u00e9rj\u00fck, vegye figyelembe, hogy a lista val\u00f3di f\u00e9nyk\u00e9peket tartalmaz az Eee PC 1005P-2-hez tervezett webkamera videokamera mikrofon mikrofonj\u00e1r\u00f3l. Fontos megjegyezni, hogy nincs mell\u00e9kelve telep\u00edt\u00e9si utas\u00edt\u00e1s. Ha tov\u00e1bbi seg\u00edts\u00e9gre van sz\u00fcks\u00e9ge, vagy k\u00e9rd\u00e9se van a kompatibilit\u00e1ssal vagy a telep\u00edt\u00e9ssel kapcsolatban, forduljon hozz\u00e1nk bizalommal. \u00c1ll\u00edtsa vissza Eee PC 1005P-2 funkcionalit\u00e1s\u00e1t, \u00e9s \u00e9lvezze a kiv\u00e1l\u00f3 min\u0151s\u00e9g\u0171 video- \u00e9s hang\u00e9lm\u00e9nyt ezzel az eredeti cserealkatr\u00e9szsel.<\/p>\n","protected":false},"excerpt":{"rendered":"<p>Fejlessze fel Eee PC 1005P-2-j\u00e9t ezzel az eredeti webkamer\u00e1s videokamera mikromikrofonnal. \u00c1ll\u00edtsa vissza a video- \u00e9s audiofunkci\u00f3kat laptopj\u00e1n, biztos\u00edtva a z\u00f6kken\u0151mentes kommunik\u00e1ci\u00f3t, videoh\u00edv\u00e1sokat \u00e9s r\u00f6gz\u00edt\u00e9si lehet\u0151s\u00e9geket. Ezt a cserealkatr\u00e9szt kifejezetten az Eee PC 1005P-2-h\u00f6z tervezt\u00e9k, kompatibilit\u00e1st \u00e9s megb\u00edzhat\u00f3 teljes\u00edtm\u00e9nyt k\u00edn\u00e1lva. \u00c9lvezze a tiszta l\u00e1tv\u00e1nyt \u00e9s az \u00e9les hangz\u00e1st ezzel az autentikus komponenssel.<\/p>\n","protected":false},"featured_media":4626,"template":"","meta":[],"product_brand":[],"product_cat":[23],"product_tag":[30],"class_list":{"0":"post-4571","1":"product","2":"type-product","3":"status-publish","4":"has-post-thumbnail","6":"product_cat-laptop-camera","7":"product_tag-asus","9":"first","10":"instock","11":"taxable","12":"shipping-taxable","13":"purchasable","14":"product-type-simple"},"_links":{"self":[{"href":"https:\/\/boreait.com\/hu\/wp-json\/wp\/v2\/product\/4571","targetHints":{"allow":["GET"]}}],"collection":[{"href":"https:\/\/boreait.com\/hu\/wp-json\/wp\/v2\/product"}],"about":[{"href":"https:\/\/boreait.com\/hu\/wp-json\/wp\/v2\/types\/product"}],"wp:featuredmedia":[{"embeddable":true,"href":"https:\/\/boreait.com\/hu\/wp-json\/wp\/v2\/media\/4626"}],"wp:attachment":[{"href":"https:\/\/boreait.com\/hu\/wp-json\/wp\/v2\/media?parent=4571"}],"wp:term":[{"taxonomy":"product_brand","embeddable":true,"href":"https:\/\/boreait.com\/hu\/wp-json\/wp\/v2\/product_brand?post=4571"},{"taxonomy":"product_cat","embeddable":true,"href":"https:\/\/boreait.com\/hu\/wp-json\/wp\/v2\/product_cat?post=4571"},{"taxonomy":"product_tag","embeddable":true,"href":"https:\/\/boreait.com\/hu\/wp-json\/wp\/v2\/product_tag?post=4571"}],"curies":[{"name":"wp","href":"https:\/\/api.w.org\/{rel}","templated":true}]}}