{"id":4570,"date":"2025-09-17T10:59:51","date_gmt":"2025-09-17T08:59:51","guid":{"rendered":"https:\/\/boreait.com\/hu\/?post_type=product&#038;p=4570"},"modified":"2026-01-14T14:46:20","modified_gmt":"2026-01-14T13:46:20","slug":"da0gc3pi8d0-gombkartya-lenovo-thinkpad-l510-hez-eredeti-cserealkatresz","status":"publish","type":"product","link":"https:\/\/boreait.com\/hu\/termek\/da0gc3pi8d0-gombkartya-lenovo-thinkpad-l510-hez-eredeti-cserealkatresz\/","title":{"rendered":"DA0GC3PI8D0 gombk\u00e1rtya Lenovo ThinkPad L510-hez &#8211; Eredeti cserealkatr\u00e9sz!"},"content":{"rendered":"<p>A DA0GC3PI8D0 gombk\u00e1rtya egy hiteles cserealkatr\u00e9sz, amelyet kifejezetten a Lenovo ThinkPad L510-hez terveztek, \u00e9s biztos\u00edtja a laptop gombjainak \u00e9s kezel\u0151szerveinek z\u00f6kken\u0151mentes m\u0171k\u00f6d\u00e9s\u00e9t.<\/p>\n<p>A ThinkPad L510-be val\u00f3 z\u00f6kken\u0151mentes illeszked\u00e9sre tervezett, eredeti gombk\u00e1rtya garant\u00e1lja a k\u00fcl\u00f6nb\u00f6z\u0151 gombok megfelel\u0151 m\u0171k\u00f6d\u00e9s\u00e9t, vissza\u00e1ll\u00edtva azokat eredeti \u00e1llapotukba. Ak\u00e1r hib\u00e1s gombk\u00e1rty\u00e1t kell cser\u00e9lnie, ak\u00e1r laptopja folyamatos haszn\u00e1lhat\u00f3s\u00e1g\u00e1t szeretn\u00e9 biztos\u00edtani, ez az eredeti Lenovo alkatr\u00e9sz a m\u00e1rk\u00e1t\u00f3l elv\u00e1rt megb\u00edzhat\u00f3s\u00e1got \u00e9s teljes\u00edtm\u00e9nyt ny\u00fajtja.<\/p>\n<p>F\u0151bb jellemz\u0151k:<\/p>\n<ul>\n<li>Kompatibilis modell: Lenovo ThinkPad L510<\/li>\n<li>Eredeti Lenovo alkatr\u00e9sz: DA0GC3PI8D0<\/li>\n<li>A gomb m\u0171k\u00f6d\u00e9s\u00e9nek vissza\u00e1ll\u00edt\u00e1sa<\/li>\n<li>Egyszer\u0171 cserefolyamat<\/li>\n<\/ul>\n<p>A val\u00f3di fot\u00f3k szerepeltet\u00e9se \u00e1tl\u00e1that\u00f3s\u00e1got biztos\u00edt a v\u00e1s\u00e1rl\u00e1s sor\u00e1n, \u00edgy pontosan l\u00e1thatja, hogy mit fog kapni. Felh\u00edvjuk figyelm\u00e9t, hogy ez a lista nem tartalmazza a telep\u00edt\u00e9si utas\u00edt\u00e1sokat. Ha k\u00e9rd\u00e9se van, vagy tov\u00e1bbi inform\u00e1ci\u00f3ra van sz\u00fcks\u00e9ge, keressen bizalommal.<\/p>\n<p>Friss\u00edtse ThinkPad L510 k\u00e9sz\u00fcl\u00e9k\u00e9t az eredeti DA0GC3PI8D0 gombk\u00e1rty\u00e1val, \u00edgy biztos\u00edtva, hogy laptopja gombjai rendeltet\u00e9sszer\u0171en m\u0171k\u00f6djenek, \u00e9s olyan haszn\u00e1lhat\u00f3s\u00e1got \u00e9s k\u00e9nyelmet biztos\u00edtsanak, amelyre Lenovo k\u00e9sz\u00fcl\u00e9k\u00e9ben sz\u00e1m\u00edthat.<\/p>\n","protected":false},"excerpt":{"rendered":"<p>Fokozza Lenovo ThinkPad L510 funkcionalit\u00e1s\u00e1t a DA0GC3PI8D0 gombk\u00e1rty\u00e1val. Ez az eredeti cserealkatr\u00e9sz biztos\u00edtja a laptop gombjainak megfelel\u0151 m\u0171k\u00f6d\u00e9s\u00e9t, n\u00f6velve ezzel a k\u00e9nyelmet \u00e9s a haszn\u00e1lhat\u00f3s\u00e1got. \u00c1ll\u00edtsa vissza ThinkPad L510 eredeti kezel\u0151szerveit ezzel az autentikus gombk\u00e1rty\u00e1val, amelyet a z\u00f6kken\u0151mentes cser\u00e9re terveztek.<\/p>\n","protected":false},"featured_media":4618,"template":"","meta":[],"product_brand":[],"product_cat":[27],"product_tag":[26],"class_list":{"0":"post-4570","1":"product","2":"type-product","3":"status-publish","4":"has-post-thumbnail","6":"product_cat-motherboards-board-parts","7":"product_tag-lenovo","9":"first","10":"instock","11":"taxable","12":"shipping-taxable","13":"purchasable","14":"product-type-simple"},"_links":{"self":[{"href":"https:\/\/boreait.com\/hu\/wp-json\/wp\/v2\/product\/4570","targetHints":{"allow":["GET"]}}],"collection":[{"href":"https:\/\/boreait.com\/hu\/wp-json\/wp\/v2\/product"}],"about":[{"href":"https:\/\/boreait.com\/hu\/wp-json\/wp\/v2\/types\/product"}],"wp:featuredmedia":[{"embeddable":true,"href":"https:\/\/boreait.com\/hu\/wp-json\/wp\/v2\/media\/4618"}],"wp:attachment":[{"href":"https:\/\/boreait.com\/hu\/wp-json\/wp\/v2\/media?parent=4570"}],"wp:term":[{"taxonomy":"product_brand","embeddable":true,"href":"https:\/\/boreait.com\/hu\/wp-json\/wp\/v2\/product_brand?post=4570"},{"taxonomy":"product_cat","embeddable":true,"href":"https:\/\/boreait.com\/hu\/wp-json\/wp\/v2\/product_cat?post=4570"},{"taxonomy":"product_tag","embeddable":true,"href":"https:\/\/boreait.com\/hu\/wp-json\/wp\/v2\/product_tag?post=4570"}],"curies":[{"name":"wp","href":"https:\/\/api.w.org\/{rel}","templated":true}]}}