{"id":4568,"date":"2025-09-17T10:59:50","date_gmt":"2025-09-17T08:59:50","guid":{"rendered":"https:\/\/boreait.com\/hu\/?post_type=product&#038;p=4568"},"modified":"2026-01-14T14:45:40","modified_gmt":"2026-01-14T13:45:40","slug":"laptop-memoria-512-mb-2rx16-pc2-5300s-555-12-ram-bovites-a-jobb-teljesitmeny-erdekeben","status":"publish","type":"product","link":"https:\/\/boreait.com\/hu\/termek\/laptop-memoria-512-mb-2rx16-pc2-5300s-555-12-ram-bovites-a-jobb-teljesitmeny-erdekeben\/","title":{"rendered":"Laptop mem\u00f3ria 512 MB 2RX16 PC2-5300S-555-12 RAM b\u0151v\u00edt\u00e9s a jobb teljes\u00edtm\u00e9ny \u00e9rdek\u00e9ben!"},"content":{"rendered":"<p>N\u00f6velje laptopja teljes\u00edtm\u00e9ny\u00e9t az 512 MB 2RX16 PC2-5300S-555-12 laptopmem\u00f3ri\u00e1val. Ez a RAM-b\u0151v\u00edt\u00e9s fantasztikus megold\u00e1s laptopja k\u00e9pess\u00e9geinek b\u0151v\u00edt\u00e9s\u00e9re, gyorsabb v\u00e1laszid\u0151t \u00e9s g\u00f6rd\u00fcl\u00e9kenyebb t\u00f6bbfeladatos munk\u00e1t biztos\u00edt.<\/p>\n<p>F\u0151bb jellemz\u0151k:<\/p>\n<ul>\n<li>Mem\u00f3ria m\u00e9rete: 512 MB<\/li>\n<li>M\u0171szaki adatok: 2RX16 PC2-5300S-555-12<\/li>\n<li>T\u00edpus: Laptop mem\u00f3ria<\/li>\n<\/ul>\n<p>512 MB kapacit\u00e1s\u00e1val \u00e9s PC2-5300S-555-12 specifik\u00e1ci\u00f3ival ez a mem\u00f3riamodul jelent\u0151s teljes\u00edtm\u00e9nyn\u00f6veked\u00e9st biztos\u00edt. N\u00f6velje laptopja hat\u00e9konys\u00e1g\u00e1t, lehet\u0151v\u00e9 t\u00e9ve az alkalmaz\u00e1sok gyorsabb el\u00e9r\u00e9s\u00e9t \u00e9s a jobb t\u00f6bbfeladatos munkav\u00e9gz\u00e9st.<\/p>\n<p>K\u00e9rj\u00fck, vegye figyelembe, hogy ez a lista val\u00f3di f\u00e9nyk\u00e9peket tartalmaz az 512 MB 2RX16 PC2-5300S-555-12 laptop mem\u00f3ri\u00e1r\u00f3l. Nincsenek telep\u00edt\u00e9si utas\u00edt\u00e1sok. Ha b\u00e1rmilyen k\u00e9rd\u00e9se van, vagy tov\u00e1bbi inform\u00e1ci\u00f3ra van sz\u00fcks\u00e9ge, k\u00e9rj\u00fck, ne habozzon kapcsolatba l\u00e9pni vel\u00fcnk. B\u0151v\u00edtse laptopja k\u00e9pess\u00e9geit ezzel a kiv\u00e1l\u00f3 min\u0151s\u00e9g\u0171 mem\u00f3riamodullal, \u00e9s tapasztalja meg a nagyobb teljes\u00edtm\u00e9nyt.<\/p>\n","protected":false},"excerpt":{"rendered":"<p>Fokozza laptopja k\u00e9pess\u00e9geit ezzel az 512 MB 2RX16 PC2-5300S-555-12 laptop mem\u00f3ri\u00e1val. Ez a RAM-b\u0151v\u00edt\u00e9s c\u00e9lja, hogy n\u00f6velje laptopja teljes\u00edtm\u00e9ny\u00e9t, sim\u00e1bb t\u00f6bbfeladatos munkav\u00e9gz\u00e9st \u00e9s gyorsabb v\u00e1laszid\u0151t k\u00edn\u00e1lva. 512 MB kapacit\u00e1s\u00e1val \u00e9s PC2-5300S-555-12 specifik\u00e1ci\u00f3ival ez a mem\u00f3riamodul kiv\u00e1l\u00f3 v\u00e1laszt\u00e1s laptopja sebess\u00e9g\u00e9nek \u00e9s hat\u00e9konys\u00e1g\u00e1nak n\u00f6vel\u00e9s\u00e9re.<\/p>\n","protected":false},"featured_media":4616,"template":"","meta":[],"product_brand":[],"product_cat":[41,36],"product_tag":[],"class_list":{"0":"post-4568","1":"product","2":"type-product","3":"status-publish","4":"has-post-thumbnail","6":"product_cat-ddr2","7":"product_cat-ram-memory","9":"first","10":"instock","11":"taxable","12":"shipping-taxable","13":"purchasable","14":"product-type-simple"},"_links":{"self":[{"href":"https:\/\/boreait.com\/hu\/wp-json\/wp\/v2\/product\/4568","targetHints":{"allow":["GET"]}}],"collection":[{"href":"https:\/\/boreait.com\/hu\/wp-json\/wp\/v2\/product"}],"about":[{"href":"https:\/\/boreait.com\/hu\/wp-json\/wp\/v2\/types\/product"}],"wp:featuredmedia":[{"embeddable":true,"href":"https:\/\/boreait.com\/hu\/wp-json\/wp\/v2\/media\/4616"}],"wp:attachment":[{"href":"https:\/\/boreait.com\/hu\/wp-json\/wp\/v2\/media?parent=4568"}],"wp:term":[{"taxonomy":"product_brand","embeddable":true,"href":"https:\/\/boreait.com\/hu\/wp-json\/wp\/v2\/product_brand?post=4568"},{"taxonomy":"product_cat","embeddable":true,"href":"https:\/\/boreait.com\/hu\/wp-json\/wp\/v2\/product_cat?post=4568"},{"taxonomy":"product_tag","embeddable":true,"href":"https:\/\/boreait.com\/hu\/wp-json\/wp\/v2\/product_tag?post=4568"}],"curies":[{"name":"wp","href":"https:\/\/api.w.org\/{rel}","templated":true}]}}