{"id":4566,"date":"2025-09-17T10:59:50","date_gmt":"2025-09-17T08:59:50","guid":{"rendered":"https:\/\/boreait.com\/hu\/?post_type=product&#038;p=4566"},"modified":"2026-01-14T14:43:35","modified_gmt":"2026-01-14T13:43:35","slug":"adata-1-gb-1rx8-pc2-6400s-laptop-ram-memoria-novelje-a-notebook-teljesitmenyet","status":"publish","type":"product","link":"https:\/\/boreait.com\/hu\/termek\/adata-1-gb-1rx8-pc2-6400s-laptop-ram-memoria-novelje-a-notebook-teljesitmenyet\/","title":{"rendered":"ADATA 1 GB 1RX8 PC2-6400S laptop RAM mem\u00f3ria \u2013 N\u00f6velje a notebook teljes\u00edtm\u00e9ny\u00e9t!"},"content":{"rendered":"<p>B\u0151v\u00edtse notebookja vagy laptopja mem\u00f3ri\u00e1j\u00e1t az ADATA 1 GB 1RX8 PC2-6400S-555-12 (ADOVE1A0834E) RAM modullal, amelyet kifejezetten a jobb teljes\u00edtm\u00e9nyre \u00e9s t\u00f6bbfeladatos munkav\u00e9gz\u00e9sre terveztek.<\/p>\n<p>F\u0151bb jellemz\u0151k:<\/p>\n<ul>\n<li>Kapacit\u00e1s: 1 GB<\/li>\n<li>T\u00edpus: DDR2<\/li>\n<li>Sebess\u00e9g: PC2-6400 (800 MHz)<\/li>\n<li>Kompatibilit\u00e1s: Laptop\/Notebook<\/li>\n<\/ul>\n<p>Ez a mem\u00f3riamodul optim\u00e1lis v\u00e1laszt\u00e1s azoknak a felhaszn\u00e1l\u00f3knak, akik a rendszer fokozott v\u00e1laszk\u00e9szs\u00e9g\u00e9re \u00e9s a t\u00f6bbfeladatos munkav\u00e9gz\u00e9sre v\u00e1gynak. N\u00f6velje laptopja k\u00e9pess\u00e9geit, hogy t\u00f6bb feladatot tudjon egyszerre kezelni lassul\u00e1s n\u00e9lk\u00fcl.<\/p>\n<p>K\u00e9rj\u00fck, vegye figyelembe, hogy ez a lista hiteles f\u00e9nyk\u00e9peket tartalmaz az ADATA 1 GB 1RX8 PC2-6400S-555-12 RAM-r\u00f3l laptopokhoz. Nincsenek telep\u00edt\u00e9si utas\u00edt\u00e1sok. Ha tov\u00e1bbi seg\u00edts\u00e9gre van sz\u00fcks\u00e9ge, vagy k\u00e9rd\u00e9se van, forduljon hozz\u00e1nk bizalommal. B\u0151v\u00edtse laptopja mem\u00f3ri\u00e1j\u00e1t ezzel a megb\u00edzhat\u00f3 ADATA RAM-mal, \u00e9s tapasztalja meg a rendszer m\u0171k\u00f6d\u00e9s\u00e9nek \u00e9rezhet\u0151 teljes\u00edtm\u00e9nyn\u00f6veked\u00e9s\u00e9t.<\/p>\n","protected":false},"excerpt":{"rendered":"<p>N\u00f6velje laptopja sebess\u00e9g\u00e9t \u00e9s teljes\u00edtm\u00e9ny\u00e9t az ADATA 1 GB 1RX8 PC2-6400S-555-12 RAM seg\u00edts\u00e9g\u00e9vel. Ezt a kiv\u00e1l\u00f3 min\u0151s\u00e9g\u0171 mem\u00f3riamodult kifejezetten notebookokhoz \u00e9s laptopokhoz tervezt\u00e9k. Az 1 GB mem\u00f3ri\u00e1val ez egy megb\u00edzhat\u00f3 friss\u00edt\u00e9s a rendszer t\u00f6bbfeladatos k\u00e9pess\u00e9geinek jav\u00edt\u00e1s\u00e1hoz. \u00c9lvezze a g\u00f6rd\u00fcl\u00e9kenyebb m\u0171veleteket \u00e9s a gyorsabb v\u00e1laszid\u0151t az ADATA megb\u00edzhat\u00f3 RAM modulj\u00e1val.<\/p>\n","protected":false},"featured_media":4613,"template":"","meta":[],"product_brand":[],"product_cat":[36],"product_tag":[],"class_list":{"0":"post-4566","1":"product","2":"type-product","3":"status-publish","4":"has-post-thumbnail","6":"product_cat-ram-memory","8":"first","9":"instock","10":"taxable","11":"shipping-taxable","12":"purchasable","13":"product-type-simple"},"_links":{"self":[{"href":"https:\/\/boreait.com\/hu\/wp-json\/wp\/v2\/product\/4566","targetHints":{"allow":["GET"]}}],"collection":[{"href":"https:\/\/boreait.com\/hu\/wp-json\/wp\/v2\/product"}],"about":[{"href":"https:\/\/boreait.com\/hu\/wp-json\/wp\/v2\/types\/product"}],"wp:featuredmedia":[{"embeddable":true,"href":"https:\/\/boreait.com\/hu\/wp-json\/wp\/v2\/media\/4613"}],"wp:attachment":[{"href":"https:\/\/boreait.com\/hu\/wp-json\/wp\/v2\/media?parent=4566"}],"wp:term":[{"taxonomy":"product_brand","embeddable":true,"href":"https:\/\/boreait.com\/hu\/wp-json\/wp\/v2\/product_brand?post=4566"},{"taxonomy":"product_cat","embeddable":true,"href":"https:\/\/boreait.com\/hu\/wp-json\/wp\/v2\/product_cat?post=4566"},{"taxonomy":"product_tag","embeddable":true,"href":"https:\/\/boreait.com\/hu\/wp-json\/wp\/v2\/product_tag?post=4566"}],"curies":[{"name":"wp","href":"https:\/\/api.w.org\/{rel}","templated":true}]}}