{"id":4565,"date":"2025-09-17T10:59:50","date_gmt":"2025-09-17T08:59:50","guid":{"rendered":"https:\/\/boreait.com\/hu\/?post_type=product&#038;p=4565"},"modified":"2026-02-25T16:08:15","modified_gmt":"2026-02-25T15:08:15","slug":"uj-azerty-francia-hattervilagitasu-billentyuzet-a-dell-e5550-e5570-e5580-precision-15-17-7000-keszulekhez-keret-nelkul","status":"publish","type":"product","link":"https:\/\/boreait.com\/hu\/termek\/uj-azerty-francia-hattervilagitasu-billentyuzet-a-dell-e5550-e5570-e5580-precision-15-17-7000-keszulekhez-keret-nelkul\/","title":{"rendered":"\u00daj AZERTY francia h\u00e1tt\u00e9rvil\u00e1g\u00edt\u00e1s\u00fa billenty\u0171zet a Dell E5550 E5570 E5580 Precision 15 17 7000 k\u00e9sz\u00fcl\u00e9khez \u2013 keret n\u00e9lk\u00fcl"},"content":{"rendered":"<p>Fejlessze Dell Latitude E5550, E5570, E5580 \u00e9s Precision 15 17 7000 sorozat\u00fa laptopjait ezzel a vadonat\u00faj AZERTY francia h\u00e1tt\u00e9rvil\u00e1g\u00edt\u00e1s\u00fa billenty\u0171zettel. Ez a billenty\u0171zet t\u00f6bb cikksz\u00e1mmal \u00e9s modellel kompatibilis, sokoldal\u00fa kompatibilit\u00e1st k\u00edn\u00e1lva. Keret n\u00e9lk\u00fcli kialak\u00edt\u00e1ssal rendelkezik, \u00e9s teljes\u00edtm\u00e9nye olyan megb\u00edzhat\u00f3, mint a list\u00e1s fot\u00f3n.<\/p>\n<p><strong>Kompatibilis cikksz\u00e1mok:<\/strong><\/p>\n<ul>\n<li>01XN1N<\/li>\n<li>NSK-LL0BC 0W<\/li>\n<li>PK1313M1B19<\/li>\n<li>SN7232BL<\/li>\n<li>0N7CXW<\/li>\n<li>PK1313M3A00<\/li>\n<li>MP-13P33US6698<\/li>\n<li>0383D7<\/li>\n<li>PK1313M1B00<\/li>\n<li>MP-13P53USJ698<\/li>\n<\/ul>\n<p><strong>Kompatibilis laptopmodellek:<\/strong><\/p>\n<ul>\n<li>Dell Latitude E5550 laptophoz<\/li>\n<li>Dell Latitude E5570 laptophoz<\/li>\n<li>Dell Latitude 5550 laptophoz<\/li>\n<li>Dell Latitude 5580 laptophoz<\/li>\n<li>Dell Latitude 5590 laptophoz<\/li>\n<li>Dell Latitude 5591 laptophoz<\/li>\n<li>Dell Precision 3510 laptophoz<\/li>\n<li>Dell Precision 3520 laptophoz<\/li>\n<li>Dell Precision 7510 laptophoz<\/li>\n<li>Dell Precision 7520 laptophoz<\/li>\n<li>Dell Precision 7710 laptophoz<\/li>\n<li>Dell Precision 7720 laptophoz<\/li>\n<\/ul>\n<p><strong>F\u0151bb jellemz\u0151k:<\/strong><\/p>\n<ul>\n<li><strong>Kompatibilit\u00e1s:<\/strong> Ez a billenty\u0171zet kompatibilis a k\u00fcl\u00f6nb\u00f6z\u0151 Dell Latitude \u00e9s Precision laptopmodellekkel, \u00edgy sokoldal\u00fas\u00e1got biztos\u00edt.<\/li>\n<li><strong>AZERTY francia elrendez\u00e9s:<\/strong> Az AZERTY francia elrendez\u00e9s\u00e9vel ez a billenty\u0171zet t\u00f6k\u00e9letes a franci\u00e1ul besz\u00e9l\u0151 felhaszn\u00e1l\u00f3k sz\u00e1m\u00e1ra, de teljesen kompatibilis m\u00e1s elrendez\u00e9sekkel \u00e9s orsz\u00e1gokkal is.<\/li>\n<li><strong>H\u00e1tt\u00e9rvil\u00e1g\u00edt\u00e1s\u00fa kialak\u00edt\u00e1s:<\/strong> Ez a billenty\u0171zet h\u00e1tt\u00e9rvil\u00e1g\u00edt\u00e1ssal rendelkezik, ahogy az a list\u00e1r\u00f3l k\u00e9sz\u00fclt fot\u00f3n is l\u00e1that\u00f3, \u00edgy gyenge megvil\u00e1g\u00edt\u00e1s\u00fa k\u00f6rnyezetben is g\u00e9pelhet.<\/li>\n<li><strong>Nincs keret:<\/strong> A billenty\u0171zet keret n\u00e9lk\u00fcl \u00e9rkezik, ahogy az a list\u00e1n szerepl\u0151 fot\u00f3n is l\u00e1that\u00f3, \u00edgy tiszta \u00e9s kompakt kialak\u00edt\u00e1st biztos\u00edt.<\/li>\n<li><strong>vadonat\u00faj:<\/strong> ez a billenty\u0171zet vadonat\u00faj, \u00e9s az \u00faj billenty\u0171zett\u0151l elv\u00e1rt min\u0151s\u00e9get \u00e9s teljes\u00edtm\u00e9nyt ny\u00fajtja.<\/li>\n<li><strong>Egyszer\u0171 telep\u00edt\u00e9s:<\/strong> A laptop billenty\u0171zet\u00e9nek cser\u00e9je egyszer\u0171, \u00e9s nem ig\u00e9nyel halad\u00f3 m\u0171szaki ismereteket. K\u00e9r\u00e9sre r\u00e9szletes \u00fatmutat\u00e1st adunk.<\/li>\n<\/ul>\n<p>Emelje fel Dell Latitude \u00e9s Precision laptopj\u00e1t ezzel a sokoldal\u00fa, \u00faj AZERTY francia h\u00e1tt\u00e9rvil\u00e1g\u00edt\u00e1s\u00fa billenty\u0171zettel, amely t\u00f6bb cikksz\u00e1mmal \u00e9s modellel kompatibilis. \u00c9lvezze a keret n\u00e9lk\u00fcli kialak\u00edt\u00e1st, a megb\u00edzhat\u00f3 teljes\u00edtm\u00e9nyt \u00e9s az egyszer\u0171 telep\u00edt\u00e9st.<\/p>\n<p>Ha tov\u00e1bbi term\u00e9kei vannak list\u00e1zni, vagy tov\u00e1bbi inform\u00e1ci\u00f3ra van sz\u00fcks\u00e9ge, k\u00e9rj\u00fck, jelezze, \u00e9s a tov\u00e1bbiakban is seg\u00edtek.<\/p>\n","protected":false},"excerpt":{"rendered":"<p>Emelje fel Dell Latitude \u00e9s Precision laptopj\u00e1t ezzel az \u00faj, h\u00e1tt\u00e9rvil\u00e1g\u00edt\u00e1s\u00fa francia AZERTY billenty\u0171zettel. T\u00f6bb cikksz\u00e1mmal \u00e9s modellel kompatibilis, keret n\u00e9lk\u00fcli kialak\u00edt\u00e1ssal. Megb\u00edzhat\u00f3 teljes\u00edtm\u00e9ny \u00e9s egyszer\u0171 telep\u00edt\u00e9s.<\/p>\n","protected":false},"featured_media":4610,"template":"","meta":[],"product_brand":[],"product_cat":[35],"product_tag":[17],"class_list":{"0":"post-4565","1":"product","2":"type-product","3":"status-publish","4":"has-post-thumbnail","6":"product_cat-laptop-keyboard","7":"product_tag-dell","9":"first","10":"instock","11":"taxable","12":"shipping-taxable","13":"purchasable","14":"product-type-simple"},"_links":{"self":[{"href":"https:\/\/boreait.com\/hu\/wp-json\/wp\/v2\/product\/4565","targetHints":{"allow":["GET"]}}],"collection":[{"href":"https:\/\/boreait.com\/hu\/wp-json\/wp\/v2\/product"}],"about":[{"href":"https:\/\/boreait.com\/hu\/wp-json\/wp\/v2\/types\/product"}],"wp:featuredmedia":[{"embeddable":true,"href":"https:\/\/boreait.com\/hu\/wp-json\/wp\/v2\/media\/4610"}],"wp:attachment":[{"href":"https:\/\/boreait.com\/hu\/wp-json\/wp\/v2\/media?parent=4565"}],"wp:term":[{"taxonomy":"product_brand","embeddable":true,"href":"https:\/\/boreait.com\/hu\/wp-json\/wp\/v2\/product_brand?post=4565"},{"taxonomy":"product_cat","embeddable":true,"href":"https:\/\/boreait.com\/hu\/wp-json\/wp\/v2\/product_cat?post=4565"},{"taxonomy":"product_tag","embeddable":true,"href":"https:\/\/boreait.com\/hu\/wp-json\/wp\/v2\/product_tag?post=4565"}],"curies":[{"name":"wp","href":"https:\/\/api.w.org\/{rel}","templated":true}]}}